{"id":731912,"date":"2025-08-27T21:40:39","date_gmt":"2025-08-27T18:40:39","guid":{"rendered":"https:\/\/roveyayinevi.com.tr\/index.php\/urun\/dijital-cagda-islam-dunyasi\/"},"modified":"2026-04-16T02:39:51","modified_gmt":"2026-04-15T23:39:51","slug":"dijital-cagda-islam-dunyasi","status":"publish","type":"product","link":"https:\/\/roveyayinevi.com.tr\/index.php\/urun\/dijital-cagda-islam-dunyasi\/","title":{"rendered":"Dijital \u00c7a\u011fda \u0130slam D\u00fcnyas\u0131"},"content":{"rendered":"<p>\u0130\u00e7indekiler Ge\u00e7mi\u015ften G\u00fcn\u00fcm\u00fcze Ortado\u011fu\u2019da ABD: Benimsenen Stratejiye Dair Bir De\u011ferlendirme   M\u00fcsl\u00fcman \u00dclkelerde Siyasal Rejimler ve Demokrasi Sorunsal\u0131   \u0130slam ve Demokrasi   \u0130slam ve Uluslararas\u0131 \u0130li\u015fkiler   Arap Bahar\u0131nda Dijital Medyan\u0131n Rol\u00fc ve \u00d6nemi \u00dczerine Bir De\u011ferlendirme   \u0130slam D\u00fcnyas\u0131nda \u0130stikrars\u0131zl\u0131\u011f\u0131n ve Kaosun Kronikle\u015fmi\u015f \u00d6rne\u011fi: Irak   K\u00fcresel Ekonomi-Politik Sistemde \u0130slam   \u0130slam D\u00fcnyas\u0131nda \u0130nternet Kullan\u0131m\u0131n\u0131n Gen\u00e7ler \u00dczerindeki Etkisi: Kuveyt \u00d6rne\u011fi   Demokratikle\u015fme ve Ekonomik B\u00fcy\u00fcme: D-8 \u00dclkeleri \u00dczerine Bir Uygulama   Covid-19 Sonras\u0131 Derinle\u015fen Finansal K\u0131r\u0131lganl\u0131klara \u0130slami Finans \u00c7\u00f6z\u00fcm \u00dcretebilir Mi? <\/p>\n","protected":false},"excerpt":{"rendered":"<p>\u0130\u00e7indekiler Ge\u00e7mi\u015ften G\u00fcn\u00fcm\u00fcze Ortado\u011fu\u2019da ABD: Benimsenen Stratejiye Dair Bir De\u011ferlendirme M\u00fcsl\u00fcman \u00dclkelerde Siyasal Rejimler ve Demokrasi Sorunsal\u0131 \u0130slam ve Demokrasi \u0130slam ve Uluslararas\u0131 \u0130li\u015fkiler Arap Bahar\u0131nda<span class=\"excerpt-hellip\"> [\u2026]<\/span><\/p>\n","protected":false},"featured_media":0,"template":"","meta":{"_monsterinsights_skip_tracking":false,"_monsterinsights_sitenote_active":false,"_monsterinsights_sitenote_note":"","_monsterinsights_sitenote_category":0},"product_brand":[],"product_cat":[12337,17225],"product_tag":[],"class_list":{"0":"post-731912","1":"product","2":"type-product","3":"status-publish","5":"product_cat-politika-siyaset","6":"product_cat-uluslararasi-iliskiler","7":"pa_cilt-ciltsiz","8":"pa_tur-kitap","9":"pa_yayinevi-gazi-kitabevi","10":"pa_yazar-gazi-kitabevi-kolektif","12":"first","13":"instock","14":"sale","15":"shipping-taxable","16":"purchasable","17":"product-type-simple"},"_links":{"self":[{"href":"https:\/\/roveyayinevi.com.tr\/index.php\/wp-json\/wp\/v2\/product\/731912","targetHints":{"allow":["GET"]}}],"collection":[{"href":"https:\/\/roveyayinevi.com.tr\/index.php\/wp-json\/wp\/v2\/product"}],"about":[{"href":"https:\/\/roveyayinevi.com.tr\/index.php\/wp-json\/wp\/v2\/types\/product"}],"wp:attachment":[{"href":"https:\/\/roveyayinevi.com.tr\/index.php\/wp-json\/wp\/v2\/media?parent=731912"}],"wp:term":[{"taxonomy":"product_brand","embeddable":true,"href":"https:\/\/roveyayinevi.com.tr\/index.php\/wp-json\/wp\/v2\/product_brand?post=731912"},{"taxonomy":"product_cat","embeddable":true,"href":"https:\/\/roveyayinevi.com.tr\/index.php\/wp-json\/wp\/v2\/product_cat?post=731912"},{"taxonomy":"product_tag","embeddable":true,"href":"https:\/\/roveyayinevi.com.tr\/index.php\/wp-json\/wp\/v2\/product_tag?post=731912"}],"curies":[{"name":"wp","href":"https:\/\/api.w.org\/{rel}","templated":true}]}}