{"id":731911,"date":"2025-08-27T21:40:38","date_gmt":"2025-08-27T18:40:38","guid":{"rendered":"https:\/\/roveyayinevi.com.tr\/index.php\/urun\/nefret-mektuplari\/"},"modified":"2026-04-16T02:39:51","modified_gmt":"2026-04-15T23:39:51","slug":"nefret-mektuplari","status":"publish","type":"product","link":"https:\/\/roveyayinevi.com.tr\/index.php\/urun\/nefret-mektuplari\/","title":{"rendered":"Nefret Mektuplar\u0131"},"content":{"rendered":"<p>Her \u015fey mavi bir k\u00e2\u011f\u0131da yaz\u0131lm\u0131\u015f gizemli bir mektupla ba\u015flar\u2026 Charlotte Darling y\u0131k\u0131lan hayalleri ve umutlar\u0131yla birlikte daha kutusundan bile \u00e7\u0131karmad\u0131\u011f\u0131 gelinli\u011fini satmak i\u00e7in bir ikinci el ma\u011fazas\u0131na geldi\u011finde kaderinin de\u011fi\u015fmek \u00fczere oldu\u011funun fark\u0131nda de\u011fildir. Ma\u011fazada eski bir gelinlik dikkatini \u00e7eker. Gelinli\u011fin etek k\u0131sm\u0131na bir a\u015fk mektubu ili\u015ftirilmi\u015ftir\u2026 \u201cHayallerimi ger\u00e7ekle\u015ftirdi\u011fin i\u00e7in te\u015fekk\u00fcr ederim\u2026\u201d Charlotte bu hik\u00e2yenin nas\u0131l burada sonland\u0131\u011f\u0131n\u0131 merak ederek bu mektubun pe\u015fine d\u00fc\u015fmeye karar verir. Charlotte, buna cesaret etmezse bu duygu y\u00fckl\u00fc mektubun yazar\u0131n\u0131n terk edilmi\u015f, kibirli, \u015f\u00fcpheci ve h\u00fckmetmeyi seven bir adama ait oldu\u011funu \u00f6\u011frenemeyecektir. Ama kader onlar\u0131 bir araya getirir ve kaderin onlar i\u00e7in gizli planlar\u0131 vard\u0131r. Dahas\u0131, aralar\u0131nda ba\u015flayacak bu yeni hik\u00e2ye birbirlerinin yaralar\u0131n\u0131 sarmaya yetecek midir? &#8220;Bu tatl\u0131, e\u011flenceli hik\u00e2yede yazarlar\u0131m\u0131z Keeland ve Ward, kalemlerini konu\u015fturmu\u015flar. Kesinlikle romantik bir hik\u00e2ye.&#8221; \u2014Publishers Weekly &#8220;Nefret Mektuplar\u0131 e\u011flenceli, duygusal ve ate\u015fli bir roman.&#8221; \u2014Harlequin Junkie &#8220;Okunmas\u0131 gereken bir hik\u00e2ye\u2026 Nefret Mektuplar\u0131\u2019n\u0131n ilgi \u00e7ekici, e\u011flenceli ve ciddi derecede seksi bir a\u015fk hik\u00e2yesi bar\u0131nd\u0131raca\u011f\u0131n\u0131 biliyordum ve \u00f6yle de oldu. Beklemedi\u011fim \u015fey, her anlamda beni harekete ge\u00e7iren ve duygusal anlamda i\u00e7ime i\u015fleyen hik\u00e2yeydi.&#8221; \u2014USA Today&#8217;s Happy Ever After<\/p>\n","protected":false},"excerpt":{"rendered":"<p>Her \u015fey mavi bir k\u00e2\u011f\u0131da yaz\u0131lm\u0131\u015f gizemli bir mektupla ba\u015flar\u2026 Charlotte Darling y\u0131k\u0131lan hayalleri ve umutlar\u0131yla birlikte daha kutusundan bile \u00e7\u0131karmad\u0131\u011f\u0131 gelinli\u011fini satmak i\u00e7in bir ikinci<span class=\"excerpt-hellip\"> [\u2026]<\/span><\/p>\n","protected":false},"featured_media":0,"template":"","meta":{"_monsterinsights_skip_tracking":false,"_monsterinsights_sitenote_active":false,"_monsterinsights_sitenote_note":"","_monsterinsights_sitenote_category":0},"product_brand":[],"product_cat":[12291,12711],"product_tag":[],"class_list":{"0":"post-731911","1":"product","2":"type-product","3":"status-publish","5":"product_cat-edebiyat","6":"product_cat-roman-oyku","7":"pa_cilt-ciltsiz","8":"pa_tur-kitap","9":"pa_yayinevi-epsilon-yayinlari","10":"pa_yazar-vi-keeland-penelope-ward","12":"first","13":"instock","14":"sale","15":"shipping-taxable","16":"purchasable","17":"product-type-simple"},"_links":{"self":[{"href":"https:\/\/roveyayinevi.com.tr\/index.php\/wp-json\/wp\/v2\/product\/731911","targetHints":{"allow":["GET"]}}],"collection":[{"href":"https:\/\/roveyayinevi.com.tr\/index.php\/wp-json\/wp\/v2\/product"}],"about":[{"href":"https:\/\/roveyayinevi.com.tr\/index.php\/wp-json\/wp\/v2\/types\/product"}],"wp:attachment":[{"href":"https:\/\/roveyayinevi.com.tr\/index.php\/wp-json\/wp\/v2\/media?parent=731911"}],"wp:term":[{"taxonomy":"product_brand","embeddable":true,"href":"https:\/\/roveyayinevi.com.tr\/index.php\/wp-json\/wp\/v2\/product_brand?post=731911"},{"taxonomy":"product_cat","embeddable":true,"href":"https:\/\/roveyayinevi.com.tr\/index.php\/wp-json\/wp\/v2\/product_cat?post=731911"},{"taxonomy":"product_tag","embeddable":true,"href":"https:\/\/roveyayinevi.com.tr\/index.php\/wp-json\/wp\/v2\/product_tag?post=731911"}],"curies":[{"name":"wp","href":"https:\/\/api.w.org\/{rel}","templated":true}]}}