{"id":731910,"date":"2025-08-27T21:40:37","date_gmt":"2025-08-27T18:40:37","guid":{"rendered":"https:\/\/roveyayinevi.com.tr\/index.php\/urun\/annelik-yolculugunda-beslenme\/"},"modified":"2026-04-16T02:39:51","modified_gmt":"2026-04-15T23:39:51","slug":"annelik-yolculugunda-beslenme","status":"publish","type":"product","link":"https:\/\/roveyayinevi.com.tr\/index.php\/urun\/annelik-yolculugunda-beslenme\/","title":{"rendered":"Annelik Yolculu\u011funda Beslenme"},"content":{"rendered":"<p>Hamilelikte yemeniz ve yememeniz gerekenler, bebe\u011finizin sa\u011fl\u0131kla b\u00fcy\u00fcmesi i\u00e7in atman\u0131z gereken ad\u0131mlar ve sa\u011fl\u0131kl\u0131 beslenmeyi ya\u015fam bi\u00e7imi haline getirmek i\u00e7in bilmeniz gereken t\u00fcm ipu\u00e7lar\u0131&#8230;   Hamile oldu\u011funuzu \u00f6\u011frendiniz ve heyecanla bebe\u011finizi bekliyorsunuz. Peki \u015fimdi ne olacak? Kendinizi ve bebe\u011finizi sa\u011fl\u0131kl\u0131 tutmak i\u00e7in nas\u0131l beslenmelisiniz? \u0130deal hamilelik kilosunda olabilmek i\u00e7in neler yapmal\u0131s\u0131n\u0131z? Do\u011fum sonras\u0131nda sizi ne bekliyor?   Hamilelikte beslenme ile ilgili akl\u0131n\u0131zdaki sorular\u0131n cevab\u0131n\u0131 ayr\u0131nt\u0131s\u0131yla bulabilece\u011finiz Annelik Yolculu\u011funda Beslenme, kendinizin ve bebe\u011finizin sa\u011fl\u0131\u011f\u0131na \u00f6zen g\u00f6stermek i\u00e7in ihtiya\u00e7 duyaca\u011f\u0131n\u0131z t\u00fcm yollar\u0131 anlat\u0131yor. M\u00fcge \u00d6zyurt hem uzman diyetisyen hem de bir anne olarak bu unutulmaz d\u00f6nemde size e\u015flik ediyor. <\/p>\n","protected":false},"excerpt":{"rendered":"<p>Hamilelikte yemeniz ve yememeniz gerekenler, bebe\u011finizin sa\u011fl\u0131kla b\u00fcy\u00fcmesi i\u00e7in atman\u0131z gereken ad\u0131mlar ve sa\u011fl\u0131kl\u0131 beslenmeyi ya\u015fam bi\u00e7imi haline getirmek i\u00e7in bilmeniz gereken t\u00fcm ipu\u00e7lar\u0131&#8230; Hamile oldu\u011funuzu<span class=\"excerpt-hellip\"> [\u2026]<\/span><\/p>\n","protected":false},"featured_media":0,"template":"","meta":{"_monsterinsights_skip_tracking":false,"_monsterinsights_sitenote_active":false,"_monsterinsights_sitenote_note":"","_monsterinsights_sitenote_category":0},"product_brand":[],"product_cat":[13402,13365],"product_tag":[],"class_list":{"0":"post-731910","1":"product","2":"type-product","3":"status-publish","5":"product_cat-beslenme-ve-diyet","6":"product_cat-saglik","7":"pa_cilt-ciltsiz","8":"pa_tur-kitap","9":"pa_yayinevi-artemis-yayinlari","10":"pa_yazar-muge-ozyurt-safak","12":"first","13":"instock","14":"sale","15":"shipping-taxable","16":"purchasable","17":"product-type-simple"},"_links":{"self":[{"href":"https:\/\/roveyayinevi.com.tr\/index.php\/wp-json\/wp\/v2\/product\/731910","targetHints":{"allow":["GET"]}}],"collection":[{"href":"https:\/\/roveyayinevi.com.tr\/index.php\/wp-json\/wp\/v2\/product"}],"about":[{"href":"https:\/\/roveyayinevi.com.tr\/index.php\/wp-json\/wp\/v2\/types\/product"}],"wp:attachment":[{"href":"https:\/\/roveyayinevi.com.tr\/index.php\/wp-json\/wp\/v2\/media?parent=731910"}],"wp:term":[{"taxonomy":"product_brand","embeddable":true,"href":"https:\/\/roveyayinevi.com.tr\/index.php\/wp-json\/wp\/v2\/product_brand?post=731910"},{"taxonomy":"product_cat","embeddable":true,"href":"https:\/\/roveyayinevi.com.tr\/index.php\/wp-json\/wp\/v2\/product_cat?post=731910"},{"taxonomy":"product_tag","embeddable":true,"href":"https:\/\/roveyayinevi.com.tr\/index.php\/wp-json\/wp\/v2\/product_tag?post=731910"}],"curies":[{"name":"wp","href":"https:\/\/api.w.org\/{rel}","templated":true}]}}