{"id":731909,"date":"2025-08-27T21:40:36","date_gmt":"2025-08-27T18:40:36","guid":{"rendered":"https:\/\/roveyayinevi.com.tr\/index.php\/urun\/merhaba-su\/"},"modified":"2026-04-16T02:39:51","modified_gmt":"2026-04-15T23:39:51","slug":"merhaba-su","status":"publish","type":"product","link":"https:\/\/roveyayinevi.com.tr\/index.php\/urun\/merhaba-su\/","title":{"rendered":"Merhaba Su!"},"content":{"rendered":"<p>Merhaba su! Seni tan\u0131yorum! Sen her yerdesin.   K\u00fc\u00e7\u00fck bir k\u0131z \u00e7ocu\u011fuyla birlikte suyun d\u00fcnyam\u0131zdaki yerini ve \u00f6nemini ke\u015ffedin. Her zaman ayn\u0131 g\u00f6r\u00fcnmeyen, ayn\u0131 hissettirmeyen ve \u00e7ok farkl\u0131 \u015fekillerde kar\u015f\u0131m\u0131za \u00e7\u0131kabilen suyla tan\u0131\u015fmaya ne dersiniz? Su kimi zaman bir buz pisti, kimi zaman bir g\u00f6zya\u015f\u0131, kimi zamansa evlerimizi gizleyen bir \u00f6rt\u00fc olabiliyor!   \u00d6d\u00fcll\u00fc yazar Antoinette Portis\u2019in yaz\u0131p resimledi\u011fi bu kitap sayesinde, k\u00fc\u00e7\u00fck okurlar suyun evlerimizde, do\u011fada, g\u00f6ky\u00fcz\u00fcnde, hatta v\u00fccudumuzda oldu\u011funu \u00f6\u011frenirken onun farkl\u0131 hallerini de yak\u0131ndan tan\u0131yacaklar! <\/p>\n","protected":false},"excerpt":{"rendered":"<p>Merhaba su! Seni tan\u0131yorum! Sen her yerdesin. K\u00fc\u00e7\u00fck bir k\u0131z \u00e7ocu\u011fuyla birlikte suyun d\u00fcnyam\u0131zdaki yerini ve \u00f6nemini ke\u015ffedin. Her zaman ayn\u0131 g\u00f6r\u00fcnmeyen, ayn\u0131 hissettirmeyen ve \u00e7ok<span class=\"excerpt-hellip\"> [\u2026]<\/span><\/p>\n","protected":false},"featured_media":0,"template":"","meta":{"_monsterinsights_skip_tracking":false,"_monsterinsights_sitenote_active":false,"_monsterinsights_sitenote_note":"","_monsterinsights_sitenote_category":0},"product_brand":[],"product_cat":[12275,12274],"product_tag":[],"class_list":{"0":"post-731909","1":"product","2":"type-product","3":"status-publish","5":"product_cat-6-12-yas-kitaplari","6":"product_cat-cocuk-ve-genclik-kitaplari","7":"pa_cilt-ciltsiz","8":"pa_tur-kitap","9":"pa_yayinevi-ithaki-yayinlari","10":"pa_yazar-antoinette-portis","12":"first","13":"instock","14":"sale","15":"shipping-taxable","16":"purchasable","17":"product-type-simple"},"_links":{"self":[{"href":"https:\/\/roveyayinevi.com.tr\/index.php\/wp-json\/wp\/v2\/product\/731909","targetHints":{"allow":["GET"]}}],"collection":[{"href":"https:\/\/roveyayinevi.com.tr\/index.php\/wp-json\/wp\/v2\/product"}],"about":[{"href":"https:\/\/roveyayinevi.com.tr\/index.php\/wp-json\/wp\/v2\/types\/product"}],"wp:attachment":[{"href":"https:\/\/roveyayinevi.com.tr\/index.php\/wp-json\/wp\/v2\/media?parent=731909"}],"wp:term":[{"taxonomy":"product_brand","embeddable":true,"href":"https:\/\/roveyayinevi.com.tr\/index.php\/wp-json\/wp\/v2\/product_brand?post=731909"},{"taxonomy":"product_cat","embeddable":true,"href":"https:\/\/roveyayinevi.com.tr\/index.php\/wp-json\/wp\/v2\/product_cat?post=731909"},{"taxonomy":"product_tag","embeddable":true,"href":"https:\/\/roveyayinevi.com.tr\/index.php\/wp-json\/wp\/v2\/product_tag?post=731909"}],"curies":[{"name":"wp","href":"https:\/\/api.w.org\/{rel}","templated":true}]}}