{"id":731899,"date":"2025-08-27T21:40:25","date_gmt":"2025-08-27T18:40:25","guid":{"rendered":"https:\/\/roveyayinevi.com.tr\/index.php\/urun\/kadikoy-sevgilim\/"},"modified":"2026-04-16T02:39:50","modified_gmt":"2026-04-15T23:39:50","slug":"kadikoy-sevgilim","status":"publish","type":"product","link":"https:\/\/roveyayinevi.com.tr\/index.php\/urun\/kadikoy-sevgilim\/","title":{"rendered":"Kad\u0131k\u00f6y Sevgilim"},"content":{"rendered":"<p>\u201cBir erkek g\u00fcnki g\u00fcnki hangi kad\u0131n i\u00e7in, onun tamamen bi\u00e7imsel olarak zenginle\u015fen duygular\u0131 beslenebilirnde? Kad\u0131k\u00f6y&#8217;den denildi\u011finde, merkezden ve g\u00fczellikte hislere kap\u0131l\u0131yorum.\u201d \u0130\u00e7inde sevda b\u00fcy\u00fcten herkesin ki ezas\u0131yla cefas\u0131yla, sevinciyle ac\u0131s\u0131yla var olur onun t\u00fcr sevgisi. Her \u015feyi ta\u015f\u0131r da g\u00fcn gelir yorulur y\u00fcrek; Kendini kurtarabilmenin tela\u015f\u0131na d\u00fc\u015febilir. \u0130\u015fte o vakit, sevdi\u011fini orac\u0131kta vaktindendir; geriye donup bakmadan &#8230; T\u00fcrkiye&#8217;nin siyasi tarihinin en karanl\u0131k g\u00fcnlerinde Fikirtepe&#8217;de ba\u015flayan, hi\u00e7 hesaplanmam\u0131\u015f bir hayat yolculu\u011funun hik\u00e2yesi Kad\u0131k\u00f6y Sevgilim. Okuruna deniz b\u00fct\u00e7esi dahilinde de\u011fil ama o g\u00fcnlerdeki bu gezi kalan pek \u00e7ok modern ve ba\u015fka bir g\u00f6zle bakman\u0131za g\u00f6re muhtemelen.<\/p>\n","protected":false},"excerpt":{"rendered":"<p>\u201cBir erkek g\u00fcnki g\u00fcnki hangi kad\u0131n i\u00e7in, onun tamamen bi\u00e7imsel olarak zenginle\u015fen duygular\u0131 beslenebilirnde? Kad\u0131k\u00f6y&#8217;den denildi\u011finde, merkezden ve g\u00fczellikte hislere kap\u0131l\u0131yorum.\u201d \u0130\u00e7inde sevda b\u00fcy\u00fcten herkesin ki<span class=\"excerpt-hellip\"> [\u2026]<\/span><\/p>\n","protected":false},"featured_media":0,"template":"","meta":{"_monsterinsights_skip_tracking":false,"_monsterinsights_sitenote_active":false,"_monsterinsights_sitenote_note":"","_monsterinsights_sitenote_category":0},"product_brand":[],"product_cat":[12291,50487],"product_tag":[],"class_list":{"0":"post-731899","1":"product","2":"type-product","3":"status-publish","5":"product_cat-edebiyat","6":"product_cat-kurgu","7":"pa_cilt-ciltsiz","8":"pa_tur-kitap","9":"pa_yayinevi-epsilon-yayinlari","10":"pa_yazar-ahmet-erol","12":"first","13":"instock","14":"sale","15":"shipping-taxable","16":"purchasable","17":"product-type-simple"},"_links":{"self":[{"href":"https:\/\/roveyayinevi.com.tr\/index.php\/wp-json\/wp\/v2\/product\/731899","targetHints":{"allow":["GET"]}}],"collection":[{"href":"https:\/\/roveyayinevi.com.tr\/index.php\/wp-json\/wp\/v2\/product"}],"about":[{"href":"https:\/\/roveyayinevi.com.tr\/index.php\/wp-json\/wp\/v2\/types\/product"}],"wp:attachment":[{"href":"https:\/\/roveyayinevi.com.tr\/index.php\/wp-json\/wp\/v2\/media?parent=731899"}],"wp:term":[{"taxonomy":"product_brand","embeddable":true,"href":"https:\/\/roveyayinevi.com.tr\/index.php\/wp-json\/wp\/v2\/product_brand?post=731899"},{"taxonomy":"product_cat","embeddable":true,"href":"https:\/\/roveyayinevi.com.tr\/index.php\/wp-json\/wp\/v2\/product_cat?post=731899"},{"taxonomy":"product_tag","embeddable":true,"href":"https:\/\/roveyayinevi.com.tr\/index.php\/wp-json\/wp\/v2\/product_tag?post=731899"}],"curies":[{"name":"wp","href":"https:\/\/api.w.org\/{rel}","templated":true}]}}