{"id":731897,"date":"2025-08-27T21:40:23","date_gmt":"2025-08-27T18:40:23","guid":{"rendered":"https:\/\/roveyayinevi.com.tr\/index.php\/urun\/amak-i-hayal-6\/"},"modified":"2026-04-16T02:39:50","modified_gmt":"2026-04-15T23:39:50","slug":"amak-i-hayal-6","status":"publish","type":"product","link":"https:\/\/roveyayinevi.com.tr\/index.php\/urun\/amak-i-hayal-6\/","title":{"rendered":"A\u2019mak-\u0131 Hayal"},"content":{"rendered":"<p>\u201cBug\u00fcnk\u00fc gezintim u\u00e7makla ba\u015flam\u0131\u015ft\u0131. Aciz oldu\u011fum i\u00e7in r\u00fcyada bile u\u00e7maya dayan\u0131kl\u0131 de\u011filken bu hayali u\u00e7u\u015f beni fazlas\u0131yla yoruyor, sersemletiyordu. Tuhaf olan\u0131 \u015fu ki do\u011fru bir \u00e7izgi \u00fczerinde de\u011fil, daima yukar\u0131 y\u00fckselerek u\u00e7maktayd\u0131m. G\u00f6z\u00fcmden gezegenler ve g\u00fcne\u015f tamamen kaybolmu\u015ftu.\u201d   D\u00f6neminin \u00f6nde gelen mutasavv\u0131flar\u0131ndan \u015eehbenderzade Filibeli Ahmet Hilmi, eserlerini materyalizme kar\u015f\u0131 savundu\u011fu metafizik anlay\u0131\u015fla kaleme alan yazarlardan. Yarat\u0131c\u0131 ile yarat\u0131lan\u0131n tek ve bir oldu\u011funu savunan vahdet-i v\u00fccud felsefesine inanan d\u00fc\u015f\u00fcn\u00fcr\u00fcn ba\u015fyap\u0131t\u0131 olarak g\u00f6r\u00fclen A\u2019m\u00e2k-\u0131 Hayal (Hayalin Derinlikleri) de T\u00fcrk\u00e7ede fantastik ve felsefi roman\u0131n ilk \u00f6rne\u011fi.   Raci, \u00f6\u011frendi\u011fi onca bilgiden sonra ger\u00e7eklere dair duymaya ba\u015flad\u0131\u011f\u0131 \u015f\u00fcphelerini bir nebze olsun dizginleyecek Aynal\u0131 Baba\u2019yla bir mezarl\u0131kta kar\u015f\u0131la\u015f\u0131r. \u00c2limlerden alamad\u0131\u011f\u0131 yan\u0131tlar\u0131 bu meczuptan alan Raci onunla her g\u00fcn g\u00f6r\u00fc\u015f\u00fcr ve her g\u00f6r\u00fc\u015fmede ger\u00e7e\u011fin s\u0131n\u0131rlar\u0131n\u0131 a\u015fan, hayalin derinliklerine do\u011fru yolculuklara \u00e7\u0131kar. Bu yolculuklar\u0131n u\u011fraklar\u0131n\u0131n baz\u0131lar\u0131 Kaf Da\u011f\u0131 ile Merih; e\u015flik\u00e7ileri ise Simurg ve anka, Buda ve Zerd\u00fc\u015ft olacak, Raci\u2019nin hakikat aray\u0131\u015f\u0131na yol g\u00f6stereceklerdir.   Filibeli Ahmet Hilmi\u2019nin inanc\u0131n\u0131 ve fikirlerini her sat\u0131rda hissettirdi\u011fi mitolojik, mistik ve ger\u00e7ek\u00fcst\u00fc maceralardan olu\u015fan A\u2019m\u00e2k-\u0131 Hayal, tasavvuf edebiyat\u0131n\u0131n en s\u0131rad\u0131\u015f\u0131, en m\u00fchim eserlerinden biri. <\/p>\n","protected":false},"excerpt":{"rendered":"<p>\u201cBug\u00fcnk\u00fc gezintim u\u00e7makla ba\u015flam\u0131\u015ft\u0131. Aciz oldu\u011fum i\u00e7in r\u00fcyada bile u\u00e7maya dayan\u0131kl\u0131 de\u011filken bu hayali u\u00e7u\u015f beni fazlas\u0131yla yoruyor, sersemletiyordu. Tuhaf olan\u0131 \u015fu ki do\u011fru bir \u00e7izgi<span class=\"excerpt-hellip\"> [\u2026]<\/span><\/p>\n","protected":false},"featured_media":0,"template":"","meta":{"_monsterinsights_skip_tracking":false,"_monsterinsights_sitenote_active":false,"_monsterinsights_sitenote_note":"","_monsterinsights_sitenote_category":0},"product_brand":[],"product_cat":[12291,13872],"product_tag":[],"class_list":{"0":"post-731897","1":"product","2":"type-product","3":"status-publish","5":"product_cat-edebiyat","6":"product_cat-klasikler","7":"pa_cilt-ciltsiz","8":"pa_tur-kitap","9":"pa_yayinevi-ithaki-yayinlari","10":"pa_yazar-sehbenderzade-filibeli-ahmed-hilmi","12":"first","13":"instock","14":"sale","15":"shipping-taxable","16":"purchasable","17":"product-type-simple"},"_links":{"self":[{"href":"https:\/\/roveyayinevi.com.tr\/index.php\/wp-json\/wp\/v2\/product\/731897","targetHints":{"allow":["GET"]}}],"collection":[{"href":"https:\/\/roveyayinevi.com.tr\/index.php\/wp-json\/wp\/v2\/product"}],"about":[{"href":"https:\/\/roveyayinevi.com.tr\/index.php\/wp-json\/wp\/v2\/types\/product"}],"wp:attachment":[{"href":"https:\/\/roveyayinevi.com.tr\/index.php\/wp-json\/wp\/v2\/media?parent=731897"}],"wp:term":[{"taxonomy":"product_brand","embeddable":true,"href":"https:\/\/roveyayinevi.com.tr\/index.php\/wp-json\/wp\/v2\/product_brand?post=731897"},{"taxonomy":"product_cat","embeddable":true,"href":"https:\/\/roveyayinevi.com.tr\/index.php\/wp-json\/wp\/v2\/product_cat?post=731897"},{"taxonomy":"product_tag","embeddable":true,"href":"https:\/\/roveyayinevi.com.tr\/index.php\/wp-json\/wp\/v2\/product_tag?post=731897"}],"curies":[{"name":"wp","href":"https:\/\/api.w.org\/{rel}","templated":true}]}}