{"id":731896,"date":"2025-08-27T21:40:22","date_gmt":"2025-08-27T18:40:22","guid":{"rendered":"https:\/\/roveyayinevi.com.tr\/index.php\/urun\/bizim-mahalle-5-kitap-takim-kutulu-set\/"},"modified":"2026-04-03T02:47:07","modified_gmt":"2026-04-02T23:47:07","slug":"bizim-mahalle-5-kitap-takim-kutulu-set","status":"publish","type":"product","link":"https:\/\/roveyayinevi.com.tr\/index.php\/urun\/bizim-mahalle-5-kitap-takim-kutulu-set\/","title":{"rendered":"Bizim Mahalle (5 Kitap Tak\u0131m Kutulu Set)"},"content":{"rendered":"<p>Bizim Mahalle 5 Kitap Set + Sorular ve Bilmeceler kitab\u0131 hediyeli.8 ya\u015f \u00fczeri i\u00e7inBizim Mahalle 1 &#8211; Yar\u0131m ArtistArkada\u015flar,Bizim Mahalle&#8217;ye mutlaka u\u011fray\u0131n. Mahallemizde sevdiklerimiz; b\u00fcy\u00fcklerimiz, k\u00fc\u00e7\u00fcklerimiz, bakkal\u0131m\u0131z, muhtar\u0131m\u0131z, dedemiz, Tayyare han\u0131mteyzemizle Safiye han\u0131mteyzemiz var. Hepsinden \u00f6nemlisi dostluklar\u0131m\u0131z var.Bizim Mahalle&#8217;de yak\u0131n arkada\u015f\u0131m Hasan ve ben de var\u0131z. Benim ad\u0131m Ali. Sizi uyarmam gereken h\u0131r\u00e7\u0131n k\u0131z Zeli\u015f de mahallemizin k\u0131z\u0131. Biraz aksidir, huysuzdur ama iyi y\u00fcreklidir. Daha pek \u00e7ok g\u00fczel insan Bizim Mahalle\u2019de ya\u015far. Unutmadan s\u00f6yleyeyim, mahallemizde bir de k\u00f6pe\u011fimiz \u00c7amur var. \u00c7amur tan\u0131mad\u0131\u011f\u0131 ki\u015filere h\u0131rlar ama korkmay\u0131n. \u00c7amur\u2019un kalbini bir paket bisk\u00fcvi ile kazanabilirsiniz.Ayr\u0131ca Bizim Mahalle\u2019deki reklam filmi \u00e7ekimlerine davetlisiniz!Bu g\u00fczel mahallemizi \u00e7ok seveceksiniz. Okuduk\u00e7a &#8220;Daha var m\u0131?&#8221; diyeceksiniz. \u0130\u015fte \u015fimdi sizlere bir m\u00fcjde: Bizim Mahalle\u2019nin devam\u0131 da bizlerle!..Bizim Mahalle 2 &#8211; Evhamd\u0131r EvhamHasan ve benim yeni bir arkada\u015f\u0131m\u0131z oldu. Kim mi?Bizim Mahalle\u2019de dola\u015f\u0131rken onunla da kar\u015f\u0131lacaks\u0131n\u0131z.Bizim Mahalle 3 &#8211; Derdime Bir \u00c7areYeni arkada\u015f\u0131m\u0131z Serkan \u00e7ok dertli\u2026 Onun derdine derman olabildik mi? Hep birlikte \u00f6\u011frenelim mi?Bizim Mahalle 4 &#8211; Onu da Sonra Anlat\u0131r\u0131mBizim Mahalle\u2019ye yeni kom\u015fular ta\u015f\u0131nacak ama \u00f6yle kolay olmayacak. \u00c7\u00fcnk\u00fc Bizim Mahalleli olmak i\u00e7in baz\u0131 sorular cevaplanacak.Bizim Mahalle 5 &#8211; Birinci S\u0131n\u0131f\u0131n Kral\u0131O hafta sonu Serkan i\u00e7in en uzun ge\u00e7en hafta sonu oldu. Mahallelinin tek tek fikrini sordu.Bu g\u00fczel mahallemizi \u00e7ok seveceksiniz. Sonunda &#8220;\u0130yi ki okumu\u015fum.&#8221; diyeceksiniz. Bizim Mahalle\u2019ye her zaman gelmek isteyeceksiniz.<\/p>\n","protected":false},"excerpt":{"rendered":"<p>Bizim Mahalle 5 Kitap Set + Sorular ve Bilmeceler kitab\u0131 hediyeli.8 ya\u015f \u00fczeri i\u00e7inBizim Mahalle 1 &#8211; Yar\u0131m ArtistArkada\u015flar,Bizim Mahalle&#8217;ye mutlaka u\u011fray\u0131n. Mahallemizde sevdiklerimiz; b\u00fcy\u00fcklerimiz, k\u00fc\u00e7\u00fcklerimiz,<span class=\"excerpt-hellip\"> [\u2026]<\/span><\/p>\n","protected":false},"featured_media":0,"template":"","meta":{"_monsterinsights_skip_tracking":false,"_monsterinsights_sitenote_active":false,"_monsterinsights_sitenote_note":"","_monsterinsights_sitenote_category":0},"product_brand":[],"product_cat":[12275,12274],"product_tag":[],"class_list":{"0":"post-731896","1":"product","2":"type-product","3":"status-publish","5":"product_cat-6-12-yas-kitaplari","6":"product_cat-cocuk-ve-genclik-kitaplari","7":"pa_cilt-set","8":"pa_tur-kitap","9":"pa_yayinevi-otuken-nesriyat","10":"pa_yazar-ekrem-bektas","12":"first","13":"instock","14":"sale","15":"shipping-taxable","16":"purchasable","17":"product-type-simple"},"_links":{"self":[{"href":"https:\/\/roveyayinevi.com.tr\/index.php\/wp-json\/wp\/v2\/product\/731896","targetHints":{"allow":["GET"]}}],"collection":[{"href":"https:\/\/roveyayinevi.com.tr\/index.php\/wp-json\/wp\/v2\/product"}],"about":[{"href":"https:\/\/roveyayinevi.com.tr\/index.php\/wp-json\/wp\/v2\/types\/product"}],"wp:attachment":[{"href":"https:\/\/roveyayinevi.com.tr\/index.php\/wp-json\/wp\/v2\/media?parent=731896"}],"wp:term":[{"taxonomy":"product_brand","embeddable":true,"href":"https:\/\/roveyayinevi.com.tr\/index.php\/wp-json\/wp\/v2\/product_brand?post=731896"},{"taxonomy":"product_cat","embeddable":true,"href":"https:\/\/roveyayinevi.com.tr\/index.php\/wp-json\/wp\/v2\/product_cat?post=731896"},{"taxonomy":"product_tag","embeddable":true,"href":"https:\/\/roveyayinevi.com.tr\/index.php\/wp-json\/wp\/v2\/product_tag?post=731896"}],"curies":[{"name":"wp","href":"https:\/\/api.w.org\/{rel}","templated":true}]}}