{"id":731891,"date":"2025-08-27T21:40:17","date_gmt":"2025-08-27T18:40:17","guid":{"rendered":"https:\/\/roveyayinevi.com.tr\/index.php\/urun\/olum-olumun-kapisinda\/"},"modified":"2026-04-16T02:39:50","modified_gmt":"2026-04-15T23:39:50","slug":"olum-olumun-kapisinda","status":"publish","type":"product","link":"https:\/\/roveyayinevi.com.tr\/index.php\/urun\/olum-olumun-kapisinda\/","title":{"rendered":"\u00d6l\u00fcm: \u00d6l\u00fcm\u2019\u00fcn Kap\u0131s\u0131nda"},"content":{"rendered":"<p>Cehennemden \u00e7\u0131kma bir parti \u2013 hem de \u00d6L\u00dcM\u2019\u00dcN KAPISINDA.   Herkesin favori Gotik k\u0131z\u0131, \u00d6l\u00fcm, k\u0131z karde\u015fleri Hezeyan ve Keder \u00f6l\u00fcler i\u00e7in \u00e7\u0131lg\u0131n bir parti d\u00fczenleyince kendi diyar\u0131nda kalacak yer bulam\u0131yordu neredeyse. B\u00fct\u00fcn bunlar ise, Lucifer Sabahy\u0131ld\u0131z\u0131 taht\u0131ndan ayr\u0131l\u0131p Cehennemin anahtar\u0131n\u0131 \u00d6l\u00fcm\u2019\u00fcn karde\u015fine, Sandman\u2019e verdi\u011finde ba\u015flam\u0131\u015ft\u0131. R\u00fcya ne yapaca\u011f\u0131na karar vermek i\u00e7in d\u00fc\u015f\u00fcn\u00fcp ta\u015f\u0131n\u0131rken Cehennemin g\u00fcnahk\u00e2r sakinleri \u00f6zg\u00fcr kalm\u0131\u015flard\u0131. \u00d6l\u00fcm\u2019\u00fcn \u015fans\u0131na, hi\u00e7biri nereye gidece\u011fini bilemeyip onun dairesinde solu\u011fu alm\u0131\u015ft\u0131. G\u00fcn\u00fc kurtarmak da tabii ki yine \u00d6l\u00fcm\u2019e kalacakt\u0131.  Ankh\u0131n g\u00fcc\u00fc galip gelecek mi<\/p>\n","protected":false},"excerpt":{"rendered":"<p>Cehennemden \u00e7\u0131kma bir parti \u2013 hem de \u00d6L\u00dcM\u2019\u00dcN KAPISINDA. Herkesin favori Gotik k\u0131z\u0131, \u00d6l\u00fcm, k\u0131z karde\u015fleri Hezeyan ve Keder \u00f6l\u00fcler i\u00e7in \u00e7\u0131lg\u0131n bir parti d\u00fczenleyince kendi<span class=\"excerpt-hellip\"> [\u2026]<\/span><\/p>\n","protected":false},"featured_media":0,"template":"","meta":{"_monsterinsights_skip_tracking":false,"_monsterinsights_sitenote_active":false,"_monsterinsights_sitenote_note":"","_monsterinsights_sitenote_category":0},"product_brand":[],"product_cat":[12689,12274],"product_tag":[],"class_list":{"0":"post-731891","1":"product","2":"type-product","3":"status-publish","5":"product_cat-cizgi-roman-cocuk-ve-genclik-kitaplari","6":"product_cat-cocuk-ve-genclik-kitaplari","7":"pa_cilt-ciltsiz","8":"pa_tur-kitap","9":"pa_yayinevi-ithaki-yayinlari","10":"pa_yazar-jill-thompson","12":"first","13":"instock","14":"sale","15":"shipping-taxable","16":"purchasable","17":"product-type-simple"},"_links":{"self":[{"href":"https:\/\/roveyayinevi.com.tr\/index.php\/wp-json\/wp\/v2\/product\/731891","targetHints":{"allow":["GET"]}}],"collection":[{"href":"https:\/\/roveyayinevi.com.tr\/index.php\/wp-json\/wp\/v2\/product"}],"about":[{"href":"https:\/\/roveyayinevi.com.tr\/index.php\/wp-json\/wp\/v2\/types\/product"}],"wp:attachment":[{"href":"https:\/\/roveyayinevi.com.tr\/index.php\/wp-json\/wp\/v2\/media?parent=731891"}],"wp:term":[{"taxonomy":"product_brand","embeddable":true,"href":"https:\/\/roveyayinevi.com.tr\/index.php\/wp-json\/wp\/v2\/product_brand?post=731891"},{"taxonomy":"product_cat","embeddable":true,"href":"https:\/\/roveyayinevi.com.tr\/index.php\/wp-json\/wp\/v2\/product_cat?post=731891"},{"taxonomy":"product_tag","embeddable":true,"href":"https:\/\/roveyayinevi.com.tr\/index.php\/wp-json\/wp\/v2\/product_tag?post=731891"}],"curies":[{"name":"wp","href":"https:\/\/api.w.org\/{rel}","templated":true}]}}