{"id":731890,"date":"2025-08-27T21:40:16","date_gmt":"2025-08-27T18:40:16","guid":{"rendered":"https:\/\/roveyayinevi.com.tr\/index.php\/urun\/bir-dilek-yetmez\/"},"modified":"2026-04-16T02:39:50","modified_gmt":"2026-04-15T23:39:50","slug":"bir-dilek-yetmez","status":"publish","type":"product","link":"https:\/\/roveyayinevi.com.tr\/index.php\/urun\/bir-dilek-yetmez\/","title":{"rendered":"Bir Dilek Yetmez"},"content":{"rendered":"<p>Her \u015fey bir Dilek ile ba\u015flar\u2026 O yola bir Dilek ile \u00e7\u0131kar ama bu u\u011furda bir Dilek\u2019in yeterli olmad\u0131\u011f\u0131n\u0131 bilecek kadar \u00e7ok \u015fey ya\u015far. Ba\u015far\u0131n\u0131n, kelimenin tam anlam\u0131yla \u201cs\u00f6ke s\u00f6ke\u201d al\u0131nd\u0131\u011f\u0131 bir hayat\u0131n hik\u00e2yesi bu\u2026 Hangi meslekte olursa olsun; insan\u0131n i\u015fini sevdi\u011fi zaman daha yarat\u0131c\u0131, daha \u00fcretken ve daha sahiplenici oldu\u011funun \u00e7arp\u0131c\u0131 bir \u00f6rne\u011fidir Dilek Livaneli. Sadece \u00f6\u011frencileri i\u00e7in de\u011fil, onlar\u0131n aileleri ve k\u00f6y halk\u0131 i\u00e7in yapt\u0131\u011f\u0131 \u00e7al\u0131\u015fmalardan dolay\u0131 D\u00fcnyan\u0131n En \u0130yi \u00d6\u011fretmenleri Listesi\u2019ne ad\u0131n\u0131 yazd\u0131rd\u0131; sonra k\u00f6y kad\u0131nlar\u0131n\u0131n sosyal, k\u00fclt\u00fcrel ve ekonomi alan\u0131nda geli\u015fimlerine y\u00f6nelik yapt\u0131\u011f\u0131 rehberlik ve liderlik sayesinde Avrupa Parlamentosu Uluslararas\u0131 Lider Kad\u0131n \u00d6d\u00fcl\u00fc\u2019ne sahip oldu. \u015eimdi \u0130ngiltere\u2019de devam etti\u011fi kariyerinde d\u00fcnya \u00e7ocuklar\u0131 ile D\u00fcnya Vatanda\u015fl\u0131\u011f\u0131 \u00e7al\u0131\u015fmalar\u0131n\u0131 y\u00fcr\u00fct\u00fcrken, ayn\u0131 zamanda T\u00fcrkiye\u2019de \u201cBir Dilek Yetmez\u201d hareketini devam ettiriyor. \u0130\u015fte t\u00fcm bunlar umutsuzlu\u011fu yok sayan bir kad\u0131n\u0131n imzas\u0131n\u0131 ta\u015f\u0131yor. Dilek Livaneli, kariyeri boyunca ya\u015fad\u0131\u011f\u0131 t\u00fcm zorluklar\u0131 ve bunlarla olan sava\u015f\u0131n\u0131 kendi kaleminden olabilecek en d\u00fcr\u00fcst h\u00e2liyle yans\u0131t\u0131yor sat\u0131rlar\u0131na\u2026 \u201cBenim i\u00e7in Dilek Livaneli s\u00fcrd\u00fcr\u00fclebilir idealizm \u00f6rne\u011fidir.\u201d M\u00fcmin Sekman, Yazar \u201cBu kitab\u0131 okuyunca sadece daha iyi bir \u00f6\u011fretmen de\u011fil, ayn\u0131 zamanda daha iyi bir insan olmak isteyeceksiniz.\u201d Dr. \u00d6zg\u00fcr Bolat, E\u011fitim Bilimci-Yazar \u201cDilek \u00d6\u011fretmen, bu \u00fclkenin b\u00fct\u00fcn k\u0131z \u00e7ocuklar\u0131 i\u00e7in m\u00fckemmel bir rol modeldir.\u201d Prof. Dr. Ay\u015fe Y\u00fcksel, \u00c7a\u011fda\u015f Ya\u015fam\u0131 Destekleme Derne\u011fi Ba\u015fkan\u0131 \u201cBu kitapta sadece bir \u00f6\u011fretmenin de\u011fil, topluma liderlik eden bir kad\u0131n\u0131n hik\u00e2yesini de okuyacaks\u0131n\u0131z.\u201d Ayla G\u00f6ksel, A\u00c7EV Y\u00f6netim Kurulu Ba\u015fkan Yrd \u201cHayallerin pe\u015finden ko\u015fmay\u0131 \u00f6\u011freten bir kitap.\u201d Sevin\u00e7 Atabay, TED Genel M\u00fcd\u00fcr\u00fc \u201c\u0130nan\u0131lmaz etkilendim. M\u00fcthi\u015f bir kad\u0131n! M\u00fcthi\u015f bir \u00f6\u011fretmen! Dilek \u00d6\u011fretmen. Cumhuriyet kad\u0131n\u0131 bu i\u015fte! Helal olsun! Modern bir \u00c7al\u0131ku\u015fu o. Bu ola\u011fan\u00fcst\u00fc kad\u0131n\u0131, avu\u00e7lar\u0131m patlay\u0131ncaya kadar alk\u0131\u015fl\u0131yorum.\u201d Ay\u015fe Arman, Gazeteci-Yazar<\/p>\n","protected":false},"excerpt":{"rendered":"<p>Her \u015fey bir Dilek ile ba\u015flar\u2026 O yola bir Dilek ile \u00e7\u0131kar ama bu u\u011furda bir Dilek\u2019in yeterli olmad\u0131\u011f\u0131n\u0131 bilecek kadar \u00e7ok \u015fey ya\u015far. Ba\u015far\u0131n\u0131n, kelimenin<span class=\"excerpt-hellip\"> [\u2026]<\/span><\/p>\n","protected":false},"featured_media":0,"template":"","meta":{"_monsterinsights_skip_tracking":false,"_monsterinsights_sitenote_active":false,"_monsterinsights_sitenote_note":"","_monsterinsights_sitenote_category":0},"product_brand":[],"product_cat":[13701,12291],"product_tag":[],"class_list":{"0":"post-731890","1":"product","2":"type-product","3":"status-publish","5":"product_cat-ani-mektup-gunluk","6":"product_cat-edebiyat","7":"pa_cilt-ciltsiz","8":"pa_tur-kitap","9":"pa_yayinevi-epsilon-yayinlari","10":"pa_yazar-dilek-livaneli","12":"first","13":"instock","14":"sale","15":"shipping-taxable","16":"purchasable","17":"product-type-simple"},"_links":{"self":[{"href":"https:\/\/roveyayinevi.com.tr\/index.php\/wp-json\/wp\/v2\/product\/731890","targetHints":{"allow":["GET"]}}],"collection":[{"href":"https:\/\/roveyayinevi.com.tr\/index.php\/wp-json\/wp\/v2\/product"}],"about":[{"href":"https:\/\/roveyayinevi.com.tr\/index.php\/wp-json\/wp\/v2\/types\/product"}],"wp:attachment":[{"href":"https:\/\/roveyayinevi.com.tr\/index.php\/wp-json\/wp\/v2\/media?parent=731890"}],"wp:term":[{"taxonomy":"product_brand","embeddable":true,"href":"https:\/\/roveyayinevi.com.tr\/index.php\/wp-json\/wp\/v2\/product_brand?post=731890"},{"taxonomy":"product_cat","embeddable":true,"href":"https:\/\/roveyayinevi.com.tr\/index.php\/wp-json\/wp\/v2\/product_cat?post=731890"},{"taxonomy":"product_tag","embeddable":true,"href":"https:\/\/roveyayinevi.com.tr\/index.php\/wp-json\/wp\/v2\/product_tag?post=731890"}],"curies":[{"name":"wp","href":"https:\/\/api.w.org\/{rel}","templated":true}]}}