{"id":731889,"date":"2025-08-27T21:40:14","date_gmt":"2025-08-27T18:40:14","guid":{"rendered":"https:\/\/roveyayinevi.com.tr\/index.php\/urun\/turkuaz-gozlu-kadin\/"},"modified":"2026-04-16T02:39:50","modified_gmt":"2026-04-15T23:39:50","slug":"turkuaz-gozlu-kadin","status":"publish","type":"product","link":"https:\/\/roveyayinevi.com.tr\/index.php\/urun\/turkuaz-gozlu-kadin\/","title":{"rendered":"Turkuaz G\u00f6zl\u00fc Kad\u0131n"},"content":{"rendered":"<p>Bu \u015fiiri yazarken, belli ki psikolojik bir ortam\u0131 vard\u0131. \u00d6yle ortamlar i\u00e7erisinde, amat\u00f6rce yazd\u0131\u011f\u0131m \u015fiirleri oradan buradan bulup bir kitap haline getirdim. S\u00f6z konusunda bu \u00e7al\u0131malar ya\u015fam\u0131m\u0131 anlat\u0131yormu\u015f gibi olsa da asl\u0131nda yak\u0131n tarihimizi anlatan, manzum bir dille yaz\u0131lm\u0131\u015f, herkesin i\u00e7inde kendinden bir par\u00e7a buldu\u011fu, Manzum Yazd\u0131m \u00d6yk\u00fcm\u00fc ve Amcam\u0131n Kar Bo\u011faz\u0131 Destan\u0131 ba\u015fl\u0131kl\u0131 biraz g\u00fcld\u00fcr\u00fc , biraz dram ta\u015f\u0131yan \u015fiirlerden olu\u015fmu\u015ftu. Bu ilk \u015fiir kitab\u0131m\u0131n, b\u00fcy\u00fck bir ilgi toplamas\u0131 ve be\u011feni kazanmas\u0131 \u00fczerine o kitaba almad\u0131\u011f\u0131m di\u011fer \u015fiirlerimi de kitap haline getirme fikri a\u011f\u0131r bast\u0131.   Bu kitab\u0131 da elinize ald\u0131\u011f\u0131n\u0131zda bir solukta okuyaca\u011f\u0131n\u0131z\u0131 ve hatta bunu ben mi yazd\u0131m benim hislerimi, d\u00fc\u015f\u00fcncelerimi anlat\u0131yor diyebilece\u011finiz dizelerle kar\u015f\u0131la\u015facaks\u0131n\u0131z. Zevkle okuyup bitirece\u011finizi umuyorum. <\/p>\n","protected":false},"excerpt":{"rendered":"<p>Bu \u015fiiri yazarken, belli ki psikolojik bir ortam\u0131 vard\u0131. \u00d6yle ortamlar i\u00e7erisinde, amat\u00f6rce yazd\u0131\u011f\u0131m \u015fiirleri oradan buradan bulup bir kitap haline getirdim. S\u00f6z konusunda bu \u00e7al\u0131malar<span class=\"excerpt-hellip\"> [\u2026]<\/span><\/p>\n","protected":false},"featured_media":0,"template":"","meta":{"_monsterinsights_skip_tracking":false,"_monsterinsights_sitenote_active":false,"_monsterinsights_sitenote_note":"","_monsterinsights_sitenote_category":0},"product_brand":[],"product_cat":[12291,12509],"product_tag":[],"class_list":{"0":"post-731889","1":"product","2":"type-product","3":"status-publish","5":"product_cat-edebiyat","6":"product_cat-siir","7":"pa_cilt-ciltsiz","8":"pa_tur-kitap","9":"pa_yayinevi-gulnar-yayinlari","10":"pa_yazar-emin-yildirim","12":"first","13":"instock","14":"sale","15":"shipping-taxable","16":"purchasable","17":"product-type-simple"},"_links":{"self":[{"href":"https:\/\/roveyayinevi.com.tr\/index.php\/wp-json\/wp\/v2\/product\/731889","targetHints":{"allow":["GET"]}}],"collection":[{"href":"https:\/\/roveyayinevi.com.tr\/index.php\/wp-json\/wp\/v2\/product"}],"about":[{"href":"https:\/\/roveyayinevi.com.tr\/index.php\/wp-json\/wp\/v2\/types\/product"}],"wp:attachment":[{"href":"https:\/\/roveyayinevi.com.tr\/index.php\/wp-json\/wp\/v2\/media?parent=731889"}],"wp:term":[{"taxonomy":"product_brand","embeddable":true,"href":"https:\/\/roveyayinevi.com.tr\/index.php\/wp-json\/wp\/v2\/product_brand?post=731889"},{"taxonomy":"product_cat","embeddable":true,"href":"https:\/\/roveyayinevi.com.tr\/index.php\/wp-json\/wp\/v2\/product_cat?post=731889"},{"taxonomy":"product_tag","embeddable":true,"href":"https:\/\/roveyayinevi.com.tr\/index.php\/wp-json\/wp\/v2\/product_tag?post=731889"}],"curies":[{"name":"wp","href":"https:\/\/api.w.org\/{rel}","templated":true}]}}