{"id":731885,"date":"2025-08-27T21:40:10","date_gmt":"2025-08-27T18:40:10","guid":{"rendered":"https:\/\/roveyayinevi.com.tr\/index.php\/urun\/gun-olur-asra-bedel-2\/"},"modified":"2026-04-16T02:39:49","modified_gmt":"2026-04-15T23:39:49","slug":"gun-olur-asra-bedel-2","status":"publish","type":"product","link":"https:\/\/roveyayinevi.com.tr\/index.php\/urun\/gun-olur-asra-bedel-2\/","title":{"rendered":"G\u00fcn Olur Asra Bedel"},"content":{"rendered":"<p>Bazen \u201cg\u00fcn uzar y\u00fczy\u0131l olur\u201d. Bir g\u00fcne ka\u00e7 hat\u0131ra, ka\u00e7 deneyim, ka\u00e7 hik\u00e2ye s\u0131\u011fd\u0131r\u0131labilir? S\u00f6z konusu olan uzun bir yolculuksa, say\u0131s\u0131z&#8230; Yeri doldurulamaz bir ge\u00e7mi\u015fi payla\u015ft\u0131\u011f\u0131 dostunun cenazesini ta\u015f\u0131yan Yedigey\u2019in yolculu\u011fu, b\u00fct\u00fcn\u00fcyle hayat\u0131 soru\u015fturan bir yolculuk olacakt\u0131r elbette. Uzak hat\u0131ralardan s\u00f6ylencelere, ac\u0131l\u0131 \u00f6l\u00fcmlerden basit mutluluklara, maddi yoksulluklardan manevi zenginliklere, ge\u00e7mi\u015fin \u00f6z\u00fcnde ve k\u0131y\u0131lar\u0131nda dola\u015ft\u0131ran bir yolculuk\u2026Cengiz Aytmatov bu roman\u0131nda, insan\u0131n en zay\u0131f ve en g\u00fc\u00e7l\u00fc, en \u00f6zg\u00fcr ve en ba\u011f\u0131ml\u0131, en \u00e7ok seven ve en kolay vazge\u00e7en yanlar\u0131n\u0131 derin ve \u00e7arp\u0131c\u0131 bir dille anlat\u0131rken t\u0131pk\u0131 bir madalyonun di\u011fer y\u00fcz\u00fcn\u00fc \u00e7evirir gibi i\u00e7imizdeki \u201c\u00f6teki\u201dyi g\u00f6zler \u00f6n\u00fcne seriyor.<\/p>\n","protected":false},"excerpt":{"rendered":"<p>Bazen \u201cg\u00fcn uzar y\u00fczy\u0131l olur\u201d. Bir g\u00fcne ka\u00e7 hat\u0131ra, ka\u00e7 deneyim, ka\u00e7 hik\u00e2ye s\u0131\u011fd\u0131r\u0131labilir? S\u00f6z konusu olan uzun bir yolculuksa, say\u0131s\u0131z&#8230; Yeri doldurulamaz bir ge\u00e7mi\u015fi payla\u015ft\u0131\u011f\u0131<span class=\"excerpt-hellip\"> [\u2026]<\/span><\/p>\n","protected":false},"featured_media":0,"template":"","meta":{"_monsterinsights_skip_tracking":false,"_monsterinsights_sitenote_active":false,"_monsterinsights_sitenote_note":"","_monsterinsights_sitenote_category":0},"product_brand":[],"product_cat":[12291,12711],"product_tag":[],"class_list":{"0":"post-731885","1":"product","2":"type-product","3":"status-publish","5":"product_cat-edebiyat","6":"product_cat-roman-oyku","7":"pa_cilt-ciltsiz","8":"pa_tur-kitap","9":"pa_yayinevi-ketebe-yayinlari","10":"pa_yazar-cengiz-aytmatov","12":"first","13":"instock","14":"sale","15":"shipping-taxable","16":"purchasable","17":"product-type-simple"},"_links":{"self":[{"href":"https:\/\/roveyayinevi.com.tr\/index.php\/wp-json\/wp\/v2\/product\/731885","targetHints":{"allow":["GET"]}}],"collection":[{"href":"https:\/\/roveyayinevi.com.tr\/index.php\/wp-json\/wp\/v2\/product"}],"about":[{"href":"https:\/\/roveyayinevi.com.tr\/index.php\/wp-json\/wp\/v2\/types\/product"}],"wp:attachment":[{"href":"https:\/\/roveyayinevi.com.tr\/index.php\/wp-json\/wp\/v2\/media?parent=731885"}],"wp:term":[{"taxonomy":"product_brand","embeddable":true,"href":"https:\/\/roveyayinevi.com.tr\/index.php\/wp-json\/wp\/v2\/product_brand?post=731885"},{"taxonomy":"product_cat","embeddable":true,"href":"https:\/\/roveyayinevi.com.tr\/index.php\/wp-json\/wp\/v2\/product_cat?post=731885"},{"taxonomy":"product_tag","embeddable":true,"href":"https:\/\/roveyayinevi.com.tr\/index.php\/wp-json\/wp\/v2\/product_tag?post=731885"}],"curies":[{"name":"wp","href":"https:\/\/api.w.org\/{rel}","templated":true}]}}