{"id":731884,"date":"2025-08-27T21:40:10","date_gmt":"2025-08-27T18:40:10","guid":{"rendered":"https:\/\/roveyayinevi.com.tr\/index.php\/urun\/muhalif-sesler-kitabi\/"},"modified":"2026-04-16T02:39:49","modified_gmt":"2026-04-15T23:39:49","slug":"muhalif-sesler-kitabi","status":"publish","type":"product","link":"https:\/\/roveyayinevi.com.tr\/index.php\/urun\/muhalif-sesler-kitabi\/","title":{"rendered":"Muhalif Sesler Kitab\u0131"},"content":{"rendered":"<p>\u201cEn g\u00fc\u00e7l\u00fc silah s\u00f6zc\u00fckler ve fikirlerdir.\u201d   Spartak\u00fcs\u2019ten Ba\u011fdat\u2019ta Bush\u2019a ayakkab\u0131 f\u0131rlatan protestocuya kadar tarih boyunca  her \u00e7a\u011fda ve her k\u0131tada insanlar krallara ve iktidarlara kar\u015f\u0131 m\u00fccadele etmi\u015f, isyan\u0131n sesini duyurmu\u015flard\u0131r. Kimi zaman toplumu cesaretlendirmi\u015f, kimi zaman da y\u0131llar sonra alevlenecek isyanlara esin kayna\u011f\u0131 olmu\u015flard\u0131r. Muhalif sesler Antik Yunan\u2019dan \u00c7in\u2019e, oradan M\u0131s\u0131r\u2019a kadar yank\u0131lanm\u0131\u015f, \u0130slam ve Musevilikte \u015fair ve filozoflar\u0131n sesine ses katm\u0131\u015ft\u0131r. Arap k\u00f6lelerin isyanlar\u0131nda ve orta\u00e7a\u011fdaki Osmanl\u0131 kar\u015f\u0131t\u0131 ayaklanmalarda da y\u00fckselen bu muhalif sesler modern \u00e7a\u011f\u0131n ba\u015flang\u0131c\u0131nda Hollanda ve \u0130ngiliz devrimlerinde y\u00fckselmi\u015f, Frans\u0131z, Haiti, Amerikan, Rus ve \u00c7in devrimlerinde katlanarak b\u00fcy\u00fcm\u00fc\u015ft\u00fcr. Sava\u015f ve ekonomik bask\u0131ya kar\u015f\u0131 direnen sesler yak\u0131n d\u00f6nemde Beijing\u2019den Kahire\u2019ye, Moskova\u2019dan New York City\u2019ye sava\u015f meydanlar\u0131nda ve kamusal alanlarda adalet ve \u00f6zg\u00fcrl\u00fc\u011f\u00fc hayk\u0131rm\u0131\u015ft\u0131r. K\u00fcresel \u00f6l\u00e7ekli bir antoloji olan MUHAL\u0130F SESLER K\u0130TABI, s\u00f6ylevler ve bro\u015f\u00fcrler, \u015fiirler ve \u015fark\u0131lar, oyunlar ve manifestolar arac\u0131l\u0131\u011f\u0131yla insanl\u0131k tarihinin her \u00e7a\u011f\u0131ndan muhalif seslere yer veriyor. Her d\u00f6nemin kendi put-k\u0131r\u0131c\u0131lar\u0131 vard\u0131r fakat bunlar\u0131n en b\u00fcy\u00fckleri direni\u015flerini seleflerinin s\u00f6zleri ve eylemleri \u00fczerine in\u015fa ederler. MUHAL\u0130F SESLER K\u0130TABI en g\u00fc\u00e7l\u00fc silah\u0131n s\u00f6zc\u00fckler ve fikirler oldu\u011funu bilen t\u00fcm direni\u015f\u00e7ilerin cephanesine katk\u0131da bulunacak dev bir eser. <\/p>\n","protected":false},"excerpt":{"rendered":"<p>\u201cEn g\u00fc\u00e7l\u00fc silah s\u00f6zc\u00fckler ve fikirlerdir.\u201d Spartak\u00fcs\u2019ten Ba\u011fdat\u2019ta Bush\u2019a ayakkab\u0131 f\u0131rlatan protestocuya kadar tarih boyunca her \u00e7a\u011fda ve her k\u0131tada insanlar krallara ve iktidarlara kar\u015f\u0131 m\u00fccadele<span class=\"excerpt-hellip\"> [\u2026]<\/span><\/p>\n","protected":false},"featured_media":0,"template":"","meta":{"_monsterinsights_skip_tracking":false,"_monsterinsights_sitenote_active":false,"_monsterinsights_sitenote_note":"","_monsterinsights_sitenote_category":0},"product_brand":[],"product_cat":[13590,12337],"product_tag":[],"class_list":{"0":"post-731884","1":"product","2":"type-product","3":"status-publish","5":"product_cat-arastirma-inceleme-politika-siyaset","6":"product_cat-politika-siyaset","7":"pa_cilt-ciltsiz","8":"pa_tur-kitap","9":"pa_yayinevi-beyaz-baykus-yayinlari","10":"pa_yazar-andrew-hsiao-audrea-lim","12":"first","13":"instock","14":"sale","15":"shipping-taxable","16":"purchasable","17":"product-type-simple"},"_links":{"self":[{"href":"https:\/\/roveyayinevi.com.tr\/index.php\/wp-json\/wp\/v2\/product\/731884","targetHints":{"allow":["GET"]}}],"collection":[{"href":"https:\/\/roveyayinevi.com.tr\/index.php\/wp-json\/wp\/v2\/product"}],"about":[{"href":"https:\/\/roveyayinevi.com.tr\/index.php\/wp-json\/wp\/v2\/types\/product"}],"wp:attachment":[{"href":"https:\/\/roveyayinevi.com.tr\/index.php\/wp-json\/wp\/v2\/media?parent=731884"}],"wp:term":[{"taxonomy":"product_brand","embeddable":true,"href":"https:\/\/roveyayinevi.com.tr\/index.php\/wp-json\/wp\/v2\/product_brand?post=731884"},{"taxonomy":"product_cat","embeddable":true,"href":"https:\/\/roveyayinevi.com.tr\/index.php\/wp-json\/wp\/v2\/product_cat?post=731884"},{"taxonomy":"product_tag","embeddable":true,"href":"https:\/\/roveyayinevi.com.tr\/index.php\/wp-json\/wp\/v2\/product_tag?post=731884"}],"curies":[{"name":"wp","href":"https:\/\/api.w.org\/{rel}","templated":true}]}}