{"id":731881,"date":"2025-08-27T21:40:07","date_gmt":"2025-08-27T18:40:07","guid":{"rendered":"https:\/\/roveyayinevi.com.tr\/index.php\/urun\/terapide-yeni-ufuklar\/"},"modified":"2026-04-16T02:39:49","modified_gmt":"2026-04-15T23:39:49","slug":"terapide-yeni-ufuklar","status":"publish","type":"product","link":"https:\/\/roveyayinevi.com.tr\/index.php\/urun\/terapide-yeni-ufuklar\/","title":{"rendered":"Terapide Yeni Ufuklar"},"content":{"rendered":"<p>Terapide Yeni Ufuklar psikolog ve psikolojik dan\u0131\u015fmanlar\u0131n hatta psikoloji ile ilgilenen herkesin terapilere kar\u015f\u0131 bak\u0131\u015f a\u00e7\u0131s\u0131n\u0131 bir kez daha g\u00f6zden ge\u00e7irmesini ve yeni fark\u0131ndal\u0131klar kazanmas\u0131n\u0131 sa\u011flamay\u0131 ama\u00e7lamaktad\u0131r. Kitapta yer alan terapi teknikleri, \u00f6zellikle al\u0131\u015f\u0131lm\u0131\u015f\u0131n d\u0131\u015f\u0131nda metotlar\u0131 i\u00e7eren tekniklerden se\u00e7ilmi\u015ftir. Bu tekniklerin g\u00fcn\u00fcm\u00fczde psikolojiyle ilgilenen psikolog ve psikolojik dan\u0131\u015fmanlar\u0131n terap\u00f6tik ortamdaki yarat\u0131c\u0131 d\u00fc\u015f\u00fcncelerine katk\u0131 sa\u011flayaca\u011f\u0131 ve hareket getirece\u011fi umulmaktad\u0131r. Psikoloji ve psikolojik dan\u0131\u015fmanl\u0131k \u00f6\u011frencilerinin alanda yeti\u015firken ihtiya\u00e7 duyduklar\u0131 ve eksikli\u011fini hissettikleri pratik ve i\u015fe yarar m\u00fcdahaleleri kazanmalar\u0131n\u0131n en etkili yolu, modern, postmodern ve k\u0131sa terapilerle tan\u0131\u015fmalar\u0131d\u0131r. <\/p>\n","protected":false},"excerpt":{"rendered":"<p>Terapide Yeni Ufuklar psikolog ve psikolojik dan\u0131\u015fmanlar\u0131n hatta psikoloji ile ilgilenen herkesin terapilere kar\u015f\u0131 bak\u0131\u015f a\u00e7\u0131s\u0131n\u0131 bir kez daha g\u00f6zden ge\u00e7irmesini ve yeni fark\u0131ndal\u0131klar kazanmas\u0131n\u0131 sa\u011flamay\u0131<span class=\"excerpt-hellip\"> [\u2026]<\/span><\/p>\n","protected":false},"featured_media":0,"template":"","meta":{"_monsterinsights_skip_tracking":false,"_monsterinsights_sitenote_active":false,"_monsterinsights_sitenote_note":"","_monsterinsights_sitenote_category":0},"product_brand":[],"product_cat":[12358,12357],"product_tag":[],"class_list":{"0":"post-731881","1":"product","2":"type-product","3":"status-publish","5":"product_cat-genel-psikoloji","6":"product_cat-psikoloji","7":"pa_cilt-ciltsiz","8":"pa_tur-kitap","9":"pa_yayinevi-pinhan-yayincilik","10":"pa_yazar-pinhan-yayincilik-kolektif","12":"first","13":"instock","14":"sale","15":"shipping-taxable","16":"purchasable","17":"product-type-simple"},"_links":{"self":[{"href":"https:\/\/roveyayinevi.com.tr\/index.php\/wp-json\/wp\/v2\/product\/731881","targetHints":{"allow":["GET"]}}],"collection":[{"href":"https:\/\/roveyayinevi.com.tr\/index.php\/wp-json\/wp\/v2\/product"}],"about":[{"href":"https:\/\/roveyayinevi.com.tr\/index.php\/wp-json\/wp\/v2\/types\/product"}],"wp:attachment":[{"href":"https:\/\/roveyayinevi.com.tr\/index.php\/wp-json\/wp\/v2\/media?parent=731881"}],"wp:term":[{"taxonomy":"product_brand","embeddable":true,"href":"https:\/\/roveyayinevi.com.tr\/index.php\/wp-json\/wp\/v2\/product_brand?post=731881"},{"taxonomy":"product_cat","embeddable":true,"href":"https:\/\/roveyayinevi.com.tr\/index.php\/wp-json\/wp\/v2\/product_cat?post=731881"},{"taxonomy":"product_tag","embeddable":true,"href":"https:\/\/roveyayinevi.com.tr\/index.php\/wp-json\/wp\/v2\/product_tag?post=731881"}],"curies":[{"name":"wp","href":"https:\/\/api.w.org\/{rel}","templated":true}]}}