{"id":731880,"date":"2025-08-27T21:40:06","date_gmt":"2025-08-27T18:40:06","guid":{"rendered":"https:\/\/roveyayinevi.com.tr\/index.php\/urun\/gelecegin-tarihleri\/"},"modified":"2026-04-16T02:39:49","modified_gmt":"2026-04-15T23:39:49","slug":"gelecegin-tarihleri","status":"publish","type":"product","link":"https:\/\/roveyayinevi.com.tr\/index.php\/urun\/gelecegin-tarihleri\/","title":{"rendered":"Gelece\u011fin Tarihleri"},"content":{"rendered":"<p>Ayn\u0131 zamanda \u00e7ok iyi bir yazar olan hukuk\u00e7u Lizzie O\u2019Shea\u2019ye g\u00f6re, teknolojiyi anlaman\u0131n anahtar\u0131 gelecekte de\u011fil ge\u00e7mi\u015fte. Gelece\u011fin Tarihleri bunu savunuyor ve bizi dijital \u00e7a\u011f\u0131n pratik ve devrimci olanaklar\u0131n\u0131 ke\u015ffetmeye davet ediyor: \u0130nternet bug\u00fcn teknoloji devleri taraf\u0131ndan hangi ama\u00e7larla kullan\u0131l\u0131yor? Sanal \u00e2lemin bizi g\u00f6zetlemesi, hakk\u0131m\u0131zda veri toplamas\u0131 ve bu verilerle yaln\u0131zca pazarlamac\u0131l\u0131\u011f\u0131n de\u011fil, devletlerin denetim tekniklerinin de geli\u015ftirilmesi kar\u015f\u0131s\u0131nda ne yapabiliriz? Daha da \u00f6nemlisi, s\u00fcrekli geli\u015fen dijital teknolojiyi kamu yarar\u0131na kullanmak m\u00fcmk\u00fcn m\u00fc, nas\u0131l? O\u2019Shea yenili\u011fin kayna\u011f\u0131nda kapitalist hayal tacirlerinin aksine, yaln\u0131zca bireysel \u00e7\u0131karlar\u0131 g\u00f6rm\u00fcyor; k\u00e2r h\u0131rs\u0131ndan uzak kolektif \u00e7abalar\u0131n dijital alan\u0131n ortaya \u00e7\u0131k\u0131\u015f\u0131nda oynad\u0131\u011f\u0131 rol\u00fc de hat\u0131rlat\u0131yor. G\u00fcn\u00fcm\u00fcz\u00fcn teknoloji CEO\u2019lar\u0131n\u0131n ufuksuzlu\u011fa ve bayat bir \u00fctopyac\u0131l\u0131\u011fa saplanm\u0131\u015f toplum tasavvurlar\u0131 yerine Paris Kom\u00fcn\u00fc\u2019n\u00fcn bize internet eti\u011fi hakk\u0131nda neler s\u00f6yleyebilece\u011fini soruyor. Dijital alan\u0131 demokratikle\u015ftirmek i\u00e7in Karl Marx\u2019\u0131n yan\u0131 s\u0131ra Thomas Paine ile Frantz Fanon\u2019un devrimci \u00e7al\u0131\u015fmalar\u0131nda ilham kaynaklar\u0131 buluyor. Teknoloji sermayedarlar\u0131n\u0131n \u201ckendi suretlerinde yaratmak\u201d istedikleri internet d\u00fcnyas\u0131n\u0131n kar\u015f\u0131s\u0131na potansiyel \u00f6zg\u00fcrl\u00fck olanaklar\u0131n\u0131 \u00e7\u0131kar\u0131yor. K\u0131sacas\u0131 Gelece\u011fin Tarihleri, oldu\u011fu gibi kabul etmeye meyilli oldu\u011fumuz bu d\u00fcnya kar\u015f\u0131s\u0131nda, bizi d\u00fc\u015f\u00fcnmeye ve ba\u015fka bir gelecek kurmaya \u00e7a\u011f\u0131r\u0131yor. <\/p>\n","protected":false},"excerpt":{"rendered":"<p>Ayn\u0131 zamanda \u00e7ok iyi bir yazar olan hukuk\u00e7u Lizzie O\u2019Shea\u2019ye g\u00f6re, teknolojiyi anlaman\u0131n anahtar\u0131 gelecekte de\u011fil ge\u00e7mi\u015fte. Gelece\u011fin Tarihleri bunu savunuyor ve bizi dijital \u00e7a\u011f\u0131n pratik<span class=\"excerpt-hellip\"> [\u2026]<\/span><\/p>\n","protected":false},"featured_media":0,"template":"","meta":{"_monsterinsights_skip_tracking":false,"_monsterinsights_sitenote_active":false,"_monsterinsights_sitenote_note":"","_monsterinsights_sitenote_category":0},"product_brand":[],"product_cat":[13633,12324],"product_tag":[],"class_list":{"0":"post-731880","1":"product","2":"type-product","3":"status-publish","5":"product_cat-kultur-ve-bilim","6":"product_cat-sosyoloji","7":"pa_cilt-ciltsiz","8":"pa_tur-kitap","9":"pa_yayinevi-metis-yayinlari","10":"pa_yazar-lizzie-oshea","12":"first","13":"instock","14":"sale","15":"shipping-taxable","16":"purchasable","17":"product-type-simple"},"_links":{"self":[{"href":"https:\/\/roveyayinevi.com.tr\/index.php\/wp-json\/wp\/v2\/product\/731880","targetHints":{"allow":["GET"]}}],"collection":[{"href":"https:\/\/roveyayinevi.com.tr\/index.php\/wp-json\/wp\/v2\/product"}],"about":[{"href":"https:\/\/roveyayinevi.com.tr\/index.php\/wp-json\/wp\/v2\/types\/product"}],"wp:attachment":[{"href":"https:\/\/roveyayinevi.com.tr\/index.php\/wp-json\/wp\/v2\/media?parent=731880"}],"wp:term":[{"taxonomy":"product_brand","embeddable":true,"href":"https:\/\/roveyayinevi.com.tr\/index.php\/wp-json\/wp\/v2\/product_brand?post=731880"},{"taxonomy":"product_cat","embeddable":true,"href":"https:\/\/roveyayinevi.com.tr\/index.php\/wp-json\/wp\/v2\/product_cat?post=731880"},{"taxonomy":"product_tag","embeddable":true,"href":"https:\/\/roveyayinevi.com.tr\/index.php\/wp-json\/wp\/v2\/product_tag?post=731880"}],"curies":[{"name":"wp","href":"https:\/\/api.w.org\/{rel}","templated":true}]}}