{"id":731878,"date":"2025-08-27T21:40:04","date_gmt":"2025-08-27T18:40:04","guid":{"rendered":"https:\/\/roveyayinevi.com.tr\/index.php\/urun\/bir-ulu-irmak\/"},"modified":"2026-04-16T02:39:49","modified_gmt":"2026-04-15T23:39:49","slug":"bir-ulu-irmak","status":"publish","type":"product","link":"https:\/\/roveyayinevi.com.tr\/index.php\/urun\/bir-ulu-irmak\/","title":{"rendered":"Bir Ulu Irmak"},"content":{"rendered":"<p>G\u00f6ksel Aymaz, Bir Ulu Irmak&#8217;ta, hem sanat yap\u0131t\u0131 \u00fcretiminde hem de sanat yap\u0131t\u0131 \u00fcreticisi olarak sanat\u00e7\u0131n\u0131n \u00fcretiminde toplumsal ko\u015fullar\u0131n belirleyici rol\u00fcn\u00fc incelemi\u015f ve \u00f6rnek olarak da Memleketimden \u0130nsan Manzaralar\u0131 ile bu yap\u0131t\u0131n \u00fcreticisi N\u00e2z\u0131m Hikmet\u2019i se\u00e7mi\u015ftir. &#8220;Dr. G\u00f6ksel Aymaz, sanat \u00fcr\u00fcn\u00fcn\u00fcn, \u00e7oklar\u0131nca ileri s\u00fcr\u00fcld\u00fc\u011f\u00fcnce, g\u00f6klerde, bulutlar\u0131n aras\u0131ndaym\u0131\u015f gibi g\u00f6r\u00fcnse de, oralara, sanat\u00e7\u0131n\u0131n da bizim de ya\u015fad\u0131\u011f\u0131m\u0131z reel hayattan \u00e7\u0131kt\u0131\u011f\u0131n\u0131 s\u00f6yl\u00fcyor. Ama, sanat\u00e7\u0131n\u0131n arac\u0131l\u0131\u011f\u0131 ile. Yabanc\u0131la\u015fma i\u00e7inde ya\u015farken realitenin yaln\u0131zca g\u00f6r\u00fcn\u00fcm\u00fcn\u00fc alg\u0131layabilmemize kar\u015f\u0131l\u0131k, sanat\u00e7\u0131n\u0131n, s\u0131radan insan\u0131n ya\u015fad\u0131\u011f\u0131 realiteyi olumlay\u0131\u015f\u0131n\u0131, bu zor sorunu, bilimin, akl\u0131n, vicdan\u0131n ve evrensel ahl\u00e2k\u0131n bulgular\u0131n\u0131, y\u00f6ntemlerini, de\u011ferlerini i\u015fe katmay\u0131 unutmay\u0131\u015f\u0131 sayesinde a\u015fabildi\u011fini s\u00f6yl\u00fcyor. Ve ancak b\u00f6yle bir \u00e7aba ile \u00fcr\u00fcn veren Balzac, Oscar Wilde, Cervantes, Kafka gibi ger\u00e7ek sanat\u00e7\u0131lar\u0131n realitenin yan\u0131lt\u0131c\u0131 g\u00f6r\u00fcn\u00fcm\u00fcn\u00fcn verece\u011fi hazz\u0131n yerine, onu da a\u015f\u0131p, gelece\u011fe dair bir umut vaadi verece\u011fini, bu yal\u0131nkat hazz\u0131 tamamlayaca\u011f\u0131n\u0131 s\u00f6yl\u00fcyor.   Dr. G\u00f6ksel Aymaz, bu konularla ilgilenenlerin \u00e7oktand\u0131r bildi\u011fi ve yazd\u0131klar\u0131 ile okuyucusuna \u0131\u015f\u0131k tutan, d\u00fc\u015f\u00fcnd\u00fcren bir yazar. Bu i\u015fi bu \u00e7al\u0131\u015fmas\u0131nda da ba\u015far\u0131yor. Bunu, tarih boyunca \u00f6nemli d\u00fc\u015f\u00fcn\u00fcrlerin pek \u00e7o\u011funu, savunduklar\u0131 g\u00f6r\u00fc\u015fleri ve ne dediklerini do\u011fru anlay\u0131p d\u00fcr\u00fcst yans\u0131tmaktaki akademik erdemlili\u011fi ile yap\u0131yor. Kaynaklar\u0131 (dipnotlardaki titizli\u011finden anla\u015f\u0131laca\u011f\u0131 \u00fczere) \u00e7ok zengin ve \u00f6nemli hi\u00e7bir d\u00fc\u015f\u00fcn\u00fcr\u00fc ihmal etmedi\u011fi i\u00e7in, konuyu ba\u015fka g\u00f6r\u00fcn\u00fcmleri i\u00e7inde ara\u015ft\u0131racaklar a\u00e7\u0131s\u0131ndan \u00e7ok yararl\u0131.&#8221;                                                                                                                                                         _\u00dcnsal Oskay <\/p>\n","protected":false},"excerpt":{"rendered":"<p>G\u00f6ksel Aymaz, Bir Ulu Irmak&#8217;ta, hem sanat yap\u0131t\u0131 \u00fcretiminde hem de sanat yap\u0131t\u0131 \u00fcreticisi olarak sanat\u00e7\u0131n\u0131n \u00fcretiminde toplumsal ko\u015fullar\u0131n belirleyici rol\u00fcn\u00fc incelemi\u015f ve \u00f6rnek olarak da<span class=\"excerpt-hellip\"> [\u2026]<\/span><\/p>\n","protected":false},"featured_media":0,"template":"","meta":{"_monsterinsights_skip_tracking":false,"_monsterinsights_sitenote_active":false,"_monsterinsights_sitenote_note":"","_monsterinsights_sitenote_category":0},"product_brand":[],"product_cat":[13072,12291],"product_tag":[],"class_list":{"0":"post-731878","1":"product","2":"type-product","3":"status-publish","5":"product_cat-arastirma-inceleme-referans","6":"product_cat-edebiyat","7":"pa_cilt-ciltsiz","8":"pa_tur-kitap","9":"pa_yayinevi-literatur-yayinevi","10":"pa_yazar-goksel-aymaz","12":"first","13":"instock","14":"sale","15":"shipping-taxable","16":"purchasable","17":"product-type-simple"},"_links":{"self":[{"href":"https:\/\/roveyayinevi.com.tr\/index.php\/wp-json\/wp\/v2\/product\/731878","targetHints":{"allow":["GET"]}}],"collection":[{"href":"https:\/\/roveyayinevi.com.tr\/index.php\/wp-json\/wp\/v2\/product"}],"about":[{"href":"https:\/\/roveyayinevi.com.tr\/index.php\/wp-json\/wp\/v2\/types\/product"}],"wp:attachment":[{"href":"https:\/\/roveyayinevi.com.tr\/index.php\/wp-json\/wp\/v2\/media?parent=731878"}],"wp:term":[{"taxonomy":"product_brand","embeddable":true,"href":"https:\/\/roveyayinevi.com.tr\/index.php\/wp-json\/wp\/v2\/product_brand?post=731878"},{"taxonomy":"product_cat","embeddable":true,"href":"https:\/\/roveyayinevi.com.tr\/index.php\/wp-json\/wp\/v2\/product_cat?post=731878"},{"taxonomy":"product_tag","embeddable":true,"href":"https:\/\/roveyayinevi.com.tr\/index.php\/wp-json\/wp\/v2\/product_tag?post=731878"}],"curies":[{"name":"wp","href":"https:\/\/api.w.org\/{rel}","templated":true}]}}