{"id":731877,"date":"2025-08-27T21:40:03","date_gmt":"2025-08-27T18:40:03","guid":{"rendered":"https:\/\/roveyayinevi.com.tr\/index.php\/urun\/adli-sosyal-hizmet\/"},"modified":"2026-04-16T02:39:49","modified_gmt":"2026-04-15T23:39:49","slug":"adli-sosyal-hizmet","status":"publish","type":"product","link":"https:\/\/roveyayinevi.com.tr\/index.php\/urun\/adli-sosyal-hizmet\/","title":{"rendered":"Adli Sosyal Hizmet"},"content":{"rendered":"<p>Bu kitap yo\u011fun u\u011fra\u015flar sonucu, adli alanda \u00e7al\u0131\u015fan sahadan ve akademiden uzmanlar\u0131n bir araya gelerek olu\u015fturdu\u011fu bir kitapt\u0131r. \u00dclkemizde adli sosyal hizmet alan\u0131nda yaz\u0131lan makaleler, tezler ve kitaplar son zamanlarda artmakla birlikte \u00f6zellikle kad\u0131n su\u00e7lulu\u011fu gibi alanlarda yay\u0131n say\u0131s\u0131 s\u0131n\u0131rl\u0131d\u0131r. Alandaki bu eksiklikler hem \u00f6\u011frencilerin bu konulardaki bilgilerinin eksik kalmas\u0131na hem de bu alanlarda yap\u0131lan uygulamalar\u0131n yetersiz olmas\u0131na neden olmaktad\u0131r. T\u00fcrkiye&#8217;de sosyal hizmet alan\u0131ndaki en b\u00fcy\u00fck eksikliklerden birisi sahada \u00e7al\u0131\u015fan uzmanlar ile akademisyenlerin yapt\u0131\u011f\u0131 \u00e7al\u0131\u015fmalar\u0131n bir araya getirilememesi, sahan\u0131n okul s\u0131ralar\u0131na ta\u015f\u0131namamas\u0131d\u0131r. Her ne kadar zaman zaman derslere sahadan uzmanlar kat\u0131l\u0131p deneyimlerini payla\u015fsalar da,  derslerde anlat\u0131lan teorik bilgiler saha notlar\u0131 ile desteklenmedi\u011finde eksik kalmaktad\u0131r. Sahay\u0131 akademiye ta\u015f\u0131may\u0131 hedefleyen bu eserde, \u00f6zellikle adli sosyal hizmet alan\u0131nda uzun y\u0131llar \u00e7al\u0131\u015fm\u0131\u015f olan deneyimli sosyal hizmet uzmanlar\u0131n\u0131n \u00e7al\u0131\u015ft\u0131klar\u0131 alanlara y\u00f6nelik uygulamalar\u0131na yer verildi.Kitap iki b\u00f6l\u00fcmden olu\u015fmaktad\u0131r. \u0130lk b\u00f6l\u00fcmde su\u00e7 ile ilgili sosyolojik a\u00e7\u0131klamalar\u0131n yan\u0131 s\u0131ra Adli Sosyal Hizmet ve Adli Sosyal Hizmetin \u00e7al\u0131\u015fma alanlar\u0131na yer verilmi\u015ftir. Kitab\u0131n ikinci b\u00f6l\u00fcm\u00fcnde ise Adli Sosyal Hizmet alan\u0131nda uygulama ve vaka \u00f6rneklerine yer verilmi\u015ftir. Bu b\u00f6l\u00fcmde adli sosyal hizmet kapsam\u0131na giren vakalar ile g\u00f6r\u00fc\u015fmelerin nas\u0131l yap\u0131ld\u0131\u011f\u0131, planl\u0131 m\u00fcdahale s\u00fcrecinin nas\u0131l y\u00fcr\u00fct\u00fcld\u00fc\u011f\u00fc gibi bilgiler yer almaktad\u0131r. \u00c7al\u0131\u015fman\u0131n hem \u00f6\u011frencilere hem de bu alanda \u00e7al\u0131\u015fmaya yeni ba\u015flam\u0131\u015f uzmanlara katk\u0131 sunmas\u0131 hedeflenmi\u015ftir.<\/p>\n","protected":false},"excerpt":{"rendered":"<p>Bu kitap yo\u011fun u\u011fra\u015flar sonucu, adli alanda \u00e7al\u0131\u015fan sahadan ve akademiden uzmanlar\u0131n bir araya gelerek olu\u015fturdu\u011fu bir kitapt\u0131r. \u00dclkemizde adli sosyal hizmet alan\u0131nda yaz\u0131lan makaleler, tezler<span class=\"excerpt-hellip\"> [\u2026]<\/span><\/p>\n","protected":false},"featured_media":0,"template":"","meta":{"_monsterinsights_skip_tracking":false,"_monsterinsights_sitenote_active":false,"_monsterinsights_sitenote_note":"","_monsterinsights_sitenote_category":0},"product_brand":[],"product_cat":[12325,12324],"product_tag":[],"class_list":{"0":"post-731877","1":"product","2":"type-product","3":"status-publish","5":"product_cat-diger-sosyoloji","6":"product_cat-sosyoloji","7":"pa_cilt-ciltsiz","8":"pa_tur-kitap","9":"pa_yayinevi-nika-yayinevi","10":"pa_yazar-rumeysa-akgun","12":"first","13":"instock","14":"sale","15":"shipping-taxable","16":"purchasable","17":"product-type-simple"},"_links":{"self":[{"href":"https:\/\/roveyayinevi.com.tr\/index.php\/wp-json\/wp\/v2\/product\/731877","targetHints":{"allow":["GET"]}}],"collection":[{"href":"https:\/\/roveyayinevi.com.tr\/index.php\/wp-json\/wp\/v2\/product"}],"about":[{"href":"https:\/\/roveyayinevi.com.tr\/index.php\/wp-json\/wp\/v2\/types\/product"}],"wp:attachment":[{"href":"https:\/\/roveyayinevi.com.tr\/index.php\/wp-json\/wp\/v2\/media?parent=731877"}],"wp:term":[{"taxonomy":"product_brand","embeddable":true,"href":"https:\/\/roveyayinevi.com.tr\/index.php\/wp-json\/wp\/v2\/product_brand?post=731877"},{"taxonomy":"product_cat","embeddable":true,"href":"https:\/\/roveyayinevi.com.tr\/index.php\/wp-json\/wp\/v2\/product_cat?post=731877"},{"taxonomy":"product_tag","embeddable":true,"href":"https:\/\/roveyayinevi.com.tr\/index.php\/wp-json\/wp\/v2\/product_tag?post=731877"}],"curies":[{"name":"wp","href":"https:\/\/api.w.org\/{rel}","templated":true}]}}