{"id":731874,"date":"2025-08-27T21:40:01","date_gmt":"2025-08-27T18:40:01","guid":{"rendered":"https:\/\/roveyayinevi.com.tr\/index.php\/urun\/ahengimiz-akordumuz-nefesimiz-ozdeyisler\/"},"modified":"2026-04-16T02:39:49","modified_gmt":"2026-04-15T23:39:49","slug":"ahengimiz-akordumuz-nefesimiz-ozdeyisler","status":"publish","type":"product","link":"https:\/\/roveyayinevi.com.tr\/index.php\/urun\/ahengimiz-akordumuz-nefesimiz-ozdeyisler\/","title":{"rendered":"Ahengimiz Akordumuz Nefesimiz &#8211; \u00d6zdeyi\u015fler"},"content":{"rendered":"<p>Deneme, \u00f6yk\u00fc, hece \u015fiiri, roman, kitap inceleme yaz\u0131lar\u0131mdan sonra, farkl\u0131 zaman ve alanlarda yazm\u0131\u015f oldu\u011fum (aforizma) \u00f6zdeyi\u015fleri de bir araya toplama d\u00fc\u015f\u00fcncesiyle olu\u015fturulmu\u015f bir \u00e7al\u0131\u015fmad\u0131r. Baz\u0131 okurlar, almas\u0131 gereken mesaj\u0131,  deneme\/\u00f6yk\u00fc\/an\u0131\/\u015fiir\/roman diliyle yaz\u0131lm\u0131\u015f olmas\u0131n\u0131 tercih etmezler. K\u0131sa ve \u00f6zl\u00fc anlat\u0131mlara daha fazla ilgi duyarlar. Her zaman ge\u00e7erli olmamakla birlikte, bu da bir tercih nedenidir. Be\u015f b\u00f6l\u00fcm \u015feklinde haz\u0131rlanm\u0131\u015f eserimde; g\u00fcnl\u00fck ya\u015famdan g\u00f6zlemler, \u00f6neriler, ele\u015ftiriler, duygu ve d\u00fc\u015f\u00fcnceler bulacaks\u0131n\u0131z.  Belki de arad\u0131\u011f\u0131n\u0131z bir c\u00fcmle ile kar\u015f\u0131la\u015facak, onun \u0131\u015f\u0131\u011f\u0131yla, daha uzun yaz\u0131lar yazman\u0131n, ya\u015famsal yol haritas\u0131 \u00e7\u0131karman\u0131n ipucunu yakalayacaks\u0131n\u0131z. Zihninizde olu\u015fan soru ve sorgulara cevap arayacaks\u0131n\u0131z. \u00c7ekincelerinize dert orta\u011f\u0131,  \u015f\u00fcphelerinize dayanak, sevincinize yolda\u015f, endi\u015felerinize s\u0131rda\u015f olacak belki de.  \u00c7\u00fcnk\u00fc yang\u0131n i\u00e7in bir k\u0131v\u0131lc\u0131m yeterli oldu\u011fu gibi, bir kazan hamurun ekme\u011fe d\u00f6n\u00fc\u015fmesi i\u00e7in \u00e7ok az miktar maya kafidir. Ve koca \u00e7\u0131nar\u0131n g\u00f6vdesini, toprak alt\u0131nda k\u00fc\u00e7\u00fcc\u00fck bir tohum ta\u015f\u0131maktad\u0131r.    Okumak; bir aray\u0131\u015f, y\u00fcr\u00fcy\u00fc\u015f, yenilenme, zihinsel bir birikim arac\u0131d\u0131r.    Faydal\u0131 olmas\u0131 dile\u011fiyle.<\/p>\n","protected":false},"excerpt":{"rendered":"<p>Deneme, \u00f6yk\u00fc, hece \u015fiiri, roman, kitap inceleme yaz\u0131lar\u0131mdan sonra, farkl\u0131 zaman ve alanlarda yazm\u0131\u015f oldu\u011fum (aforizma) \u00f6zdeyi\u015fleri de bir araya toplama d\u00fc\u015f\u00fcncesiyle olu\u015fturulmu\u015f bir \u00e7al\u0131\u015fmad\u0131r. Baz\u0131<span class=\"excerpt-hellip\"> [\u2026]<\/span><\/p>\n","protected":false},"featured_media":0,"template":"","meta":{"_monsterinsights_skip_tracking":false,"_monsterinsights_sitenote_active":false,"_monsterinsights_sitenote_note":"","_monsterinsights_sitenote_category":0},"product_brand":[],"product_cat":[13072,12291],"product_tag":[],"class_list":{"0":"post-731874","1":"product","2":"type-product","3":"status-publish","5":"product_cat-arastirma-inceleme-referans","6":"product_cat-edebiyat","7":"pa_cilt-ciltsiz","8":"pa_tur-kitap","9":"pa_yayinevi-gulnar-yayinlari","10":"pa_yazar-ali-riza-malkoc","12":"first","13":"instock","14":"sale","15":"shipping-taxable","16":"purchasable","17":"product-type-simple"},"_links":{"self":[{"href":"https:\/\/roveyayinevi.com.tr\/index.php\/wp-json\/wp\/v2\/product\/731874","targetHints":{"allow":["GET"]}}],"collection":[{"href":"https:\/\/roveyayinevi.com.tr\/index.php\/wp-json\/wp\/v2\/product"}],"about":[{"href":"https:\/\/roveyayinevi.com.tr\/index.php\/wp-json\/wp\/v2\/types\/product"}],"wp:attachment":[{"href":"https:\/\/roveyayinevi.com.tr\/index.php\/wp-json\/wp\/v2\/media?parent=731874"}],"wp:term":[{"taxonomy":"product_brand","embeddable":true,"href":"https:\/\/roveyayinevi.com.tr\/index.php\/wp-json\/wp\/v2\/product_brand?post=731874"},{"taxonomy":"product_cat","embeddable":true,"href":"https:\/\/roveyayinevi.com.tr\/index.php\/wp-json\/wp\/v2\/product_cat?post=731874"},{"taxonomy":"product_tag","embeddable":true,"href":"https:\/\/roveyayinevi.com.tr\/index.php\/wp-json\/wp\/v2\/product_tag?post=731874"}],"curies":[{"name":"wp","href":"https:\/\/api.w.org\/{rel}","templated":true}]}}