{"id":731870,"date":"2025-08-27T21:39:57","date_gmt":"2025-08-27T18:39:57","guid":{"rendered":"https:\/\/roveyayinevi.com.tr\/index.php\/urun\/kayinpeder\/"},"modified":"2026-04-16T02:39:49","modified_gmt":"2026-04-15T23:39:49","slug":"kayinpeder","status":"publish","type":"product","link":"https:\/\/roveyayinevi.com.tr\/index.php\/urun\/kayinpeder\/","title":{"rendered":"Kay\u0131npeder"},"content":{"rendered":"<p>Kay\u0131npeder!.. \u0130yi niyet kurban\u0131 bir damad\u0131n hazin sonu. M\u00fchendislik fak\u00fcltesinde okurken bir arkada\u015f\u0131n\u0131n vesilesiyle ablas\u0131n\u0131 Hacettepe Hastane\u2019sine getiren bir k\u0131zla tan\u0131\u015f\u0131r.  Evlenmeyi hi\u00e7 d\u00fc\u015f\u00fcnmedi\u011fi halde k\u0131z\u0131n ustaca kurgulad\u0131\u011f\u0131 davran\u0131\u015flar\u0131 sonunda evlenmeye karar verir. Bu karar onun kay\u0131npeder batakl\u0131\u011f\u0131na d\u00fc\u015fmesinin ilk ad\u0131m\u0131d\u0131r. Kay\u0131npeder t\u00fcm ortamlara ayak uyduran, tilki gibi kurnaz i\u015finin ehli sahtek\u00e2rl\u0131k sanatk\u00e2r\u0131d\u0131r. K\u0131z\u0131n\u0131n evlili\u011fine g\u00f6nl\u00fc olmasa da sonunda mecbur kal\u0131r. Eline vur ekme\u011fini al denen cinsten bir yarad\u0131l\u0131\u015fa sahip olan damad\u0131n\u0131 soyup so\u011fana \u00e7evirir. \u0130lkokul mezunu olan o\u011flunu \u00fcst\u00fcn k\u0131lman\u0131n yolunun ekonomiden ge\u00e7ti\u011finin en iyi bilenlerdendir. Amac\u0131 damad\u0131n elinde ne var ne yok hepsini almak&#8230; Bunu yaparken de \u00e7e\u015fitli hilelere, davran\u0131\u015flara damada katk\u0131 sa\u011fl\u0131yormu\u015f gibi g\u00f6r\u00fcnmektir. H\u00e2lbuki hi\u00e7 asl\u0131 astar\u0131 yoktur. \u00c7\u00fcnk\u00fc o; d\u00fczenbazl\u0131k okulunun en iyi dereceyle bitiren, mazlumlar\u0131n ah\u0131n\u0131 alm\u0131\u015f hi\u00e7bir s\u0131fat\u0131 yak\u0131\u015ft\u0131ramayaca\u011f\u0131m bir insan m\u00fcsveddesidir.  \u0130\u015fte: Kay\u0131npeder!..  Bu insan m\u00fcsveddesinin hazin bir hik\u00e2yesidir. <\/p>\n","protected":false},"excerpt":{"rendered":"<p>Kay\u0131npeder!.. \u0130yi niyet kurban\u0131 bir damad\u0131n hazin sonu. M\u00fchendislik fak\u00fcltesinde okurken bir arkada\u015f\u0131n\u0131n vesilesiyle ablas\u0131n\u0131 Hacettepe Hastane\u2019sine getiren bir k\u0131zla tan\u0131\u015f\u0131r. Evlenmeyi hi\u00e7 d\u00fc\u015f\u00fcnmedi\u011fi halde k\u0131z\u0131n<span class=\"excerpt-hellip\"> [\u2026]<\/span><\/p>\n","protected":false},"featured_media":0,"template":"","meta":{"_monsterinsights_skip_tracking":false,"_monsterinsights_sitenote_active":false,"_monsterinsights_sitenote_note":"","_monsterinsights_sitenote_category":0},"product_brand":[],"product_cat":[12291,12711],"product_tag":[],"class_list":{"0":"post-731870","1":"product","2":"type-product","3":"status-publish","5":"product_cat-edebiyat","6":"product_cat-roman-oyku","7":"pa_cilt-ciltsiz","8":"pa_tur-kitap","9":"pa_yayinevi-gulnar-yayinlari","10":"pa_yazar-emin-yildirim","12":"first","13":"instock","14":"sale","15":"shipping-taxable","16":"purchasable","17":"product-type-simple"},"_links":{"self":[{"href":"https:\/\/roveyayinevi.com.tr\/index.php\/wp-json\/wp\/v2\/product\/731870","targetHints":{"allow":["GET"]}}],"collection":[{"href":"https:\/\/roveyayinevi.com.tr\/index.php\/wp-json\/wp\/v2\/product"}],"about":[{"href":"https:\/\/roveyayinevi.com.tr\/index.php\/wp-json\/wp\/v2\/types\/product"}],"wp:attachment":[{"href":"https:\/\/roveyayinevi.com.tr\/index.php\/wp-json\/wp\/v2\/media?parent=731870"}],"wp:term":[{"taxonomy":"product_brand","embeddable":true,"href":"https:\/\/roveyayinevi.com.tr\/index.php\/wp-json\/wp\/v2\/product_brand?post=731870"},{"taxonomy":"product_cat","embeddable":true,"href":"https:\/\/roveyayinevi.com.tr\/index.php\/wp-json\/wp\/v2\/product_cat?post=731870"},{"taxonomy":"product_tag","embeddable":true,"href":"https:\/\/roveyayinevi.com.tr\/index.php\/wp-json\/wp\/v2\/product_tag?post=731870"}],"curies":[{"name":"wp","href":"https:\/\/api.w.org\/{rel}","templated":true}]}}