{"id":731869,"date":"2025-08-27T21:39:56","date_gmt":"2025-08-27T18:39:56","guid":{"rendered":"https:\/\/roveyayinevi.com.tr\/index.php\/urun\/elestirel-medya-kuramlari\/"},"modified":"2026-04-16T02:39:49","modified_gmt":"2026-04-15T23:39:49","slug":"elestirel-medya-kuramlari","status":"publish","type":"product","link":"https:\/\/roveyayinevi.com.tr\/index.php\/urun\/elestirel-medya-kuramlari\/","title":{"rendered":"Ele\u015ftirel Medya Kuramlar\u0131"},"content":{"rendered":"<p>\u0130leti\u015fim \u00e7al\u0131\u015fmalar\u0131, anaak\u0131m ileti\u015fim ara\u015ft\u0131rmalar\u0131ndan ve ele\u015ftirel medya kuramlar\u0131ndan olu\u015fmaktad\u0131r. T\u00fcrkiye\u2019de genellikle ileti\u015fim kuramlar\u0131 kitaplar\u0131nda bu iki yakla\u015f\u0131m birarada ele al\u0131nm\u0131\u015ft\u0131r. Bu kitapta 7 kad\u0131n ve 7 erkek akademisyen toplam 14 b\u00f6l\u00fcmde yaln\u0131zca ele\u015ftirel medya kuramlar\u0131n\u0131 anlatmaktad\u0131r. Ele\u015ftirel medya kuramlar\u0131, pozitif ya da negatif olmak \u00fczere bir bi\u00e7imde Marksizmle ili\u015fkilidir. Ekonomi politik gibi Marksist iktisat k\u00f6kenli yakla\u015f\u0131mdan, postyap\u0131salc\u0131l\u0131k gibi Marksizmi kabul etmeyen yakla\u015f\u0131ma kadar bir\u00e7ok yakla\u015f\u0131mdan olu\u015fmaktad\u0131r. Bu nedenle birinci b\u00f6l\u00fcm \u201cMarksizmin Miras\u0131\u201dndan olu\u015fturulmu\u015ftur. Ba\u015flang\u0131\u00e7ta ekonomi politik yakla\u015f\u0131m\u0131n yan\u0131 s\u0131ra k\u00fclt\u00fcrel \u00e7al\u0131\u015fmalar ve yap\u0131salc\u0131l\u0131k da ele\u015ftirel medya kuramlar\u0131 i\u00e7ine konmaktayd\u0131. Ancak g\u00fcn\u00fcm\u00fczdeki medya ortam\u0131n\u0131 bu yakla\u015f\u0131mlarla a\u00e7\u0131klamak yeterli olmayacakt\u0131r. Bu nedenle kitapta ele\u015ftirel medya kuramlar\u0131na yenileri eklenmi\u015f ve 13 kuramdan olu\u015fturulmu\u015ftur. Son b\u00f6l\u00fcm ise ele\u015ftirel medya kuramlar\u0131n\u0131n y\u00f6ntemine ayr\u0131lm\u0131\u015ft\u0131r. Kitab\u0131n Giri\u015f\u2019inde de Edit\u00f6r Prof. Dr. \u00d6mer \u00d6zer anaak\u0131m ve ele\u015ftirel medya kuramlar\u0131n\u0131 genel olarak de\u011ferlendiren bir sunum yapm\u0131\u015ft\u0131r. Kitap, kendini ileti\u015fim alan\u0131 i\u00e7inde konumland\u0131ran herkese seslenmektedir. Lisans, Y\u00fcksek Lisans ve Doktora programlar\u0131nda rahatl\u0131kla okutulabilecek bir i\u00e7erik ve yap\u0131ya sahiptir. <\/p>\n","protected":false},"excerpt":{"rendered":"<p>\u0130leti\u015fim \u00e7al\u0131\u015fmalar\u0131, anaak\u0131m ileti\u015fim ara\u015ft\u0131rmalar\u0131ndan ve ele\u015ftirel medya kuramlar\u0131ndan olu\u015fmaktad\u0131r. T\u00fcrkiye\u2019de genellikle ileti\u015fim kuramlar\u0131 kitaplar\u0131nda bu iki yakla\u015f\u0131m birarada ele al\u0131nm\u0131\u015ft\u0131r. Bu kitapta 7 kad\u0131n ve<span class=\"excerpt-hellip\"> [\u2026]<\/span><\/p>\n","protected":false},"featured_media":0,"template":"","meta":{"_monsterinsights_skip_tracking":false,"_monsterinsights_sitenote_active":false,"_monsterinsights_sitenote_note":"","_monsterinsights_sitenote_category":0},"product_brand":[],"product_cat":[15983,13488],"product_tag":[],"class_list":{"0":"post-731869","1":"product","2":"type-product","3":"status-publish","5":"product_cat-iletisim-ve-medya","6":"product_cat-toplum-ve-insan","7":"pa_cilt-ciltsiz","8":"pa_tur-kitap","9":"pa_yayinevi-siyasal-kitabevi","10":"pa_yazar-siyasal-kitabevi-kolektif","12":"first","13":"instock","14":"sale","15":"shipping-taxable","16":"purchasable","17":"product-type-simple"},"_links":{"self":[{"href":"https:\/\/roveyayinevi.com.tr\/index.php\/wp-json\/wp\/v2\/product\/731869","targetHints":{"allow":["GET"]}}],"collection":[{"href":"https:\/\/roveyayinevi.com.tr\/index.php\/wp-json\/wp\/v2\/product"}],"about":[{"href":"https:\/\/roveyayinevi.com.tr\/index.php\/wp-json\/wp\/v2\/types\/product"}],"wp:attachment":[{"href":"https:\/\/roveyayinevi.com.tr\/index.php\/wp-json\/wp\/v2\/media?parent=731869"}],"wp:term":[{"taxonomy":"product_brand","embeddable":true,"href":"https:\/\/roveyayinevi.com.tr\/index.php\/wp-json\/wp\/v2\/product_brand?post=731869"},{"taxonomy":"product_cat","embeddable":true,"href":"https:\/\/roveyayinevi.com.tr\/index.php\/wp-json\/wp\/v2\/product_cat?post=731869"},{"taxonomy":"product_tag","embeddable":true,"href":"https:\/\/roveyayinevi.com.tr\/index.php\/wp-json\/wp\/v2\/product_tag?post=731869"}],"curies":[{"name":"wp","href":"https:\/\/api.w.org\/{rel}","templated":true}]}}