{"id":731867,"date":"2025-08-27T21:39:54","date_gmt":"2025-08-27T18:39:54","guid":{"rendered":"https:\/\/roveyayinevi.com.tr\/index.php\/urun\/manzum-yazdim-oykumu-ve-amcamin-karbogazi-destani\/"},"modified":"2026-04-16T02:39:49","modified_gmt":"2026-04-15T23:39:49","slug":"manzum-yazdim-oykumu-ve-amcamin-karbogazi-destani","status":"publish","type":"product","link":"https:\/\/roveyayinevi.com.tr\/index.php\/urun\/manzum-yazdim-oykumu-ve-amcamin-karbogazi-destani\/","title":{"rendered":"Manzum Yazd\u0131m \u00d6yk\u00fcm\u00fc ve Amcam\u0131n Karbo\u011faz\u0131 Destan\u0131"},"content":{"rendered":"<p>Manzum olarak yazd\u0131\u011f\u0131m bu \u00f6yk\u00fcy\u00fc, \u00f6nce kendi an\u0131m, kendi hobim olarak yazm\u0131\u015ft\u0131m. Ortaokula giderken, baz\u0131lar\u0131 gibi \u00f6zel defterler alarak de\u011fil de bir y\u0131l \u00f6nceden yar\u0131m kalm\u0131\u015f defterlerin kalan bo\u015f sayfalar\u0131na, \u00e7o\u011fu zaman, uzun uzun, g\u00fcnl\u00fck an\u0131lar\u0131m\u0131 yazm\u0131\u015ft\u0131m. Bazen yazmad\u0131\u011f\u0131m g\u00fcnlerde olmu\u015ftu ama birka\u00e7 g\u00fcn sonra, o yazmad\u0131\u011f\u0131m g\u00fcnleri de i\u00e7ine alacak \u015fekilde anlatm\u0131\u015f\u0131m arada bir o g\u00fcn\u00fcn durumuna uygun \u015fiirler de yazm\u0131\u015f\u0131m.   Sonra nas\u0131l akl\u0131ma geldi, \u015fimdi pek hat\u0131rlam\u0131yorum, bu an\u0131lar\u0131 manzum olarak yazmaya ba\u015flad\u0131m. Bir miktar, yazd\u0131ktan sonra bakt\u0131m, ben sadece an\u0131m\u0131 yazm\u0131yorum, yak\u0131n tarihle ilgili ya\u015fanm\u0131\u015fl\u0131klar\u0131, yaz\u0131yorum. Bir tarih yaz\u0131yorum. <\/p>\n","protected":false},"excerpt":{"rendered":"<p>Manzum olarak yazd\u0131\u011f\u0131m bu \u00f6yk\u00fcy\u00fc, \u00f6nce kendi an\u0131m, kendi hobim olarak yazm\u0131\u015ft\u0131m. Ortaokula giderken, baz\u0131lar\u0131 gibi \u00f6zel defterler alarak de\u011fil de bir y\u0131l \u00f6nceden yar\u0131m kalm\u0131\u015f<span class=\"excerpt-hellip\"> [\u2026]<\/span><\/p>\n","protected":false},"featured_media":0,"template":"","meta":{"_monsterinsights_skip_tracking":false,"_monsterinsights_sitenote_active":false,"_monsterinsights_sitenote_note":"","_monsterinsights_sitenote_category":0},"product_brand":[],"product_cat":[12291,12509],"product_tag":[],"class_list":{"0":"post-731867","1":"product","2":"type-product","3":"status-publish","5":"product_cat-edebiyat","6":"product_cat-siir","7":"pa_cilt-ciltsiz","8":"pa_tur-kitap","9":"pa_yayinevi-gulnar-yayinlari","10":"pa_yazar-emin-yildirim","12":"first","13":"instock","14":"sale","15":"shipping-taxable","16":"purchasable","17":"product-type-simple"},"_links":{"self":[{"href":"https:\/\/roveyayinevi.com.tr\/index.php\/wp-json\/wp\/v2\/product\/731867","targetHints":{"allow":["GET"]}}],"collection":[{"href":"https:\/\/roveyayinevi.com.tr\/index.php\/wp-json\/wp\/v2\/product"}],"about":[{"href":"https:\/\/roveyayinevi.com.tr\/index.php\/wp-json\/wp\/v2\/types\/product"}],"wp:attachment":[{"href":"https:\/\/roveyayinevi.com.tr\/index.php\/wp-json\/wp\/v2\/media?parent=731867"}],"wp:term":[{"taxonomy":"product_brand","embeddable":true,"href":"https:\/\/roveyayinevi.com.tr\/index.php\/wp-json\/wp\/v2\/product_brand?post=731867"},{"taxonomy":"product_cat","embeddable":true,"href":"https:\/\/roveyayinevi.com.tr\/index.php\/wp-json\/wp\/v2\/product_cat?post=731867"},{"taxonomy":"product_tag","embeddable":true,"href":"https:\/\/roveyayinevi.com.tr\/index.php\/wp-json\/wp\/v2\/product_tag?post=731867"}],"curies":[{"name":"wp","href":"https:\/\/api.w.org\/{rel}","templated":true}]}}