{"id":731866,"date":"2025-08-27T21:39:54","date_gmt":"2025-08-27T18:39:54","guid":{"rendered":"https:\/\/roveyayinevi.com.tr\/index.php\/urun\/kurt-damgasi\/"},"modified":"2026-04-16T02:39:49","modified_gmt":"2026-04-15T23:39:49","slug":"kurt-damgasi","status":"publish","type":"product","link":"https:\/\/roveyayinevi.com.tr\/index.php\/urun\/kurt-damgasi\/","title":{"rendered":"K\u00fcrt Damgas\u0131"},"content":{"rendered":"<p>\u201cS\u0131n\u0131fta neredeyse herkes uzayl\u0131 g\u00f6rm\u00fc\u015f gibi benimle konu\u015fmaktan \u00e7ekiniyordu, konu\u015fanlar\u0131 da uyar\u0131yorlard\u0131\u2026 Sonra bakt\u0131lar, s\u0131navlarda bunlara yard\u0131m ettim, ders notlar\u0131 verdim, belli bir diyalog geli\u015fmeye ba\u015flad\u0131. Sosyal aktivitelerde benimle konu\u015fmak zorunda kald\u0131lar ve bakt\u0131lar ki kar\u015f\u0131lar\u0131nda insan var, \u015fa\u015f\u0131rd\u0131lar. Bizim oradaki insanlar\u0131 kaba, k\u0131r\u0131c\u0131 insanlar olarak d\u00fc\u015f\u00fcn\u00fcyorlar. (\u2026) Kimli\u011fimi g\u00f6sterdim inans\u0131nlar diye. \u2018Hay\u0131r, sen oral\u0131 olamazs\u0131n\u2019 diyorlar, inanm\u0131yorlar, art\u0131k iyi bir ili\u015fkimiz var.\u201d   Serkan Turgut, K\u00fcrt gen\u00e7lerinin az\u0131nl\u0131kta oldu\u011fu bir yerde, \u0130zmir\u2019de okullarda ya\u015fad\u0131klar\u0131 d\u0131\u015flanma ve damgalanma pratiklerinin ayr\u0131nt\u0131l\u0131 bir tablosunu \u00e7iziyor ve analizini yap\u0131yor. Damgalaman\u0131n siyasi-ideolojik h\u00fck\u00fcmlerin berisindeki, s\u0131radan, g\u00fcndelik dinamiklerine mercek tutuyor. \u201cK\u00fcrt\u201d s\u00f6z\u00fcn\u00fcn, bir lise \u00f6\u011frencisinin tespitiyle, nas\u0131l \u201cargo bir kelimeye\u201d d\u00f6n\u00fc\u015febildi\u011fini sorguluyor. Damgalamaya maruz kalanlar\u0131n davran\u0131\u015flar\u0131na da bak\u0131yor, kitap. Kar\u015f\u0131 koymak, damgalamalar\u0131 yan\u0131ts\u0131z b\u0131rakmak, damgalanan gruptan bireysel olarak kendini ay\u0131rmaya \u00e7al\u0131\u015fmak, ili\u015fkiye girmekten veya kendini \u201cbelli etmekten\u201d ka\u00e7\u0131nmak, s\u00f6ylemsel d\u00fczeyde ba\u015fa \u00e7\u0131kmaya \u00e7al\u0131\u015fmak gibi stratejilerin nas\u0131l i\u015fledi\u011fine e\u011filiyor. K\u00fcrt Damgas\u0131, T\u00fcrkiye\u2019de ayr\u0131mc\u0131l\u0131\u011f\u0131n, s\u0131radan \u0131rk\u00e7\u0131l\u0131\u011f\u0131n mekanizmalar\u0131 hakk\u0131nda incelikli bir \u00e7al\u0131\u015fma.<\/p>\n","protected":false},"excerpt":{"rendered":"<p>\u201cS\u0131n\u0131fta neredeyse herkes uzayl\u0131 g\u00f6rm\u00fc\u015f gibi benimle konu\u015fmaktan \u00e7ekiniyordu, konu\u015fanlar\u0131 da uyar\u0131yorlard\u0131\u2026 Sonra bakt\u0131lar, s\u0131navlarda bunlara yard\u0131m ettim, ders notlar\u0131 verdim, belli bir diyalog geli\u015fmeye ba\u015flad\u0131.<span class=\"excerpt-hellip\"> [\u2026]<\/span><\/p>\n","protected":false},"featured_media":0,"template":"","meta":{"_monsterinsights_skip_tracking":false,"_monsterinsights_sitenote_active":false,"_monsterinsights_sitenote_note":"","_monsterinsights_sitenote_category":0},"product_brand":[],"product_cat":[13590,12337],"product_tag":[],"class_list":{"0":"post-731866","1":"product","2":"type-product","3":"status-publish","5":"product_cat-arastirma-inceleme-politika-siyaset","6":"product_cat-politika-siyaset","7":"pa_cilt-ciltsiz","8":"pa_tur-kitap","9":"pa_yayinevi-iletisim-yayinlari","10":"pa_yazar-serkan-turgut","12":"first","13":"instock","14":"sale","15":"shipping-taxable","16":"purchasable","17":"product-type-simple"},"_links":{"self":[{"href":"https:\/\/roveyayinevi.com.tr\/index.php\/wp-json\/wp\/v2\/product\/731866","targetHints":{"allow":["GET"]}}],"collection":[{"href":"https:\/\/roveyayinevi.com.tr\/index.php\/wp-json\/wp\/v2\/product"}],"about":[{"href":"https:\/\/roveyayinevi.com.tr\/index.php\/wp-json\/wp\/v2\/types\/product"}],"wp:attachment":[{"href":"https:\/\/roveyayinevi.com.tr\/index.php\/wp-json\/wp\/v2\/media?parent=731866"}],"wp:term":[{"taxonomy":"product_brand","embeddable":true,"href":"https:\/\/roveyayinevi.com.tr\/index.php\/wp-json\/wp\/v2\/product_brand?post=731866"},{"taxonomy":"product_cat","embeddable":true,"href":"https:\/\/roveyayinevi.com.tr\/index.php\/wp-json\/wp\/v2\/product_cat?post=731866"},{"taxonomy":"product_tag","embeddable":true,"href":"https:\/\/roveyayinevi.com.tr\/index.php\/wp-json\/wp\/v2\/product_tag?post=731866"}],"curies":[{"name":"wp","href":"https:\/\/api.w.org\/{rel}","templated":true}]}}