{"id":731865,"date":"2025-08-27T21:39:52","date_gmt":"2025-08-27T18:39:52","guid":{"rendered":"https:\/\/roveyayinevi.com.tr\/index.php\/urun\/sana-kalbimi-actim\/"},"modified":"2026-04-16T02:39:49","modified_gmt":"2026-04-15T23:39:49","slug":"sana-kalbimi-actim","status":"publish","type":"product","link":"https:\/\/roveyayinevi.com.tr\/index.php\/urun\/sana-kalbimi-actim\/","title":{"rendered":"Sana Kalbimi A\u00e7t\u0131m"},"content":{"rendered":"<p>Sana Kalbimi A\u00e7t\u0131mJulia Quinn The New York Times\u2019\u0131n \u00e7oksatan \u00f6d\u00fcll\u00fc yazar\u0131, tarihi kurgu kitaplar\u0131n\u0131n krali\u00e7esi Julia Quinn\u2019den tutkunun, iyili\u011fin ve heyecan\u0131n doruklar\u0131nda bir a\u015fk roman\u0131&#8230; Bu hafta herkes Leydi Neeley\u2019nin sal\u0131 ak\u015fam\u0131 verece\u011fi ziyafeti iple \u00e7ekiyor. Konuklar say\u0131ca pek fazla de\u011fil, se\u00e7kin de say\u0131lmazlar ama ge\u00e7en senenin ziyafeti, \u00f6zellikle de ziyafetin men\u00fcs\u00fc dillerden d\u00fc\u015fm\u00fcyor ve bu y\u00fczden g\u00f6bek \u00e7evresi b\u00fcy\u00fck\u00e7e olanlar ba\u015fta olmak \u00fczere t\u00fcm Londral\u0131lar bu seneki davete kat\u0131lmaya can at\u0131yor. Bu sat\u0131rlar\u0131n yazar\u0131na bir davetiye bah\u015fedilmedi; bu sebepten kendisi bir testi \u015farap, bir somun ekmek ve gazetedeki k\u00f6\u015fesiyle evde k\u00f6s k\u00f6s oturmak durumunda. Neyse ki, sevgili okurlar, ona ac\u0131man\u0131za gerek yok. Zira yemekli vodvilin konuklar\u0131n\u0131n aksine o, Leydi Neeley\u2019nin muhabbetine katlanmak zorunda kalmayacak! LEYD\u0130 WHISTLEDOWN\u2019IN CEM\u0130YET NOTLARI, 27 May\u0131s 1816 Haftan\u0131n en g\u00f6zde daveti, Leydi Neeley\u2019nin yakut bilezi\u011finin \u00e7al\u0131nmas\u0131yla son g\u00fcnlerin en me\u015fhur davetine d\u00f6n\u00fc\u015fm\u00fc\u015ft\u00fc. Ancak davetlilerden iki ki\u015fi i\u00e7in bu olayl\u0131 gece bir polisiyeden \u00e7ok daha fazla heyecan vadediyor: Zarafetiyle ve muhte\u015fem \u00e7eyiziyle sezonun zengin bek\u00e2rlar\u0131ndan Leydi Mathilda Howard ve servet avc\u0131l\u0131\u011f\u0131yla \u00fcn salm\u0131\u015f, yak\u0131\u015f\u0131kl\u0131 be\u015f paras\u0131z asker Peter Thompson. Onlar t\u00fcm benlikleriyle a\u015fka d\u00fc\u015fmek \u00fczere. \u00dcstelik haklar\u0131nda \u00e7\u0131kan t\u00fcm dedikodulara ra\u011fmen&#8230; Sana Kalbimi A\u00e7t\u0131m, sizi kusursuz bir a\u015fk\u0131n kollar\u0131nda tutkulu bir dansa davet ediyor! \u201cTam anlam\u0131yla kusursuz bir hik\u00e2yeci.\u201d \u201cJulia Quinn sizi tatl\u0131 d\u00fc\u015flere s\u00fcr\u00fckleyecek.\u201d<\/p>\n","protected":false},"excerpt":{"rendered":"<p>Sana Kalbimi A\u00e7t\u0131mJulia Quinn The New York Times\u2019\u0131n \u00e7oksatan \u00f6d\u00fcll\u00fc yazar\u0131, tarihi kurgu kitaplar\u0131n\u0131n krali\u00e7esi Julia Quinn\u2019den tutkunun, iyili\u011fin ve heyecan\u0131n doruklar\u0131nda bir a\u015fk roman\u0131&#8230; Bu<span class=\"excerpt-hellip\"> [\u2026]<\/span><\/p>\n","protected":false},"featured_media":0,"template":"","meta":{"_monsterinsights_skip_tracking":false,"_monsterinsights_sitenote_active":false,"_monsterinsights_sitenote_note":"","_monsterinsights_sitenote_category":0},"product_brand":[],"product_cat":[12291,50487],"product_tag":[],"class_list":{"0":"post-731865","1":"product","2":"type-product","3":"status-publish","5":"product_cat-edebiyat","6":"product_cat-kurgu","7":"pa_cilt-ciltsiz","8":"pa_tur-kitap","9":"pa_yayinevi-epsilon-yayinlari","10":"pa_yazar-julia-quinn","12":"first","13":"instock","14":"sale","15":"shipping-taxable","16":"purchasable","17":"product-type-simple"},"_links":{"self":[{"href":"https:\/\/roveyayinevi.com.tr\/index.php\/wp-json\/wp\/v2\/product\/731865","targetHints":{"allow":["GET"]}}],"collection":[{"href":"https:\/\/roveyayinevi.com.tr\/index.php\/wp-json\/wp\/v2\/product"}],"about":[{"href":"https:\/\/roveyayinevi.com.tr\/index.php\/wp-json\/wp\/v2\/types\/product"}],"wp:attachment":[{"href":"https:\/\/roveyayinevi.com.tr\/index.php\/wp-json\/wp\/v2\/media?parent=731865"}],"wp:term":[{"taxonomy":"product_brand","embeddable":true,"href":"https:\/\/roveyayinevi.com.tr\/index.php\/wp-json\/wp\/v2\/product_brand?post=731865"},{"taxonomy":"product_cat","embeddable":true,"href":"https:\/\/roveyayinevi.com.tr\/index.php\/wp-json\/wp\/v2\/product_cat?post=731865"},{"taxonomy":"product_tag","embeddable":true,"href":"https:\/\/roveyayinevi.com.tr\/index.php\/wp-json\/wp\/v2\/product_tag?post=731865"}],"curies":[{"name":"wp","href":"https:\/\/api.w.org\/{rel}","templated":true}]}}