{"id":731864,"date":"2025-08-27T21:39:52","date_gmt":"2025-08-27T18:39:52","guid":{"rendered":"https:\/\/roveyayinevi.com.tr\/index.php\/urun\/kayip-adalet\/"},"modified":"2026-04-16T02:39:49","modified_gmt":"2026-04-15T23:39:49","slug":"kayip-adalet","status":"publish","type":"product","link":"https:\/\/roveyayinevi.com.tr\/index.php\/urun\/kayip-adalet\/","title":{"rendered":"Kay\u0131p Adalet"},"content":{"rendered":"<p>\u201cHakikat ve adalet \u00fcst\u00fcne d\u00fc\u015f\u00fcn\u00fcrken anlama \u00e7abas\u0131na g\u00f6z\u00fcm\u00fcz\u00fcn \u00f6n\u00fcnde on y\u0131llar boyu cereyan eden olaylar\u0131 resm\u00ee yalanlar\u0131n konforuna s\u0131\u011f\u0131nmadan sorgulamakla ba\u015flayabiliriz. Ya\u015fananlar\u0131n hem ihlallerin \u00f6znelerine hem de kolektif olarak hepimize, t\u00fcm topluma ne yapt\u0131\u011f\u0131n\u0131, gelece\u011fimizi nas\u0131l zehirledi\u011fini g\u00f6rmeye \u00e7al\u0131\u015farak&#8230;\u201d Emel Atakt\u00fcrk Sevimli &#8211; Haf\u0131za Merkezi Adaletin \u00f6n\u00fcndeki yap\u0131sal engellerden biri: cezas\u0131zl\u0131k k\u00fclt\u00fcr\u00fc. Su\u00e7 i\u015fleyenlerin, \u00f6zellikle devlet g\u00f6revlisi olduklar\u0131nda korunup kollanmas\u0131; a\u00e7\u0131lan, a\u00e7\u0131labilen davalar\u0131n \u00e7e\u015fitli engellemelerle veya zaman a\u015f\u0131m\u0131na u\u011framas\u0131 sa\u011flanarak bo\u015fa \u00e7\u0131kar\u0131lmas\u0131. Bu kitap, T\u00fcrkiye\u2019nin yak\u0131n ge\u00e7mi\u015finden cezas\u0131zl\u0131k prati\u011finin \u00e7arp\u0131c\u0131 \u00f6rneklerini g\u00f6z \u00f6n\u00fcne seriyor. Ama ayn\u0131 zamanda, cezas\u0131zl\u0131k k\u00fclt\u00fcr\u00fcyle m\u00fccadelenin \u00f6rnekleri bunlar. Hukuk\u00e7ular, insan haklar\u0131 savunucular\u0131, Haf\u0131za Merkezi gibi cezas\u0131zl\u0131k prati\u011fine kar\u015f\u0131 bellek \u00e7al\u0131\u015fmas\u0131 y\u00fcr\u00fcten kurulu\u015flar bu a\u011f\u0131r adaletsizli\u011fin unutulmas\u0131na r\u0131za g\u00f6stermiyorlar. G\u00f6k\u00e7er Tahincio\u011flu\u2019nun derledi\u011fi Kay\u0131p Adalet\u2019te, Levent Pi\u015fkin, Lice davas\u0131n\u0131; Murat Uyurkulak, Hrant Dink cinayeti davas\u0131n\u0131; Burcu Karaka\u015f, 12 Eyl\u00fcl davas\u0131n\u0131; Karin Karaka\u015fl\u0131, Vartinis katliam\u0131 davas\u0131n\u0131; G\u00f6k\u00e7er Tahincio\u011flu, 2006 ilkbahar\u0131nda Diyarbak\u0131r\u2019da \u00f6ld\u00fcr\u00fclen \u00e7ocuklar\u0131n davas\u0131n\u0131; Ali Duran Topuz, Berkin Elvan davas\u0131n\u0131; Y\u0131ld\u0131r\u0131m T\u00fcrker, Silopi\u2019de yataklar\u0131nda uyurken \u00f6ld\u00fcr\u00fclen iki \u00e7ocu\u011fun davas\u0131n\u0131; Kemal G\u00f6kta\u015f, J\u0130TEM davalar\u0131n\u0131 yazd\u0131.<\/p>\n","protected":false},"excerpt":{"rendered":"<p>\u201cHakikat ve adalet \u00fcst\u00fcne d\u00fc\u015f\u00fcn\u00fcrken anlama \u00e7abas\u0131na g\u00f6z\u00fcm\u00fcz\u00fcn \u00f6n\u00fcnde on y\u0131llar boyu cereyan eden olaylar\u0131 resm\u00ee yalanlar\u0131n konforuna s\u0131\u011f\u0131nmadan sorgulamakla ba\u015flayabiliriz. Ya\u015fananlar\u0131n hem ihlallerin \u00f6znelerine hem<span class=\"excerpt-hellip\"> [\u2026]<\/span><\/p>\n","protected":false},"featured_media":0,"template":"","meta":{"_monsterinsights_skip_tracking":false,"_monsterinsights_sitenote_active":false,"_monsterinsights_sitenote_note":"","_monsterinsights_sitenote_category":0},"product_brand":[],"product_cat":[13059,12337],"product_tag":[],"class_list":{"0":"post-731864","1":"product","2":"type-product","3":"status-publish","5":"product_cat-diger-politika-siyaset","6":"product_cat-politika-siyaset","7":"pa_cilt-ciltsiz","8":"pa_tur-kitap","9":"pa_yayinevi-iletisim-yayinlari","10":"pa_yazar-gokcer-tahincioglu","12":"first","13":"instock","14":"sale","15":"shipping-taxable","16":"purchasable","17":"product-type-simple"},"_links":{"self":[{"href":"https:\/\/roveyayinevi.com.tr\/index.php\/wp-json\/wp\/v2\/product\/731864","targetHints":{"allow":["GET"]}}],"collection":[{"href":"https:\/\/roveyayinevi.com.tr\/index.php\/wp-json\/wp\/v2\/product"}],"about":[{"href":"https:\/\/roveyayinevi.com.tr\/index.php\/wp-json\/wp\/v2\/types\/product"}],"wp:attachment":[{"href":"https:\/\/roveyayinevi.com.tr\/index.php\/wp-json\/wp\/v2\/media?parent=731864"}],"wp:term":[{"taxonomy":"product_brand","embeddable":true,"href":"https:\/\/roveyayinevi.com.tr\/index.php\/wp-json\/wp\/v2\/product_brand?post=731864"},{"taxonomy":"product_cat","embeddable":true,"href":"https:\/\/roveyayinevi.com.tr\/index.php\/wp-json\/wp\/v2\/product_cat?post=731864"},{"taxonomy":"product_tag","embeddable":true,"href":"https:\/\/roveyayinevi.com.tr\/index.php\/wp-json\/wp\/v2\/product_tag?post=731864"}],"curies":[{"name":"wp","href":"https:\/\/api.w.org\/{rel}","templated":true}]}}