{"id":731863,"date":"2025-08-27T21:39:50","date_gmt":"2025-08-27T18:39:50","guid":{"rendered":"https:\/\/roveyayinevi.com.tr\/index.php\/urun\/erken-gelen-turnalar\/"},"modified":"2026-04-16T02:39:49","modified_gmt":"2026-04-15T23:39:49","slug":"erken-gelen-turnalar","status":"publish","type":"product","link":"https:\/\/roveyayinevi.com.tr\/index.php\/urun\/erken-gelen-turnalar\/","title":{"rendered":"Erken Gelen Turnalar"},"content":{"rendered":"<p>B\u00fcy\u00fcmek, olgunla\u015fmak, yeti\u015fkin olmak ne demektir? Ki\u015fi, ne zaman bir \u00e7ocuk olmaktan \u00e7\u0131kar ya da nas\u0131l sorumluluk sahibi bir birey olur? Hayat\u0131n kendisine y\u00fckledi\u011fi g\u00f6rev ve \u00f6devleri yerine getirdi\u011finde mi, yoksa \u00e7evresindeki d\u00fcnyaya, ona dayat\u0131lan ko\u015fullara ba\u015fkald\u0131r\u0131p hesapla\u015ft\u0131\u011f\u0131nda m\u0131?Cengiz Aytmatov, Erken Gelen Turnalar\u2019da erginle\u015fmeye dair bu evrensel sorulara cevap ar\u0131yor. Okul s\u0131ralar\u0131ndan kalk\u0131p do\u011fa ve insanlarla amans\u0131z bir m\u00fccadeleye girmeye mecbur edilen Sultanmurat ve d\u00f6rt arkada\u015f\u0131n\u0131n hik\u00e2yesi Erken Gelen Turnalar. Beraberinde getirdi\u011fi t\u00fcm o y\u0131k\u0131mla sava\u015f\u0131n, do\u011fan\u0131n ve -ku\u015fkusuz- toplumsal hayat\u0131n sert ve ac\u0131mas\u0131z ko\u015fullar\u0131n\u0131n orta yerinde k\u0131yas\u0131ya bir m\u00fccadelenin, olgunla\u015fman\u0131n, b\u00fcy\u00fcmenin ve yeti\u015fkin olman\u0131n hik\u00e2yesi.<\/p>\n","protected":false},"excerpt":{"rendered":"<p>B\u00fcy\u00fcmek, olgunla\u015fmak, yeti\u015fkin olmak ne demektir? Ki\u015fi, ne zaman bir \u00e7ocuk olmaktan \u00e7\u0131kar ya da nas\u0131l sorumluluk sahibi bir birey olur? Hayat\u0131n kendisine y\u00fckledi\u011fi g\u00f6rev ve<span class=\"excerpt-hellip\"> [\u2026]<\/span><\/p>\n","protected":false},"featured_media":0,"template":"","meta":{"_monsterinsights_skip_tracking":false,"_monsterinsights_sitenote_active":false,"_monsterinsights_sitenote_note":"","_monsterinsights_sitenote_category":0},"product_brand":[],"product_cat":[12291,12711],"product_tag":[],"class_list":{"0":"post-731863","1":"product","2":"type-product","3":"status-publish","5":"product_cat-edebiyat","6":"product_cat-roman-oyku","7":"pa_cilt-ciltsiz","8":"pa_tur-kitap","9":"pa_yayinevi-ketebe-yayinlari","10":"pa_yazar-cengiz-aytmatov","12":"first","13":"instock","14":"sale","15":"shipping-taxable","16":"purchasable","17":"product-type-simple"},"_links":{"self":[{"href":"https:\/\/roveyayinevi.com.tr\/index.php\/wp-json\/wp\/v2\/product\/731863","targetHints":{"allow":["GET"]}}],"collection":[{"href":"https:\/\/roveyayinevi.com.tr\/index.php\/wp-json\/wp\/v2\/product"}],"about":[{"href":"https:\/\/roveyayinevi.com.tr\/index.php\/wp-json\/wp\/v2\/types\/product"}],"wp:attachment":[{"href":"https:\/\/roveyayinevi.com.tr\/index.php\/wp-json\/wp\/v2\/media?parent=731863"}],"wp:term":[{"taxonomy":"product_brand","embeddable":true,"href":"https:\/\/roveyayinevi.com.tr\/index.php\/wp-json\/wp\/v2\/product_brand?post=731863"},{"taxonomy":"product_cat","embeddable":true,"href":"https:\/\/roveyayinevi.com.tr\/index.php\/wp-json\/wp\/v2\/product_cat?post=731863"},{"taxonomy":"product_tag","embeddable":true,"href":"https:\/\/roveyayinevi.com.tr\/index.php\/wp-json\/wp\/v2\/product_tag?post=731863"}],"curies":[{"name":"wp","href":"https:\/\/api.w.org\/{rel}","templated":true}]}}