{"id":731862,"date":"2025-08-27T21:39:49","date_gmt":"2025-08-27T18:39:49","guid":{"rendered":"https:\/\/roveyayinevi.com.tr\/index.php\/urun\/elveda-gulsari-2\/"},"modified":"2026-04-16T02:39:49","modified_gmt":"2026-04-15T23:39:49","slug":"elveda-gulsari-2","status":"publish","type":"product","link":"https:\/\/roveyayinevi.com.tr\/index.php\/urun\/elveda-gulsari-2\/","title":{"rendered":"Elveda G\u00fclsar\u0131"},"content":{"rendered":"<p>B\u00fcy\u00fck anlat\u0131c\u0131 Cengiz Aytmatov, opus magnum\u2019lar\u0131ndan biri olan Elveda G\u00fclsar\u0131\u2019da, G\u00fclsar\u0131 nam \u00fcnl\u00fc bir cins at\u0131n ve sahibi Tanabay\u2019\u0131n \u00e7alkant\u0131larla dolu hayat hik\u00e2yelerini okura sunar. \u00c7arl\u0131k Rusyas\u0131\u2019n\u0131n y\u0131k\u0131lmas\u0131yla \u00f6zg\u00fcrl\u00fcklerine kavu\u015fan K\u0131rg\u0131zlar\u0131n ya\u015fad\u0131\u011f\u0131 b\u00fcy\u00fck co\u015fku; de\u011fi\u015fim fikrinin b\u00fcy\u00fcs\u00fc, toplum-birey ve insan-do\u011fa aras\u0131ndaki ili\u015fki ustal\u0131kla ve realist bir bi\u00e7imde dile gelir romanda. \u00d6zg\u00fcrl\u00fc\u011f\u00fcn hemen ard\u0131ndan s\u00f6k\u00fcn eden yozla\u015fma, b\u00fcrokratikle\u015fme ve \u00e7\u00f6k\u00fc\u015f ise tek kelimeyle h\u00fcz\u00fcnl\u00fcd\u00fcr. Prati\u011fin teoriyle \u00f6rt\u00fc\u015fmedi\u011fi o \u00e7eli\u015fki dolu noktada ise bir \u00f6z ele\u015ftiri ba\u015flar.Elveda G\u00fclsar\u0131 ya\u015famla \u00f6l\u00fcm\u00fcn s\u0131n\u0131r\u0131nda bir muhasebedir!Bir at\u0131n ya\u015fam d\u00f6ng\u00fcs\u00fcyle insan\u0131n ve toplumun ya\u015fam d\u00f6ng\u00fcs\u00fcn\u00fc, \u201cevcille\u015fme\u201dyle \u201cmodernle\u015fme\u201dnin trajik sonu\u00e7lar\u0131n\u0131 m\u00fckemmel bir bi\u00e7imde anlatan g\u00f6rkemli bir a\u011f\u0131tt\u0131r Elveda G\u00fclsar\u0131. Yitirilen \u00f6zg\u00fcrl\u00fc\u011fe, e\u015fitli\u011fe ve karde\u015fli\u011fe yak\u0131lan bir a\u011f\u0131t\u2026<\/p>\n","protected":false},"excerpt":{"rendered":"<p>B\u00fcy\u00fck anlat\u0131c\u0131 Cengiz Aytmatov, opus magnum\u2019lar\u0131ndan biri olan Elveda G\u00fclsar\u0131\u2019da, G\u00fclsar\u0131 nam \u00fcnl\u00fc bir cins at\u0131n ve sahibi Tanabay\u2019\u0131n \u00e7alkant\u0131larla dolu hayat hik\u00e2yelerini okura sunar. \u00c7arl\u0131k<span class=\"excerpt-hellip\"> [\u2026]<\/span><\/p>\n","protected":false},"featured_media":0,"template":"","meta":{"_monsterinsights_skip_tracking":false,"_monsterinsights_sitenote_active":false,"_monsterinsights_sitenote_note":"","_monsterinsights_sitenote_category":0},"product_brand":[],"product_cat":[12291,12711],"product_tag":[],"class_list":{"0":"post-731862","1":"product","2":"type-product","3":"status-publish","5":"product_cat-edebiyat","6":"product_cat-roman-oyku","7":"pa_cilt-ciltsiz","8":"pa_tur-kitap","9":"pa_yayinevi-ketebe-yayinlari","10":"pa_yazar-cengiz-aytmatov","12":"first","13":"instock","14":"sale","15":"shipping-taxable","16":"purchasable","17":"product-type-simple"},"_links":{"self":[{"href":"https:\/\/roveyayinevi.com.tr\/index.php\/wp-json\/wp\/v2\/product\/731862","targetHints":{"allow":["GET"]}}],"collection":[{"href":"https:\/\/roveyayinevi.com.tr\/index.php\/wp-json\/wp\/v2\/product"}],"about":[{"href":"https:\/\/roveyayinevi.com.tr\/index.php\/wp-json\/wp\/v2\/types\/product"}],"wp:attachment":[{"href":"https:\/\/roveyayinevi.com.tr\/index.php\/wp-json\/wp\/v2\/media?parent=731862"}],"wp:term":[{"taxonomy":"product_brand","embeddable":true,"href":"https:\/\/roveyayinevi.com.tr\/index.php\/wp-json\/wp\/v2\/product_brand?post=731862"},{"taxonomy":"product_cat","embeddable":true,"href":"https:\/\/roveyayinevi.com.tr\/index.php\/wp-json\/wp\/v2\/product_cat?post=731862"},{"taxonomy":"product_tag","embeddable":true,"href":"https:\/\/roveyayinevi.com.tr\/index.php\/wp-json\/wp\/v2\/product_tag?post=731862"}],"curies":[{"name":"wp","href":"https:\/\/api.w.org\/{rel}","templated":true}]}}