{"id":731861,"date":"2025-08-27T21:39:48","date_gmt":"2025-08-27T18:39:48","guid":{"rendered":"https:\/\/roveyayinevi.com.tr\/index.php\/urun\/deve-gozu-2\/"},"modified":"2026-04-16T02:39:49","modified_gmt":"2026-04-15T23:39:49","slug":"deve-gozu-2","status":"publish","type":"product","link":"https:\/\/roveyayinevi.com.tr\/index.php\/urun\/deve-gozu-2\/","title":{"rendered":"Deve G\u00f6z\u00fc"},"content":{"rendered":"<p>Cengiz Aytmatov\u2019dan insan\u0131n yery\u00fcz\u00fc m\u00fccadelesi, kendisi ve d\u00fcnya ile y\u00fczle\u015fmesi \u00fczerine \u00e7arp\u0131c\u0131 iki \u00f6yk\u00fc.Anarhay bozk\u0131r\u0131n\u0131n \u00e7orak topraklar\u0131nda do\u011faya ve insan ruhunun k\u00f6t\u00fcc\u00fcl yan\u0131na kar\u015f\u0131 verilen \u00e7etin bir m\u00fccadeleyi konu edinen Deve G\u00f6z\u00fc, sab\u0131r ve dirayetin \u201czor\u201d olan\u0131 \u201ckolay\u201d k\u0131l\u0131\u015f\u0131n\u0131 anlat\u0131r. Hep daha \u00f6tesini hayal edenlerin, kolayca pes etmeyenlerin kazanaca\u011f\u0131 zaferler vard\u0131r elbet.Baydamtal Irma\u011f\u0131nda ise h\u0131rs ve tamahk\u00e2rl\u0131\u011f\u0131n y\u0131k\u0131c\u0131 yap\u0131s\u0131na e\u011filir. \u0130\u015fini hakk\u0131yla yapmak isterken h\u0131rs\u0131na kar\u015f\u0131 verdi\u011fi m\u00fccadelede yenik d\u00fc\u015fen bir adam\u0131n i\u00e7sel \u00e7at\u0131\u015fmalar\u0131 ve kendi karanl\u0131\u011f\u0131 ile y\u00fczle\u015fmesini konu edinir.<\/p>\n","protected":false},"excerpt":{"rendered":"<p>Cengiz Aytmatov\u2019dan insan\u0131n yery\u00fcz\u00fc m\u00fccadelesi, kendisi ve d\u00fcnya ile y\u00fczle\u015fmesi \u00fczerine \u00e7arp\u0131c\u0131 iki \u00f6yk\u00fc.Anarhay bozk\u0131r\u0131n\u0131n \u00e7orak topraklar\u0131nda do\u011faya ve insan ruhunun k\u00f6t\u00fcc\u00fcl yan\u0131na kar\u015f\u0131 verilen \u00e7etin<span class=\"excerpt-hellip\"> [\u2026]<\/span><\/p>\n","protected":false},"featured_media":0,"template":"","meta":{"_monsterinsights_skip_tracking":false,"_monsterinsights_sitenote_active":false,"_monsterinsights_sitenote_note":"","_monsterinsights_sitenote_category":0},"product_brand":[],"product_cat":[12291,18202],"product_tag":[],"class_list":{"0":"post-731861","1":"product","2":"type-product","3":"status-publish","5":"product_cat-edebiyat","6":"product_cat-hikaye","7":"pa_cilt-ciltsiz","8":"pa_tur-kitap","9":"pa_yayinevi-ketebe-yayinlari","10":"pa_yazar-cengiz-aytmatov","12":"first","13":"instock","14":"sale","15":"shipping-taxable","16":"purchasable","17":"product-type-simple"},"_links":{"self":[{"href":"https:\/\/roveyayinevi.com.tr\/index.php\/wp-json\/wp\/v2\/product\/731861","targetHints":{"allow":["GET"]}}],"collection":[{"href":"https:\/\/roveyayinevi.com.tr\/index.php\/wp-json\/wp\/v2\/product"}],"about":[{"href":"https:\/\/roveyayinevi.com.tr\/index.php\/wp-json\/wp\/v2\/types\/product"}],"wp:attachment":[{"href":"https:\/\/roveyayinevi.com.tr\/index.php\/wp-json\/wp\/v2\/media?parent=731861"}],"wp:term":[{"taxonomy":"product_brand","embeddable":true,"href":"https:\/\/roveyayinevi.com.tr\/index.php\/wp-json\/wp\/v2\/product_brand?post=731861"},{"taxonomy":"product_cat","embeddable":true,"href":"https:\/\/roveyayinevi.com.tr\/index.php\/wp-json\/wp\/v2\/product_cat?post=731861"},{"taxonomy":"product_tag","embeddable":true,"href":"https:\/\/roveyayinevi.com.tr\/index.php\/wp-json\/wp\/v2\/product_tag?post=731861"}],"curies":[{"name":"wp","href":"https:\/\/api.w.org\/{rel}","templated":true}]}}