{"id":731860,"date":"2025-08-27T21:39:47","date_gmt":"2025-08-27T18:39:47","guid":{"rendered":"https:\/\/roveyayinevi.com.tr\/index.php\/urun\/deniz-kiyisinda-kosan-ala-kopek-2\/"},"modified":"2026-04-08T02:48:16","modified_gmt":"2026-04-07T23:48:16","slug":"deniz-kiyisinda-kosan-ala-kopek-2","status":"publish","type":"product","link":"https:\/\/roveyayinevi.com.tr\/index.php\/urun\/deniz-kiyisinda-kosan-ala-kopek-2\/","title":{"rendered":"Deniz K\u0131y\u0131s\u0131nda Ko\u015fan Ala K\u00f6pek"},"content":{"rendered":"<p>Ufuksuz denizler, bitimsiz d\u00fc\u015flere s\u00fcr\u00fckler insan\u0131 bazen. T\u0131pk\u0131 kendisi gibi; u\u00e7suz bucaks\u0131z, ba\u015flang\u0131c\u0131 ve sonu olmayan, birbirine kar\u0131\u015farak \u00e7o\u011falan sonsuz d\u00fc\u015flere. \u00d6l\u00fcmse \u00f6\u011frenmenin en k\u0131sa yoludur kimi zaman\u2026Deneyimli avc\u0131lar Emrayin ve M\u0131lgun k\u00fcreklere as\u0131ladursunlar; ilk av\u0131n\u0131n heyecan\u0131n\u0131 ya\u015fayan k\u00fc\u00e7\u00fck Kirisk ile \u00f6mr\u00fcn\u00fc d\u00fc\u015f kurmakla t\u00fcketmi\u015f Orhan Dede\u2019nin umutlar\u0131, korkular\u0131 ve ku\u015fkusuz hayalleri birbirine kar\u0131\u015fm\u0131\u015f gibidir. Sonsuz beyazl\u0131\u011f\u0131n orta yerinde yapayaln\u0131z kalan Kirisk, ilk av\u0131ndan eli bo\u015f d\u00fcnm\u00fc\u015f olsa da t\u00fcm d\u00fcnyalar\u0131n\u0131 s\u0131\u011fd\u0131rd\u0131klar\u0131 k\u00fc\u00e7\u00fck sandaldaki benzersiz yolculuklar\u0131 ona ya\u015fam\u0131n anlam\u0131n\u0131 kavrama g\u00fcc\u00fcn\u00fc bah\u015fedecektir.\u00c7\u00fcnk\u00fc bazen ya\u015fatmak i\u00e7in \u00f6lmeyi bilmek gerekir!<\/p>\n","protected":false},"excerpt":{"rendered":"<p>Ufuksuz denizler, bitimsiz d\u00fc\u015flere s\u00fcr\u00fckler insan\u0131 bazen. T\u0131pk\u0131 kendisi gibi; u\u00e7suz bucaks\u0131z, ba\u015flang\u0131c\u0131 ve sonu olmayan, birbirine kar\u0131\u015farak \u00e7o\u011falan sonsuz d\u00fc\u015flere. \u00d6l\u00fcmse \u00f6\u011frenmenin en k\u0131sa yoludur<span class=\"excerpt-hellip\"> [\u2026]<\/span><\/p>\n","protected":false},"featured_media":0,"template":"","meta":{"_monsterinsights_skip_tracking":false,"_monsterinsights_sitenote_active":false,"_monsterinsights_sitenote_note":"","_monsterinsights_sitenote_category":0},"product_brand":[],"product_cat":[12291,12711],"product_tag":[],"class_list":{"0":"post-731860","1":"product","2":"type-product","3":"status-publish","5":"product_cat-edebiyat","6":"product_cat-roman-oyku","7":"pa_cilt-ciltsiz","8":"pa_tur-kitap","9":"pa_yayinevi-ketebe-yayinlari","10":"pa_yazar-cengiz-aytmatov","12":"first","13":"instock","14":"sale","15":"shipping-taxable","16":"purchasable","17":"product-type-simple"},"_links":{"self":[{"href":"https:\/\/roveyayinevi.com.tr\/index.php\/wp-json\/wp\/v2\/product\/731860","targetHints":{"allow":["GET"]}}],"collection":[{"href":"https:\/\/roveyayinevi.com.tr\/index.php\/wp-json\/wp\/v2\/product"}],"about":[{"href":"https:\/\/roveyayinevi.com.tr\/index.php\/wp-json\/wp\/v2\/types\/product"}],"wp:attachment":[{"href":"https:\/\/roveyayinevi.com.tr\/index.php\/wp-json\/wp\/v2\/media?parent=731860"}],"wp:term":[{"taxonomy":"product_brand","embeddable":true,"href":"https:\/\/roveyayinevi.com.tr\/index.php\/wp-json\/wp\/v2\/product_brand?post=731860"},{"taxonomy":"product_cat","embeddable":true,"href":"https:\/\/roveyayinevi.com.tr\/index.php\/wp-json\/wp\/v2\/product_cat?post=731860"},{"taxonomy":"product_tag","embeddable":true,"href":"https:\/\/roveyayinevi.com.tr\/index.php\/wp-json\/wp\/v2\/product_tag?post=731860"}],"curies":[{"name":"wp","href":"https:\/\/api.w.org\/{rel}","templated":true}]}}