{"id":731855,"date":"2025-08-27T21:39:41","date_gmt":"2025-08-27T18:39:41","guid":{"rendered":"https:\/\/roveyayinevi.com.tr\/index.php\/urun\/yildizlar-nereye\/"},"modified":"2026-04-16T02:39:48","modified_gmt":"2026-04-15T23:39:48","slug":"yildizlar-nereye","status":"publish","type":"product","link":"https:\/\/roveyayinevi.com.tr\/index.php\/urun\/yildizlar-nereye\/","title":{"rendered":"Y\u0131ld\u0131zlar Nereye?"},"content":{"rendered":"<p>Hayat\u0131n\u0131 hava tahminleri yaparak kazanan Bulut Adam do\u011fum g\u00fcn\u00fc i\u00e7in tebrik beklerken i\u015ften \u00e7\u0131kar\u0131ld\u0131\u011f\u0131n\u0131 \u00f6\u011frenir. Sonra m\u0131? G\u00f6ky\u00fcz\u00fcne bulutlara ya\u011fmura y\u0131ld\u0131zlara ve mesle\u011fine k\u00fcser&#8230; \u00c7areyi bir pasaj\u0131n i\u00e7inde k\u00fc\u00e7\u00fck bir d\u00fckk\u00e2n a\u00e7makta ve \u00e7ocukluk tutkusu olan do\u011fal ta\u015flar satmakta bulur ama say\u0131s\u0131 her ge\u00e7en g\u00fcn artan m\u00fc\u015fteriler \u00e7ok ge\u00e7meden onun \u015fa\u015f\u0131rt\u0131c\u0131 tahmin yetene\u011fini ke\u015ffederler.Usta yazar Sevim Ak&#8217;\u0131n benzersiz anlat\u0131m\u0131yla yaln\u0131zl\u0131\u011f\u0131n\u0131 do\u011fayla payla\u015fan do\u011fayla bar\u0131\u015fan bir adam\u0131n y\u00fcrek \u0131s\u0131tan \u00f6yk\u00fcs\u00fc&#8230;<\/p>\n","protected":false},"excerpt":{"rendered":"<p>Hayat\u0131n\u0131 hava tahminleri yaparak kazanan Bulut Adam do\u011fum g\u00fcn\u00fc i\u00e7in tebrik beklerken i\u015ften \u00e7\u0131kar\u0131ld\u0131\u011f\u0131n\u0131 \u00f6\u011frenir. Sonra m\u0131? G\u00f6ky\u00fcz\u00fcne bulutlara ya\u011fmura y\u0131ld\u0131zlara ve mesle\u011fine k\u00fcser&#8230; \u00c7areyi bir<span class=\"excerpt-hellip\"> [\u2026]<\/span><\/p>\n","protected":false},"featured_media":0,"template":"","meta":{"_monsterinsights_skip_tracking":false,"_monsterinsights_sitenote_active":false,"_monsterinsights_sitenote_note":"","_monsterinsights_sitenote_category":0},"product_brand":[],"product_cat":[12275,12274],"product_tag":[],"class_list":{"0":"post-731855","1":"product","2":"type-product","3":"status-publish","5":"product_cat-6-12-yas-kitaplari","6":"product_cat-cocuk-ve-genclik-kitaplari","7":"pa_cilt-ciltsiz","8":"pa_tur-kitap","9":"pa_yayinevi-fom-kitap","10":"pa_yazar-sevim-ak","12":"first","13":"instock","14":"sale","15":"shipping-taxable","16":"purchasable","17":"product-type-simple"},"_links":{"self":[{"href":"https:\/\/roveyayinevi.com.tr\/index.php\/wp-json\/wp\/v2\/product\/731855","targetHints":{"allow":["GET"]}}],"collection":[{"href":"https:\/\/roveyayinevi.com.tr\/index.php\/wp-json\/wp\/v2\/product"}],"about":[{"href":"https:\/\/roveyayinevi.com.tr\/index.php\/wp-json\/wp\/v2\/types\/product"}],"wp:attachment":[{"href":"https:\/\/roveyayinevi.com.tr\/index.php\/wp-json\/wp\/v2\/media?parent=731855"}],"wp:term":[{"taxonomy":"product_brand","embeddable":true,"href":"https:\/\/roveyayinevi.com.tr\/index.php\/wp-json\/wp\/v2\/product_brand?post=731855"},{"taxonomy":"product_cat","embeddable":true,"href":"https:\/\/roveyayinevi.com.tr\/index.php\/wp-json\/wp\/v2\/product_cat?post=731855"},{"taxonomy":"product_tag","embeddable":true,"href":"https:\/\/roveyayinevi.com.tr\/index.php\/wp-json\/wp\/v2\/product_tag?post=731855"}],"curies":[{"name":"wp","href":"https:\/\/api.w.org\/{rel}","templated":true}]}}