{"id":731846,"date":"2025-08-27T21:39:31","date_gmt":"2025-08-27T18:39:31","guid":{"rendered":"https:\/\/roveyayinevi.com.tr\/index.php\/urun\/mimar-kunduzlar\/"},"modified":"2026-04-16T02:39:48","modified_gmt":"2026-04-15T23:39:48","slug":"mimar-kunduzlar","status":"publish","type":"product","link":"https:\/\/roveyayinevi.com.tr\/index.php\/urun\/mimar-kunduzlar\/","title":{"rendered":"Mimar Kunduzlar"},"content":{"rendered":"<p>Bilim ve teknoloji ile i\u00e7 i\u00e7e olan \u00e7ocuklar; merak duygusu geli\u015fmi\u015f, ya\u015fam\u0131n ve do\u011fan\u0131n kurallar\u0131n\u0131 \u00f6\u011frenmi\u015f, ele\u015ftirel d\u00fc\u015f\u00fcnme yetisine sahip bireyler olarak yeti\u015firler.Bilim Kitapl\u0131\u011f\u0131- \u0130lk Okuma Serisi eserlerimiz; \u00e7ocuklar\u0131n\u0131z\u0131n bu y\u00f6nde geli\u015fimine katk\u0131da bulunmak i\u00e7in \u00e7e\u015fitli ara\u015ft\u0131rma ve anketler taranarak haz\u0131rland\u0131. Bu kitaplarla \u00e7ocuklar\u0131n\u0131z okumay\u0131 \u00f6\u011frenir \u00f6\u011frenmez bilimsel okuryazarl\u0131\u011fa da ad\u0131m atacak.<\/p>\n","protected":false},"excerpt":{"rendered":"<p>Bilim ve teknoloji ile i\u00e7 i\u00e7e olan \u00e7ocuklar; merak duygusu geli\u015fmi\u015f, ya\u015fam\u0131n ve do\u011fan\u0131n kurallar\u0131n\u0131 \u00f6\u011frenmi\u015f, ele\u015ftirel d\u00fc\u015f\u00fcnme yetisine sahip bireyler olarak yeti\u015firler.Bilim Kitapl\u0131\u011f\u0131- \u0130lk Okuma<span class=\"excerpt-hellip\"> [\u2026]<\/span><\/p>\n","protected":false},"featured_media":0,"template":"","meta":{"_monsterinsights_skip_tracking":false,"_monsterinsights_sitenote_active":false,"_monsterinsights_sitenote_note":"","_monsterinsights_sitenote_category":0},"product_brand":[],"product_cat":[12913,12274],"product_tag":[],"class_list":{"0":"post-731846","1":"product","2":"type-product","3":"status-publish","5":"product_cat-3-6-yas-kitaplari","6":"product_cat-cocuk-ve-genclik-kitaplari","7":"pa_cilt-ciltsiz","8":"pa_tur-kitap","9":"pa_yayinevi-yade-yayinlari","10":"pa_yazar-neslihan-gursoy","12":"first","13":"instock","14":"sale","15":"shipping-taxable","16":"purchasable","17":"product-type-simple"},"_links":{"self":[{"href":"https:\/\/roveyayinevi.com.tr\/index.php\/wp-json\/wp\/v2\/product\/731846","targetHints":{"allow":["GET"]}}],"collection":[{"href":"https:\/\/roveyayinevi.com.tr\/index.php\/wp-json\/wp\/v2\/product"}],"about":[{"href":"https:\/\/roveyayinevi.com.tr\/index.php\/wp-json\/wp\/v2\/types\/product"}],"wp:attachment":[{"href":"https:\/\/roveyayinevi.com.tr\/index.php\/wp-json\/wp\/v2\/media?parent=731846"}],"wp:term":[{"taxonomy":"product_brand","embeddable":true,"href":"https:\/\/roveyayinevi.com.tr\/index.php\/wp-json\/wp\/v2\/product_brand?post=731846"},{"taxonomy":"product_cat","embeddable":true,"href":"https:\/\/roveyayinevi.com.tr\/index.php\/wp-json\/wp\/v2\/product_cat?post=731846"},{"taxonomy":"product_tag","embeddable":true,"href":"https:\/\/roveyayinevi.com.tr\/index.php\/wp-json\/wp\/v2\/product_tag?post=731846"}],"curies":[{"name":"wp","href":"https:\/\/api.w.org\/{rel}","templated":true}]}}