{"id":731845,"date":"2025-08-27T21:39:30","date_gmt":"2025-08-27T18:39:30","guid":{"rendered":"https:\/\/roveyayinevi.com.tr\/index.php\/urun\/yakinlasmalar\/"},"modified":"2026-04-16T02:39:48","modified_gmt":"2026-04-15T23:39:48","slug":"yakinlasmalar","status":"publish","type":"product","link":"https:\/\/roveyayinevi.com.tr\/index.php\/urun\/yakinlasmalar\/","title":{"rendered":"Yak\u0131nla\u015fmalar"},"content":{"rendered":"<p>Yak\u0131nla\u015fmalar, \u201cE\u011fer insan\u0131n insana (ve do\u011faya) ettikleri bir son bulsayd\u0131 ne olurdu?\u201d sorusunun pe\u015finden k\u0131\u015fk\u0131rt\u0131c\u0131, muzip ve ufuk a\u00e7an bir tarzda ilerliyor. Yazar, g\u00fcn\u00fcm\u00fcz toplumundan tan\u0131d\u0131k simalar\u0131n; devlet ba\u015fkanlar\u0131n\u0131n, medya patronlar\u0131n\u0131n, end\u00fcstri liderlerinin g\u00f6klerden gelen m\u00fcdahale ile ellerindeki iktidar\u0131 kaybetmeleri kar\u015f\u0131s\u0131nda bocalay\u0131\u015flar\u0131n\u0131 mizahi bir dille resmediyor. Gezegenin her bir ucundan s\u0131radan vatanda\u015flarsa ellerine ge\u00e7en bu yeni \u00f6zg\u00fcrl\u00fckle ne yapacaklar\u0131n\u0131 tart\u0131\u015f\u0131yorlar. Acaba insanl\u0131k eski baya\u011f\u0131 hallerine d\u00f6n\u00fcp kendini yok mu edecek, yoksa el ele verip evreni mi ke\u015ffedecek? Se\u00e7im bizim&#8230;<\/p>\n","protected":false},"excerpt":{"rendered":"<p>Yak\u0131nla\u015fmalar, \u201cE\u011fer insan\u0131n insana (ve do\u011faya) ettikleri bir son bulsayd\u0131 ne olurdu?\u201d sorusunun pe\u015finden k\u0131\u015fk\u0131rt\u0131c\u0131, muzip ve ufuk a\u00e7an bir tarzda ilerliyor. Yazar, g\u00fcn\u00fcm\u00fcz toplumundan tan\u0131d\u0131k<span class=\"excerpt-hellip\"> [\u2026]<\/span><\/p>\n","protected":false},"featured_media":0,"template":"","meta":{"_monsterinsights_skip_tracking":false,"_monsterinsights_sitenote_active":false,"_monsterinsights_sitenote_note":"","_monsterinsights_sitenote_category":0},"product_brand":[],"product_cat":[12540,12291],"product_tag":[],"class_list":{"0":"post-731845","1":"product","2":"type-product","3":"status-publish","5":"product_cat-bilim-kurgu","6":"product_cat-edebiyat","7":"pa_cilt-ciltsiz","8":"pa_tur-kitap","9":"pa_yayinevi-ayrinti-yayinlari","10":"pa_yazar-steven-erikson","12":"first","13":"instock","14":"sale","15":"shipping-taxable","16":"purchasable","17":"product-type-simple"},"_links":{"self":[{"href":"https:\/\/roveyayinevi.com.tr\/index.php\/wp-json\/wp\/v2\/product\/731845","targetHints":{"allow":["GET"]}}],"collection":[{"href":"https:\/\/roveyayinevi.com.tr\/index.php\/wp-json\/wp\/v2\/product"}],"about":[{"href":"https:\/\/roveyayinevi.com.tr\/index.php\/wp-json\/wp\/v2\/types\/product"}],"wp:attachment":[{"href":"https:\/\/roveyayinevi.com.tr\/index.php\/wp-json\/wp\/v2\/media?parent=731845"}],"wp:term":[{"taxonomy":"product_brand","embeddable":true,"href":"https:\/\/roveyayinevi.com.tr\/index.php\/wp-json\/wp\/v2\/product_brand?post=731845"},{"taxonomy":"product_cat","embeddable":true,"href":"https:\/\/roveyayinevi.com.tr\/index.php\/wp-json\/wp\/v2\/product_cat?post=731845"},{"taxonomy":"product_tag","embeddable":true,"href":"https:\/\/roveyayinevi.com.tr\/index.php\/wp-json\/wp\/v2\/product_tag?post=731845"}],"curies":[{"name":"wp","href":"https:\/\/api.w.org\/{rel}","templated":true}]}}