{"id":731844,"date":"2025-08-27T21:39:29","date_gmt":"2025-08-27T18:39:29","guid":{"rendered":"https:\/\/roveyayinevi.com.tr\/index.php\/urun\/musibetname\/"},"modified":"2026-04-16T02:39:48","modified_gmt":"2026-04-15T23:39:48","slug":"musibetname","status":"publish","type":"product","link":"https:\/\/roveyayinevi.com.tr\/index.php\/urun\/musibetname\/","title":{"rendered":"Musibetname"},"content":{"rendered":"<p>H\u00e2l diliyle s\u00f6ylenir bunlar\u0131n t\u00fcm\u00fc \/ S\u00f6z diliyle s\u00f6ylenmez bunlar\u0131n t\u00fcm\u00fc \/ S\u00f6zle de\u011fil, h\u00e2l diliyle s\u00f6ylerse sana \/ \u0130nan ona; imk\u00e2ns\u0131z deme buna \/ G\u00f6n\u00fcldeki a\u015fk\u0131 g\u00f6r; g\u00f6n\u00fcl c\u00e2nda gizli \/ Y\u00fcz cihan y\u00fczlerce cihanda gizli \/ \u0130ki d\u00fcnyan\u0131n neresinde bir s\u0131r varsa \/ Bu d\u00eev\u00e2nda yer al\u0131r ba\u015ftan sona<\/p>\n","protected":false},"excerpt":{"rendered":"<p>H\u00e2l diliyle s\u00f6ylenir bunlar\u0131n t\u00fcm\u00fc \/ S\u00f6z diliyle s\u00f6ylenmez bunlar\u0131n t\u00fcm\u00fc \/ S\u00f6zle de\u011fil, h\u00e2l diliyle s\u00f6ylerse sana \/ \u0130nan ona; imk\u00e2ns\u0131z deme buna \/ G\u00f6n\u00fcldeki<span class=\"excerpt-hellip\"> [\u2026]<\/span><\/p>\n","protected":false},"featured_media":0,"template":"","meta":{"_monsterinsights_skip_tracking":false,"_monsterinsights_sitenote_active":false,"_monsterinsights_sitenote_note":"","_monsterinsights_sitenote_category":0},"product_brand":[],"product_cat":[12291,12509],"product_tag":[],"class_list":{"0":"post-731844","1":"product","2":"type-product","3":"status-publish","5":"product_cat-edebiyat","6":"product_cat-siir","7":"pa_cilt-ciltsiz","8":"pa_tur-kitap","9":"pa_yayinevi-ayrinti-yayinlari","10":"pa_yazar-feriduddin-attar","12":"first","13":"instock","14":"sale","15":"shipping-taxable","16":"purchasable","17":"product-type-simple"},"_links":{"self":[{"href":"https:\/\/roveyayinevi.com.tr\/index.php\/wp-json\/wp\/v2\/product\/731844","targetHints":{"allow":["GET"]}}],"collection":[{"href":"https:\/\/roveyayinevi.com.tr\/index.php\/wp-json\/wp\/v2\/product"}],"about":[{"href":"https:\/\/roveyayinevi.com.tr\/index.php\/wp-json\/wp\/v2\/types\/product"}],"wp:attachment":[{"href":"https:\/\/roveyayinevi.com.tr\/index.php\/wp-json\/wp\/v2\/media?parent=731844"}],"wp:term":[{"taxonomy":"product_brand","embeddable":true,"href":"https:\/\/roveyayinevi.com.tr\/index.php\/wp-json\/wp\/v2\/product_brand?post=731844"},{"taxonomy":"product_cat","embeddable":true,"href":"https:\/\/roveyayinevi.com.tr\/index.php\/wp-json\/wp\/v2\/product_cat?post=731844"},{"taxonomy":"product_tag","embeddable":true,"href":"https:\/\/roveyayinevi.com.tr\/index.php\/wp-json\/wp\/v2\/product_tag?post=731844"}],"curies":[{"name":"wp","href":"https:\/\/api.w.org\/{rel}","templated":true}]}}