{"id":731838,"date":"2025-08-27T21:39:22","date_gmt":"2025-08-27T18:39:22","guid":{"rendered":"https:\/\/roveyayinevi.com.tr\/index.php\/urun\/armegeddon\/"},"modified":"2026-04-16T02:39:48","modified_gmt":"2026-04-15T23:39:48","slug":"armegeddon","status":"publish","type":"product","link":"https:\/\/roveyayinevi.com.tr\/index.php\/urun\/armegeddon\/","title":{"rendered":"Armegeddon"},"content":{"rendered":"<p>Bug\u00fcn metafizik konularla ilgilenen bir\u00e7ok ara\u015ft\u0131rmac\u0131n\u0131n ifade etti\u011fi Armegeddon (k\u0131yamet \u00f6ncesi sava\u015f) Muharref Tevrat kaynakl\u0131 bir komplo teorisi mi? Hakikat pay\u0131 olabilir mi? Ya da sadece \u201cya tutarsa\u201d cinsinden bir kehanet mi? Efsunlu onlarca kaynakta bu konuyla ilgili bir\u00e7ok a\u00e7\u0131klamaya g\u00fcn\u00fcm\u00fcz teknolojisiyle rahatl\u0131kla eri\u015filebilir. Ancak kolay kolay eri\u015filemeyen, eri\u015filse bile s\u0131rr\u0131 \u00e7\u00f6z\u00fclemeyen bu mevzular\u0131 mitoloji havas\u0131ndan ar\u0131nd\u0131rmak; i\u015fte i\u015fin p\u00fcf noktas\u0131 burada\u2026 Zihni kar\u0131\u015f\u0131k veya meselenin a\u011f\u0131rl\u0131\u011f\u0131 alt\u0131nda ezilmi\u015f \u00e7al\u0131\u015fmalardan ari bir anlat\u0131m i\u00e7in insan\u0131n \u00f6nce alt yap\u0131s\u0131n\u0131n bu i\u015fe donan\u0131ml\u0131 olmas\u0131 gerekiyor. Beklenen b\u00fcy\u00fck kutsal sava\u015f olarak adland\u0131r\u0131lan \u201cArmegeddon Sava\u015f\u0131\u201d hakk\u0131nda \u015fimdiye kadar anlat\u0131lmayanlar\u0131 i\u00e7eren detayl\u0131 bir ara\u015ft\u0131rma. Hakan Y\u0131lmaz \u00c7ebi\u2019nin ara\u015ft\u0131rmac\u0131 ki\u015fili\u011fi ve g\u00fc\u00e7l\u00fc kalemiyle konuya bamba\u015fka bir boyut kazand\u0131rd\u0131\u011f\u0131 bu eseri keyifle okuyaca\u011f\u0131n\u0131zdan eminiz.<\/p>\n","protected":false},"excerpt":{"rendered":"<p>Bug\u00fcn metafizik konularla ilgilenen bir\u00e7ok ara\u015ft\u0131rmac\u0131n\u0131n ifade etti\u011fi Armegeddon (k\u0131yamet \u00f6ncesi sava\u015f) Muharref Tevrat kaynakl\u0131 bir komplo teorisi mi? Hakikat pay\u0131 olabilir mi? Ya da sadece<span class=\"excerpt-hellip\"> [\u2026]<\/span><\/p>\n","protected":false},"featured_media":0,"template":"","meta":{"_monsterinsights_skip_tracking":false,"_monsterinsights_sitenote_active":false,"_monsterinsights_sitenote_note":"","_monsterinsights_sitenote_category":0},"product_brand":[],"product_cat":[13590,12337],"product_tag":[],"class_list":{"0":"post-731838","1":"product","2":"type-product","3":"status-publish","5":"product_cat-arastirma-inceleme-politika-siyaset","6":"product_cat-politika-siyaset","7":"pa_cilt-ciltsiz","8":"pa_tur-kitap","9":"pa_yayinevi-cinaralti-yayinlari","10":"pa_yazar-hakan-yilmaz-cebi","12":"first","13":"instock","14":"sale","15":"shipping-taxable","16":"purchasable","17":"product-type-simple"},"_links":{"self":[{"href":"https:\/\/roveyayinevi.com.tr\/index.php\/wp-json\/wp\/v2\/product\/731838","targetHints":{"allow":["GET"]}}],"collection":[{"href":"https:\/\/roveyayinevi.com.tr\/index.php\/wp-json\/wp\/v2\/product"}],"about":[{"href":"https:\/\/roveyayinevi.com.tr\/index.php\/wp-json\/wp\/v2\/types\/product"}],"wp:attachment":[{"href":"https:\/\/roveyayinevi.com.tr\/index.php\/wp-json\/wp\/v2\/media?parent=731838"}],"wp:term":[{"taxonomy":"product_brand","embeddable":true,"href":"https:\/\/roveyayinevi.com.tr\/index.php\/wp-json\/wp\/v2\/product_brand?post=731838"},{"taxonomy":"product_cat","embeddable":true,"href":"https:\/\/roveyayinevi.com.tr\/index.php\/wp-json\/wp\/v2\/product_cat?post=731838"},{"taxonomy":"product_tag","embeddable":true,"href":"https:\/\/roveyayinevi.com.tr\/index.php\/wp-json\/wp\/v2\/product_tag?post=731838"}],"curies":[{"name":"wp","href":"https:\/\/api.w.org\/{rel}","templated":true}]}}