{"id":731835,"date":"2025-08-27T21:39:19","date_gmt":"2025-08-27T18:39:19","guid":{"rendered":"https:\/\/roveyayinevi.com.tr\/index.php\/urun\/seytan-diyor-ki\/"},"modified":"2026-04-16T02:39:48","modified_gmt":"2026-04-15T23:39:48","slug":"seytan-diyor-ki","status":"publish","type":"product","link":"https:\/\/roveyayinevi.com.tr\/index.php\/urun\/seytan-diyor-ki\/","title":{"rendered":"\u015eeytan Diyor Ki!"},"content":{"rendered":"<p>\u0130ki yol vard\u0131 kar\u015f\u0131m\u0131zda: Ya Allah\u2019\u0131n dinine sar\u0131l\u0131p, atalar\u0131m\u0131z\u0131n kutlu yolunda ilerleyecektik ya da kovulmu\u015f \u015feytan\u0131n k\u00f6leleri olacakt\u0131k. Belliydi do\u011fru yol, lakin se\u00e7mesi gibi kolay de\u011fildi. \u00c7\u00fcnk\u00fc \u015feytan diyor ki: \u201c\u0130manlar\u0131n\u0131 almadan d\u00fcnyay\u0131 vermem!\u201d T\u00fcrl\u00fc oyunlarla \u00e7\u0131kt\u0131 kar\u015f\u0131m\u0131za \u015feytan: G\u00f6zleri ahu bir g\u00fczel oldu bazen, bazen de d\u00fcnya serveti som alt\u0131n\u2026 Tatl\u0131 bir yemek ikram etti sol yan\u0131m\u0131zdan bir ara, tad\u0131nca fark ettik o kara zehrini. Geri d\u00f6nd\u00fck ka\u00e7arcas\u0131na Allah\u2019a do\u011fru ko\u015fmak istedik; mal, m\u00fclk ile \u00e7\u0131kt\u0131 kar\u015f\u0131m\u0131za. Bazen medeniyet oldu \u00e7\u0131kt\u0131 kar\u015f\u0131m\u0131za bazen de bizdenmi\u015f gibi bir k\u0131l\u0131\u011fa b\u00fcr\u00fcnd\u00fc. Kar\u0131\u015ft\u0131 kafam\u0131z, Hak ile bat\u0131l\u0131 ay\u0131rt edemedik uzunca bir zaman. H\u0131zl\u0131 ve atikti \u015feytan; \u00e7\u00fcnk\u00fc yer y\u00fcz\u00fcne indi\u011fimiz g\u00fcnden beri tek u\u011fra\u015f\u0131s\u0131 bizdik. Lakin ne kadar oyun oynarsa oynas\u0131n ne kadar hesap yaparsa yaps\u0131n bo\u015fa idi \u00e7abalar\u0131.<\/p>\n","protected":false},"excerpt":{"rendered":"<p>\u0130ki yol vard\u0131 kar\u015f\u0131m\u0131zda: Ya Allah\u2019\u0131n dinine sar\u0131l\u0131p, atalar\u0131m\u0131z\u0131n kutlu yolunda ilerleyecektik ya da kovulmu\u015f \u015feytan\u0131n k\u00f6leleri olacakt\u0131k. Belliydi do\u011fru yol, lakin se\u00e7mesi gibi kolay de\u011fildi.<span class=\"excerpt-hellip\"> [\u2026]<\/span><\/p>\n","protected":false},"featured_media":0,"template":"","meta":{"_monsterinsights_skip_tracking":false,"_monsterinsights_sitenote_active":false,"_monsterinsights_sitenote_note":"","_monsterinsights_sitenote_category":0},"product_brand":[],"product_cat":[16789,12718,12719],"product_tag":[],"class_list":{"0":"post-731835","1":"product","2":"type-product","3":"status-publish","5":"product_cat-diger-islam","6":"product_cat-din","7":"product_cat-islam","8":"pa_cilt-ciltsiz","9":"pa_tur-kitap","10":"pa_yayinevi-cinaralti-yayinlari","11":"pa_yazar-hakan-yilmaz-cebi","13":"first","14":"instock","15":"sale","16":"shipping-taxable","17":"purchasable","18":"product-type-simple"},"_links":{"self":[{"href":"https:\/\/roveyayinevi.com.tr\/index.php\/wp-json\/wp\/v2\/product\/731835","targetHints":{"allow":["GET"]}}],"collection":[{"href":"https:\/\/roveyayinevi.com.tr\/index.php\/wp-json\/wp\/v2\/product"}],"about":[{"href":"https:\/\/roveyayinevi.com.tr\/index.php\/wp-json\/wp\/v2\/types\/product"}],"wp:attachment":[{"href":"https:\/\/roveyayinevi.com.tr\/index.php\/wp-json\/wp\/v2\/media?parent=731835"}],"wp:term":[{"taxonomy":"product_brand","embeddable":true,"href":"https:\/\/roveyayinevi.com.tr\/index.php\/wp-json\/wp\/v2\/product_brand?post=731835"},{"taxonomy":"product_cat","embeddable":true,"href":"https:\/\/roveyayinevi.com.tr\/index.php\/wp-json\/wp\/v2\/product_cat?post=731835"},{"taxonomy":"product_tag","embeddable":true,"href":"https:\/\/roveyayinevi.com.tr\/index.php\/wp-json\/wp\/v2\/product_tag?post=731835"}],"curies":[{"name":"wp","href":"https:\/\/api.w.org\/{rel}","templated":true}]}}