{"id":731833,"date":"2025-08-27T21:39:17","date_gmt":"2025-08-27T18:39:17","guid":{"rendered":"https:\/\/roveyayinevi.com.tr\/index.php\/urun\/suryaniler-2\/"},"modified":"2026-04-16T02:39:48","modified_gmt":"2026-04-15T23:39:48","slug":"suryaniler-2","status":"publish","type":"product","link":"https:\/\/roveyayinevi.com.tr\/index.php\/urun\/suryaniler-2\/","title":{"rendered":"S\u00fcryaniler"},"content":{"rendered":"<p>T\u00fcrkiye\u2019nin g\u00fcneydo\u011fusunda Turabdin ad\u0131nda bir yer vard\u0131r. S\u00fcryanice bir kelime olan Turabdin, \u201cTanr\u0131\u2019n\u0131n Hizmetk\u00e2rlar\u0131 Da\u011f\u0131\u201d anlam\u0131na gelir. Bu y\u00f6redeki antik manast\u0131rlar Havarilerin, Pavlus\u2019un ve Petrus\u2019un miras\u00e7\u0131s\u0131 olan eski bir H\u0131ristiyan cemaatinin hazinelerini ve gizlerini bar\u0131nd\u0131r\u0131r. Bu S\u00fcryani cemaat, iki bin y\u0131l \u00f6nce Filistin\u2019de \u0130sa\u2019n\u0131n konu\u015ftu\u011fu dili konu\u015fmaya devam ediyor. S\u00fcryaniler ve Turabdin bir\u00e7ok bak\u0131mdan k\u00fclt\u00fcrel k\u00f6klerimizin de tan\u0131klar\u0131d\u0131r. T\u00fcrkiye\u2019nin bu b\u00f6lgesi dualar\u0131n ve ezgilerin e\u015fli\u011finde ya\u015far. S\u00e9bastien de Courtois\u2019n\u0131n b\u00f6lgeye yapt\u0131\u011f\u0131 yolculu\u011fun sonucunda, elinizdeki bu \u00e7ok y\u00f6nl\u00fc eser ortaya \u00e7\u0131kt\u0131. Gezi notlar\u0131na, r\u00f6portajlar\u0131n, tarihi ve arkeolojik bilgilerin i\u00e7 i\u00e7e ge\u00e7ti\u011fi S\u00fcryaniler, kadim oldu\u011fu kadar zengin bir k\u00fclt\u00fcre duyulan selamd\u0131r.<\/p>\n","protected":false},"excerpt":{"rendered":"<p>T\u00fcrkiye\u2019nin g\u00fcneydo\u011fusunda Turabdin ad\u0131nda bir yer vard\u0131r. S\u00fcryanice bir kelime olan Turabdin, \u201cTanr\u0131\u2019n\u0131n Hizmetk\u00e2rlar\u0131 Da\u011f\u0131\u201d anlam\u0131na gelir. Bu y\u00f6redeki antik manast\u0131rlar Havarilerin, Pavlus\u2019un ve Petrus\u2019un miras\u00e7\u0131s\u0131<span class=\"excerpt-hellip\"> [\u2026]<\/span><\/p>\n","protected":false},"featured_media":0,"template":"","meta":{"_monsterinsights_skip_tracking":false,"_monsterinsights_sitenote_active":false,"_monsterinsights_sitenote_note":"","_monsterinsights_sitenote_category":0},"product_brand":[],"product_cat":[13633,12324],"product_tag":[],"class_list":{"0":"post-731833","1":"product","2":"type-product","3":"status-publish","5":"product_cat-kultur-ve-bilim","6":"product_cat-sosyoloji","7":"pa_cilt-ciltsiz","8":"pa_tur-kitap","9":"pa_yayinevi-yapi-kredi-yayinlari","10":"pa_yazar-sebastien-de-courtois","12":"first","13":"instock","14":"sale","15":"shipping-taxable","16":"purchasable","17":"product-type-simple"},"_links":{"self":[{"href":"https:\/\/roveyayinevi.com.tr\/index.php\/wp-json\/wp\/v2\/product\/731833","targetHints":{"allow":["GET"]}}],"collection":[{"href":"https:\/\/roveyayinevi.com.tr\/index.php\/wp-json\/wp\/v2\/product"}],"about":[{"href":"https:\/\/roveyayinevi.com.tr\/index.php\/wp-json\/wp\/v2\/types\/product"}],"wp:attachment":[{"href":"https:\/\/roveyayinevi.com.tr\/index.php\/wp-json\/wp\/v2\/media?parent=731833"}],"wp:term":[{"taxonomy":"product_brand","embeddable":true,"href":"https:\/\/roveyayinevi.com.tr\/index.php\/wp-json\/wp\/v2\/product_brand?post=731833"},{"taxonomy":"product_cat","embeddable":true,"href":"https:\/\/roveyayinevi.com.tr\/index.php\/wp-json\/wp\/v2\/product_cat?post=731833"},{"taxonomy":"product_tag","embeddable":true,"href":"https:\/\/roveyayinevi.com.tr\/index.php\/wp-json\/wp\/v2\/product_tag?post=731833"}],"curies":[{"name":"wp","href":"https:\/\/api.w.org\/{rel}","templated":true}]}}