{"id":731832,"date":"2025-08-27T21:39:17","date_gmt":"2025-08-27T18:39:17","guid":{"rendered":"https:\/\/roveyayinevi.com.tr\/index.php\/urun\/siyonizm-ve-masonluk-satanist-kusatma\/"},"modified":"2026-04-16T02:39:48","modified_gmt":"2026-04-15T23:39:48","slug":"siyonizm-ve-masonluk-satanist-kusatma","status":"publish","type":"product","link":"https:\/\/roveyayinevi.com.tr\/index.php\/urun\/siyonizm-ve-masonluk-satanist-kusatma\/","title":{"rendered":"Siyonizm ve Masonluk &#8211; Satanist Ku\u015fatma"},"content":{"rendered":"<p>nsanl\u0131k Cennet\u2019te var oldu\u011funda ba\u015flam\u0131\u015ft\u0131 k\u0131yamete kadar s\u00fcrecek b\u00fcy\u00fck m\u00fccadele. Yery\u00fcz\u00fcnde de devam edecekti elbette. K\u00f6t\u00fcl\u00fc\u011f\u00fcn sembol\u00fc Kabil olarak \u00e7\u0131kt\u0131 kar\u015f\u0131m\u0131za, iyili\u011fin ve masumiyetin sembol\u00fc ise Habil\u2019di. G\u00f6zleri h\u0131rs b\u00fcr\u00fcd\u00fc de makama, g\u00fcce, paraya tap\u0131nd\u0131 insanlar. Asl\u0131 a\u015fk olan g\u00fczel duygu, k\u00f6rpe k\u0131zlar\u0131n hayatlar\u0131n\u0131 karartan cellat oldu iblisin elinde. Saf duygular\u0131n kar\u015f\u0131s\u0131na dikildi hep iblisin f\u0131s\u0131lt\u0131l\u0131 sesi. Kimini uydurdu kendine, kendi gibi yapt\u0131 kimilerini; kimileri de ayr\u0131lmad\u0131 g\u00fczel ahlaktan, kazanan oldu hep bu g\u00fczel insanlar. Lakin \u00e7ok bedel \u00f6dendi; ilk insandan bu yana iblisin yolunda giden, insan k\u0131l\u0131kl\u0131 mahluklar\u0131n y\u00fcz\u00fcnden. Bu kitap, iblisin yolunda gidenler ile Allah\u2019\u0131n yolunda gidenlerin m\u00fccadelesinden bir kesit sunmak ve insanlara ger\u00e7ekler \u0131\u015f\u0131\u011f\u0131nda do\u011fruyu anlatmak i\u00e7in kaleme al\u0131nd<\/p>\n","protected":false},"excerpt":{"rendered":"<p>nsanl\u0131k Cennet\u2019te var oldu\u011funda ba\u015flam\u0131\u015ft\u0131 k\u0131yamete kadar s\u00fcrecek b\u00fcy\u00fck m\u00fccadele. Yery\u00fcz\u00fcnde de devam edecekti elbette. K\u00f6t\u00fcl\u00fc\u011f\u00fcn sembol\u00fc Kabil olarak \u00e7\u0131kt\u0131 kar\u015f\u0131m\u0131za, iyili\u011fin ve masumiyetin sembol\u00fc ise<span class=\"excerpt-hellip\"> [\u2026]<\/span><\/p>\n","protected":false},"featured_media":0,"template":"","meta":{"_monsterinsights_skip_tracking":false,"_monsterinsights_sitenote_active":false,"_monsterinsights_sitenote_note":"","_monsterinsights_sitenote_category":0},"product_brand":[],"product_cat":[13590,12337],"product_tag":[],"class_list":{"0":"post-731832","1":"product","2":"type-product","3":"status-publish","5":"product_cat-arastirma-inceleme-politika-siyaset","6":"product_cat-politika-siyaset","7":"pa_cilt-ciltsiz","8":"pa_tur-kitap","9":"pa_yayinevi-cinaralti-yayinlari","10":"pa_yazar-hakan-yilmaz-cebi","12":"first","13":"instock","14":"sale","15":"shipping-taxable","16":"purchasable","17":"product-type-simple"},"_links":{"self":[{"href":"https:\/\/roveyayinevi.com.tr\/index.php\/wp-json\/wp\/v2\/product\/731832","targetHints":{"allow":["GET"]}}],"collection":[{"href":"https:\/\/roveyayinevi.com.tr\/index.php\/wp-json\/wp\/v2\/product"}],"about":[{"href":"https:\/\/roveyayinevi.com.tr\/index.php\/wp-json\/wp\/v2\/types\/product"}],"wp:attachment":[{"href":"https:\/\/roveyayinevi.com.tr\/index.php\/wp-json\/wp\/v2\/media?parent=731832"}],"wp:term":[{"taxonomy":"product_brand","embeddable":true,"href":"https:\/\/roveyayinevi.com.tr\/index.php\/wp-json\/wp\/v2\/product_brand?post=731832"},{"taxonomy":"product_cat","embeddable":true,"href":"https:\/\/roveyayinevi.com.tr\/index.php\/wp-json\/wp\/v2\/product_cat?post=731832"},{"taxonomy":"product_tag","embeddable":true,"href":"https:\/\/roveyayinevi.com.tr\/index.php\/wp-json\/wp\/v2\/product_tag?post=731832"}],"curies":[{"name":"wp","href":"https:\/\/api.w.org\/{rel}","templated":true}]}}