{"id":731831,"date":"2025-08-27T21:39:16","date_gmt":"2025-08-27T18:39:16","guid":{"rendered":"https:\/\/roveyayinevi.com.tr\/index.php\/urun\/metafizik-istihbarat\/"},"modified":"2026-04-16T02:39:48","modified_gmt":"2026-04-15T23:39:48","slug":"metafizik-istihbarat","status":"publish","type":"product","link":"https:\/\/roveyayinevi.com.tr\/index.php\/urun\/metafizik-istihbarat\/","title":{"rendered":"Metafizik \u0130stihbarat"},"content":{"rendered":"<p>Metafizik istihbarat alan\u0131nda T\u00fcrkiye\u2019de ilk akla gelen isimlerden biri olan Ara\u015ft\u0131rmac\u0131-Yazar Hakan Y\u0131lmaz \u00c7ebi&#8217;nin bu kitab\u0131n\u0131 okuyunca hepiniz \u00e7ok \u015fa\u015f\u0131rtacak, hatta \u00fcrperteceksiniz. Bu kitapta cevaplar\u0131n\u0131 bulaca\u011f\u0131n\u0131z sorulardan baz\u0131lar\u0131 \u015f\u00f6yle: Metafizik istihbarat ile cinler aras\u0131ndaki ba\u011f nedir? \u0130stihbarat toplamak i\u00e7in cinler mi kullan\u0131labilir mi? Amerika\u2019daki medyumlar ni\u00e7in bu kadar de\u011ferli? Me\u015fhur romanlar, trans halinde mi yaz\u0131l\u0131yor ya da yazd\u0131r\u0131l\u0131yor? Zihinsel radyo nas\u0131l i\u015fliyor? Ruh ger\u00e7e\u011fi nedir ve ruh, bedenden ge\u00e7ici olarak ayr\u0131labilir mi? Ankara\u2019n\u0131n ba\u015fkent olaca\u011f\u0131 tayy-i mek\u00e2nla m\u0131 bilindi? Mustafa Kemal\u2019in el fal\u0131nda ne g\u00f6r\u00fcnd\u00fc? Doland\u0131r\u0131c\u0131lar\u0131n tespitinde medyumlar kullan\u0131l\u0131yor mu? Bermuda \u015eeytan \u00dc\u00e7geni asl\u0131nda Cin Sultanl\u0131\u011f\u0131 m\u0131? KGB\u2019nin beyin okuma timleri nas\u0131l \u00e7al\u0131\u015f\u0131r? ABD\u2019li uzmanlar, Anadolu\u2019da r\u00fcya av\u0131na m\u0131 \u00e7\u0131kt\u0131? Pentagon, toplant\u0131lar\u0131n\u0131 mezarl\u0131kta m\u0131 yap\u0131yor? Parapsikolojik g\u00fc\u00e7 verilen e\u015fyalar hangileri? Hipnotik suikast\u00e7\u0131larla kitleler nas\u0131l y\u00f6nlendiriliyor?<\/p>\n","protected":false},"excerpt":{"rendered":"<p>Metafizik istihbarat alan\u0131nda T\u00fcrkiye\u2019de ilk akla gelen isimlerden biri olan Ara\u015ft\u0131rmac\u0131-Yazar Hakan Y\u0131lmaz \u00c7ebi&#8217;nin bu kitab\u0131n\u0131 okuyunca hepiniz \u00e7ok \u015fa\u015f\u0131rtacak, hatta \u00fcrperteceksiniz. Bu kitapta cevaplar\u0131n\u0131 bulaca\u011f\u0131n\u0131z<span class=\"excerpt-hellip\"> [\u2026]<\/span><\/p>\n","protected":false},"featured_media":0,"template":"","meta":{"_monsterinsights_skip_tracking":false,"_monsterinsights_sitenote_active":false,"_monsterinsights_sitenote_note":"","_monsterinsights_sitenote_category":0},"product_brand":[],"product_cat":[13590,12337],"product_tag":[],"class_list":{"0":"post-731831","1":"product","2":"type-product","3":"status-publish","5":"product_cat-arastirma-inceleme-politika-siyaset","6":"product_cat-politika-siyaset","7":"pa_cilt-ciltsiz","8":"pa_tur-kitap","9":"pa_yayinevi-cinaralti-yayinlari","10":"pa_yazar-hakan-yilmaz-cebi","12":"first","13":"instock","14":"sale","15":"shipping-taxable","16":"purchasable","17":"product-type-simple"},"_links":{"self":[{"href":"https:\/\/roveyayinevi.com.tr\/index.php\/wp-json\/wp\/v2\/product\/731831","targetHints":{"allow":["GET"]}}],"collection":[{"href":"https:\/\/roveyayinevi.com.tr\/index.php\/wp-json\/wp\/v2\/product"}],"about":[{"href":"https:\/\/roveyayinevi.com.tr\/index.php\/wp-json\/wp\/v2\/types\/product"}],"wp:attachment":[{"href":"https:\/\/roveyayinevi.com.tr\/index.php\/wp-json\/wp\/v2\/media?parent=731831"}],"wp:term":[{"taxonomy":"product_brand","embeddable":true,"href":"https:\/\/roveyayinevi.com.tr\/index.php\/wp-json\/wp\/v2\/product_brand?post=731831"},{"taxonomy":"product_cat","embeddable":true,"href":"https:\/\/roveyayinevi.com.tr\/index.php\/wp-json\/wp\/v2\/product_cat?post=731831"},{"taxonomy":"product_tag","embeddable":true,"href":"https:\/\/roveyayinevi.com.tr\/index.php\/wp-json\/wp\/v2\/product_tag?post=731831"}],"curies":[{"name":"wp","href":"https:\/\/api.w.org\/{rel}","templated":true}]}}