{"id":731830,"date":"2025-08-27T21:39:15","date_gmt":"2025-08-27T18:39:15","guid":{"rendered":"https:\/\/roveyayinevi.com.tr\/index.php\/urun\/kutsal-tabut\/"},"modified":"2026-04-16T02:39:48","modified_gmt":"2026-04-15T23:39:48","slug":"kutsal-tabut","status":"publish","type":"product","link":"https:\/\/roveyayinevi.com.tr\/index.php\/urun\/kutsal-tabut\/","title":{"rendered":"Kutsal Tabut"},"content":{"rendered":"<p>Peygamber Efendimizin hadislerinde ve \u00e7e\u015fitli tarihi kaynaklarda dikkat \u00e7ekilen bir konu olan \u201cKutsal Tabut\/Ahd-i Atik Sandukas\u0131\u201d, son ilahi kitap olan Kur\u2019an&#8217;da da bildirilmektedir. Ayr\u0131ca ilahi bir kitap olarak indirilip sonradan tahrif edilen Tevrat&#8217;ta da bu sanduka hakk\u0131nda bilgiler yer almaktad\u0131r. \u0130slam \u00e2limleri taraf\u0131ndan, Kur\u2019an ahlak\u0131n\u0131n t\u00fcm d\u00fcnya \u00fczerinde h\u00e2kim olaca\u011f\u0131 bir d\u00f6nemin de habercisi olan sanduka hakk\u0131nda, Kur\u2019an\u2019da; \u201cPeygamberleri, onlara dedi: O\u2019nun h\u00fck\u00fcmdarl\u0131\u011f\u0131n\u0131n belgesi, size Tabut\u2019un gelmesidir. Onda Rabbinizden &#8216;bir g\u00fcven duygusu ve huzur&#8217; ile Musa ailesinden ve Harun ailesinden arta kalanlar var; onu melekler ta\u015f\u0131r. E\u011fer inanm\u0131\u015flarsan\u0131z, bunda \u015f\u00fcphesiz sizin i\u00e7in bir delil vard\u0131r.\u201d (Bakara Suresi, 2\/248) \u015feklinde bir bilgi verilir. Elinizdeki bu kitab\u0131 okuyunca, Kutsal Tabut\/Ahd-i Atik Sandukas\u0131 hakk\u0131nda detayl\u0131 bilgilere ula\u015facak; Siyonizm\u2019in bu kutsal sand\u0131k ile ilgili emellerinden ve \u00e7al\u0131\u015fmalar\u0131ndan haberdar olacaks\u0131n\u0131z<\/p>\n","protected":false},"excerpt":{"rendered":"<p>Peygamber Efendimizin hadislerinde ve \u00e7e\u015fitli tarihi kaynaklarda dikkat \u00e7ekilen bir konu olan \u201cKutsal Tabut\/Ahd-i Atik Sandukas\u0131\u201d, son ilahi kitap olan Kur\u2019an&#8217;da da bildirilmektedir. Ayr\u0131ca ilahi bir<span class=\"excerpt-hellip\"> [\u2026]<\/span><\/p>\n","protected":false},"featured_media":0,"template":"","meta":{"_monsterinsights_skip_tracking":false,"_monsterinsights_sitenote_active":false,"_monsterinsights_sitenote_note":"","_monsterinsights_sitenote_category":0},"product_brand":[],"product_cat":[13036,12718,12719],"product_tag":[],"class_list":{"0":"post-731830","1":"product","2":"type-product","3":"status-publish","5":"product_cat-arastirma-inceleme-islam","6":"product_cat-din","7":"product_cat-islam","8":"pa_cilt-ciltsiz","9":"pa_tur-kitap","10":"pa_yayinevi-cinaralti-yayinlari","11":"pa_yazar-hakan-yilmaz-cebi","13":"first","14":"instock","15":"sale","16":"shipping-taxable","17":"purchasable","18":"product-type-simple"},"_links":{"self":[{"href":"https:\/\/roveyayinevi.com.tr\/index.php\/wp-json\/wp\/v2\/product\/731830","targetHints":{"allow":["GET"]}}],"collection":[{"href":"https:\/\/roveyayinevi.com.tr\/index.php\/wp-json\/wp\/v2\/product"}],"about":[{"href":"https:\/\/roveyayinevi.com.tr\/index.php\/wp-json\/wp\/v2\/types\/product"}],"wp:attachment":[{"href":"https:\/\/roveyayinevi.com.tr\/index.php\/wp-json\/wp\/v2\/media?parent=731830"}],"wp:term":[{"taxonomy":"product_brand","embeddable":true,"href":"https:\/\/roveyayinevi.com.tr\/index.php\/wp-json\/wp\/v2\/product_brand?post=731830"},{"taxonomy":"product_cat","embeddable":true,"href":"https:\/\/roveyayinevi.com.tr\/index.php\/wp-json\/wp\/v2\/product_cat?post=731830"},{"taxonomy":"product_tag","embeddable":true,"href":"https:\/\/roveyayinevi.com.tr\/index.php\/wp-json\/wp\/v2\/product_tag?post=731830"}],"curies":[{"name":"wp","href":"https:\/\/api.w.org\/{rel}","templated":true}]}}