{"id":731829,"date":"2025-08-27T21:39:04","date_gmt":"2025-08-27T18:39:04","guid":{"rendered":"https:\/\/roveyayinevi.com.tr\/index.php\/urun\/israilil-a-plani\/"},"modified":"2026-04-16T02:39:48","modified_gmt":"2026-04-15T23:39:48","slug":"israilil-a-plani","status":"publish","type":"product","link":"https:\/\/roveyayinevi.com.tr\/index.php\/urun\/israilil-a-plani\/","title":{"rendered":"\u0130srail&#8217;il A Plan\u0131"},"content":{"rendered":"<p>Yahudi \u00dctopyas\u0131-D\u00fcnya H\u00fck\u00fcmeti planlar\u0131 her ge\u00e7en g\u00fcn biraz daha de\u015fifre olan \u0130srail, uyanan Ortado\u011fu halklar\u0131n\u0131 Vahhabi-S\u00fcnni \u00e7at\u0131\u015fmas\u0131yla m\u0131 dizginleyecek? Se\u00e7ilen d\u00fcnya halklar\u0131 \u00e7iplenip deney fareleri gibi mi ya\u015fat\u0131lacak? D\u00fcnyaya narsist bir \u0131rk m\u0131 geliyor? Kurulan dam\u0131zl\u0131k \u00e7iftliklerinde yeti\u015ftirilen D\u00fcnya Efendileri; uzun boylu, s\u0131k\u0131 v\u00fccutlu, yak\u0131\u015f\u0131kl\u0131 dehalardan m\u0131 olu\u015facak? \u0130srail metafizik istihbarat kuvvetlerinin yeti\u015ftirilip kullan\u0131ld\u0131\u011f\u0131 d\u00fcnyan\u0131n \u015eer \u00dc\u00e7geni neresi? Kontroll\u00fc A\u00e7l\u0131k Stratejisi&#8217;nin kriptosu Kuran\u2019daki Yusuf K\u0131ssas\u0131\u2019nda m\u0131 gizli? T\u00fcm \u0130slam d\u00fcnyas\u0131nda kutsal olan Hacer\u2019\u00fcl Esved ta\u015f\u0131 \u00e7al\u0131n\u0131rsa ne olur? Sion d\u00fcnya hakimiyet logosu hangi \u015fekilde tasarland\u0131? \u0130srail\u2019in kodlar\u0131n\u0131 de\u015fifre eden Ara\u015ft\u0131rmac\u0131 Yazar Hakan Y\u0131lmaz \u00c7ebi, bu defa \u0130srail\u2019in &#8220;A&#8221; plan\u0131n\u0131 sizlere sunuyor.<\/p>\n","protected":false},"excerpt":{"rendered":"<p>Yahudi \u00dctopyas\u0131-D\u00fcnya H\u00fck\u00fcmeti planlar\u0131 her ge\u00e7en g\u00fcn biraz daha de\u015fifre olan \u0130srail, uyanan Ortado\u011fu halklar\u0131n\u0131 Vahhabi-S\u00fcnni \u00e7at\u0131\u015fmas\u0131yla m\u0131 dizginleyecek? Se\u00e7ilen d\u00fcnya halklar\u0131 \u00e7iplenip deney fareleri gibi<span class=\"excerpt-hellip\"> [\u2026]<\/span><\/p>\n","protected":false},"featured_media":0,"template":"","meta":{"_monsterinsights_skip_tracking":false,"_monsterinsights_sitenote_active":false,"_monsterinsights_sitenote_note":"","_monsterinsights_sitenote_category":0},"product_brand":[],"product_cat":[12370,12304],"product_tag":[],"class_list":{"0":"post-731829","1":"product","2":"type-product","3":"status-publish","5":"product_cat-arastirma-inceleme","6":"product_cat-tarih","7":"pa_cilt-ciltsiz","8":"pa_tur-kitap","9":"pa_yayinevi-cinaralti-yayinlari","10":"pa_yazar-hakan-yilmaz-cebi","12":"first","13":"instock","14":"sale","15":"shipping-taxable","16":"purchasable","17":"product-type-simple"},"_links":{"self":[{"href":"https:\/\/roveyayinevi.com.tr\/index.php\/wp-json\/wp\/v2\/product\/731829","targetHints":{"allow":["GET"]}}],"collection":[{"href":"https:\/\/roveyayinevi.com.tr\/index.php\/wp-json\/wp\/v2\/product"}],"about":[{"href":"https:\/\/roveyayinevi.com.tr\/index.php\/wp-json\/wp\/v2\/types\/product"}],"wp:attachment":[{"href":"https:\/\/roveyayinevi.com.tr\/index.php\/wp-json\/wp\/v2\/media?parent=731829"}],"wp:term":[{"taxonomy":"product_brand","embeddable":true,"href":"https:\/\/roveyayinevi.com.tr\/index.php\/wp-json\/wp\/v2\/product_brand?post=731829"},{"taxonomy":"product_cat","embeddable":true,"href":"https:\/\/roveyayinevi.com.tr\/index.php\/wp-json\/wp\/v2\/product_cat?post=731829"},{"taxonomy":"product_tag","embeddable":true,"href":"https:\/\/roveyayinevi.com.tr\/index.php\/wp-json\/wp\/v2\/product_tag?post=731829"}],"curies":[{"name":"wp","href":"https:\/\/api.w.org\/{rel}","templated":true}]}}