{"id":731828,"date":"2025-08-27T21:39:03","date_gmt":"2025-08-27T18:39:03","guid":{"rendered":"https:\/\/roveyayinevi.com.tr\/index.php\/urun\/onu-affettim\/"},"modified":"2026-04-16T02:39:48","modified_gmt":"2026-04-15T23:39:48","slug":"onu-affettim","status":"publish","type":"product","link":"https:\/\/roveyayinevi.com.tr\/index.php\/urun\/onu-affettim\/","title":{"rendered":"O&#8217;nu Affettim"},"content":{"rendered":"<p>Siz hi\u00e7 sonsuzlukta sonsuzlu\u011fu Yaratan\u2019a k\u0131rg\u0131n olarak sonsuza kadar ya\u015fad\u0131n\u0131z m\u0131?\u0130mk\u00e2ns\u0131z ac\u0131lar insan zihninin kald\u0131ramayaca\u011f\u0131ndan sonsuz art\u0131 bir kadar b\u00fcy\u00fckt\u00fcr. Bizler, ya\u015fad\u0131\u011f\u0131m\u0131z bedenin \u00e7ekmemesi gereken s\u0131navlardan ge\u00e7iyoruz ve ebediyetle k\u0131yaslad\u0131\u011f\u0131m\u0131zda oras\u0131 i\u00e7in toz zerresi, buras\u0131 i\u00e7in u\u00e7suz bucaks\u0131z dertlerin i\u00e7inde sava\u015f\u0131yoruz.\u00dctopya evreninde ya\u015fayan bir avu\u00e7 insan, Distopya\u2019da ya\u015fayanlarla empati kurmaya \u00e7al\u0131\u015f\u0131yor ve onlara kendi ad\u0131ma te\u015fekk\u00fcr ediyorum. Bu \u2018\u00d6yk\u00fcle\u015ftirilmi\u015f Tiyatro Metni\u2019 onlar i\u00e7in yaz\u0131ld\u0131. Karma\u015fam\u0131z\u0131 asla ya\u015famay\u0131n.Anlat\u0131c\u0131 karakter tek bir ki\u015fi yahut bir\u00e7ok ki\u015fi, anlat\u0131lan hik\u00e2yedeki ki\u015fi kutsal bir varl\u0131k ya da bir insan, ya\u015fanm\u0131\u015fl\u0131klar bir can\u0131n \u00e7ekti\u011fi karma\u015fa veya canlar\u0131n hayatlar\u0131. Ne fark eder, hepsi de ayn\u0131 kelimelerin i\u00e7inde.Ay\u00e2sya\u2019n\u0131n dedi\u011fi gibi, \u201cEdebiyat karalamad\u0131r. Okurlar\u0131 iki \u00e7izgi aras\u0131nda y\u00fcr\u00fctmek de\u011fildir.\u201d Ben edebiyat\u00e7\u0131y\u0131m ve karalad\u0131m. Karalaman\u0131n i\u00e7inde kendi yolunu bulman\u0131z dile\u011fimle keyifli okumalar diliyorum. <\/p>\n","protected":false},"excerpt":{"rendered":"<p>Siz hi\u00e7 sonsuzlukta sonsuzlu\u011fu Yaratan\u2019a k\u0131rg\u0131n olarak sonsuza kadar ya\u015fad\u0131n\u0131z m\u0131?\u0130mk\u00e2ns\u0131z ac\u0131lar insan zihninin kald\u0131ramayaca\u011f\u0131ndan sonsuz art\u0131 bir kadar b\u00fcy\u00fckt\u00fcr. Bizler, ya\u015fad\u0131\u011f\u0131m\u0131z bedenin \u00e7ekmemesi gereken s\u0131navlardan<span class=\"excerpt-hellip\"> [\u2026]<\/span><\/p>\n","protected":false},"featured_media":0,"template":"","meta":{"_monsterinsights_skip_tracking":false,"_monsterinsights_sitenote_active":false,"_monsterinsights_sitenote_note":"","_monsterinsights_sitenote_category":0},"product_brand":[],"product_cat":[12409,12408],"product_tag":[],"class_list":{"0":"post-731828","1":"product","2":"type-product","3":"status-publish","5":"product_cat-fotograf-sinema-tiyatro","6":"product_cat-sanat","7":"pa_cilt-ciltsiz","8":"pa_tur-kitap","9":"pa_yayinevi-vaveyla-yayincilik","10":"pa_yazar-efsun-tanla","12":"first","13":"instock","14":"sale","15":"shipping-taxable","16":"purchasable","17":"product-type-simple"},"_links":{"self":[{"href":"https:\/\/roveyayinevi.com.tr\/index.php\/wp-json\/wp\/v2\/product\/731828","targetHints":{"allow":["GET"]}}],"collection":[{"href":"https:\/\/roveyayinevi.com.tr\/index.php\/wp-json\/wp\/v2\/product"}],"about":[{"href":"https:\/\/roveyayinevi.com.tr\/index.php\/wp-json\/wp\/v2\/types\/product"}],"wp:attachment":[{"href":"https:\/\/roveyayinevi.com.tr\/index.php\/wp-json\/wp\/v2\/media?parent=731828"}],"wp:term":[{"taxonomy":"product_brand","embeddable":true,"href":"https:\/\/roveyayinevi.com.tr\/index.php\/wp-json\/wp\/v2\/product_brand?post=731828"},{"taxonomy":"product_cat","embeddable":true,"href":"https:\/\/roveyayinevi.com.tr\/index.php\/wp-json\/wp\/v2\/product_cat?post=731828"},{"taxonomy":"product_tag","embeddable":true,"href":"https:\/\/roveyayinevi.com.tr\/index.php\/wp-json\/wp\/v2\/product_tag?post=731828"}],"curies":[{"name":"wp","href":"https:\/\/api.w.org\/{rel}","templated":true}]}}