{"id":731826,"date":"2025-08-27T21:39:01","date_gmt":"2025-08-27T18:39:01","guid":{"rendered":"https:\/\/roveyayinevi.com.tr\/index.php\/urun\/ulkeleri-taniyalim-mirketleri-bulalim-dedektif-sertifikasi-alalim\/"},"modified":"2026-04-16T02:39:48","modified_gmt":"2026-04-15T23:39:48","slug":"ulkeleri-taniyalim-mirketleri-bulalim-dedektif-sertifikasi-alalim","status":"publish","type":"product","link":"https:\/\/roveyayinevi.com.tr\/index.php\/urun\/ulkeleri-taniyalim-mirketleri-bulalim-dedektif-sertifikasi-alalim\/","title":{"rendered":"\u00dclkeleri Tan\u0131yal\u0131m Mirketleri Bulal\u0131m Dedektif Sertifikas\u0131 Alal\u0131m"},"content":{"rendered":"<p>Bizim haylaz mirketler d\u00fcnyay\u0131 ke\u015ffetmek, \u00fclkeleri tan\u0131mak i\u00e7in macera dolu bir yolculu\u011fa \u00e7\u0131k\u0131yor. Ama \u00f6ylesine h\u0131nz\u0131rlar ki, nereye gitseler saklan\u0131p g\u00f6zden kaybolmay\u0131 ba\u015far\u0131yorlar. Bu yaramazlar\u0131n nerede olduklar\u0131n\u0131 bulabilecek misin? G\u00f6revin, tabii kabul edersen, tam on tane mirketi gizlendikleri yerde bulmak. Dedektiflik yeteneklerine g\u00fcveniyoruz. G\u00f6revi ba\u015far\u0131yla tamamlarsan Dedektiflik Sertifikan da kitab\u0131n sonunda seni bekliyor\u2026   Haydi, macera ba\u015fl\u0131yor\u2026 <\/p>\n","protected":false},"excerpt":{"rendered":"<p>Bizim haylaz mirketler d\u00fcnyay\u0131 ke\u015ffetmek, \u00fclkeleri tan\u0131mak i\u00e7in macera dolu bir yolculu\u011fa \u00e7\u0131k\u0131yor. Ama \u00f6ylesine h\u0131nz\u0131rlar ki, nereye gitseler saklan\u0131p g\u00f6zden kaybolmay\u0131 ba\u015far\u0131yorlar. Bu yaramazlar\u0131n nerede<span class=\"excerpt-hellip\"> [\u2026]<\/span><\/p>\n","protected":false},"featured_media":0,"template":"","meta":{"_monsterinsights_skip_tracking":false,"_monsterinsights_sitenote_active":false,"_monsterinsights_sitenote_note":"","_monsterinsights_sitenote_category":0},"product_brand":[],"product_cat":[12913,12274],"product_tag":[],"class_list":{"0":"post-731826","1":"product","2":"type-product","3":"status-publish","5":"product_cat-3-6-yas-kitaplari","6":"product_cat-cocuk-ve-genclik-kitaplari","7":"pa_cilt-ciltsiz","8":"pa_tur-kitap","9":"pa_yayinevi-1001-cicek-kitaplar","10":"pa_yazar-jen-wainwright","12":"first","13":"instock","14":"sale","15":"shipping-taxable","16":"purchasable","17":"product-type-simple"},"_links":{"self":[{"href":"https:\/\/roveyayinevi.com.tr\/index.php\/wp-json\/wp\/v2\/product\/731826","targetHints":{"allow":["GET"]}}],"collection":[{"href":"https:\/\/roveyayinevi.com.tr\/index.php\/wp-json\/wp\/v2\/product"}],"about":[{"href":"https:\/\/roveyayinevi.com.tr\/index.php\/wp-json\/wp\/v2\/types\/product"}],"wp:attachment":[{"href":"https:\/\/roveyayinevi.com.tr\/index.php\/wp-json\/wp\/v2\/media?parent=731826"}],"wp:term":[{"taxonomy":"product_brand","embeddable":true,"href":"https:\/\/roveyayinevi.com.tr\/index.php\/wp-json\/wp\/v2\/product_brand?post=731826"},{"taxonomy":"product_cat","embeddable":true,"href":"https:\/\/roveyayinevi.com.tr\/index.php\/wp-json\/wp\/v2\/product_cat?post=731826"},{"taxonomy":"product_tag","embeddable":true,"href":"https:\/\/roveyayinevi.com.tr\/index.php\/wp-json\/wp\/v2\/product_tag?post=731826"}],"curies":[{"name":"wp","href":"https:\/\/api.w.org\/{rel}","templated":true}]}}