{"id":731824,"date":"2025-08-27T21:39:00","date_gmt":"2025-08-27T18:39:00","guid":{"rendered":"https:\/\/roveyayinevi.com.tr\/index.php\/urun\/hayir\/"},"modified":"2026-04-08T02:48:15","modified_gmt":"2026-04-07T23:48:15","slug":"hayir","status":"publish","type":"product","link":"https:\/\/roveyayinevi.com.tr\/index.php\/urun\/hayir\/","title":{"rendered":"Hay\u0131r!"},"content":{"rendered":"<p>Bir elimiz ye\u015fil, bir elimiz mavi; yanaklar\u0131m\u0131zda g\u00fcller, aln\u0131m\u0131zda laleler, dudaklar\u0131ndan bal akan M\u00fcsl\u00fcmanlar olmal\u0131y\u0131z. Ki ye\u015filler bahar tad\u0131nda, maviler denizler kadar \u00e7ekici ve ferahlat\u0131c\u0131 olsun. Bizi g\u00f6rmek istemeli g\u00f6zler ve g\u00f6n\u00fcller bizim i\u00e7in hasret \u00e7ekmeli. Vuslat da biz olmal\u0131y\u0131z, hasret de&#8230; Biz olmal\u0131y\u0131z gemilerin liman\u0131. \u00c7\u00f6llere ya\u011fan mis kokan, \u00e7i\u00e7ekleri filizlendiren ya\u011fmur biz olmal\u0131y\u0131z M\u00fcsl\u00fcmanlar olarak. Lale gibi zarif ama dik, yeri gelince ba\u015fak gibi dolu ve boynu e\u011fik&#8230; Seven, g\u00fcl\u00fcmseyen, mutluluk sa\u00e7an biz olmal\u0131y\u0131z. G\u00fczel ne varsa bizde durak bulmal\u0131. Kur\u2018an\u2019\u0131n huzuru, namaz\u0131n hu\u015fusu, kitab\u0131n kokusu biz olmal\u0131y\u0131z. C\u0131v\u0131l c\u0131v\u0131l, insan gibi insan, ku\u015flar gibi h\u00fcr, korkusuz ve \u00f6zg\u00fcr olanlar olmal\u0131y\u0131z. Sevgi de biz, a\u015fk da biz; ahlak da biz, d\u00fczen de biz olmal\u0131y\u0131z. En g\u00fczeller olmal\u0131y\u0131z. Ve asl\u0131m\u0131za d\u00f6nmeliyiz. \u00c7\u00fcnk\u00fc asl\u0131na d\u00f6nmeyen nesil kurtulamaz<\/p>\n","protected":false},"excerpt":{"rendered":"<p>Bir elimiz ye\u015fil, bir elimiz mavi; yanaklar\u0131m\u0131zda g\u00fcller, aln\u0131m\u0131zda laleler, dudaklar\u0131ndan bal akan M\u00fcsl\u00fcmanlar olmal\u0131y\u0131z. Ki ye\u015filler bahar tad\u0131nda, maviler denizler kadar \u00e7ekici ve ferahlat\u0131c\u0131 olsun.<span class=\"excerpt-hellip\"> [\u2026]<\/span><\/p>\n","protected":false},"featured_media":0,"template":"","meta":{"_monsterinsights_skip_tracking":false,"_monsterinsights_sitenote_active":false,"_monsterinsights_sitenote_note":"","_monsterinsights_sitenote_category":0},"product_brand":[],"product_cat":[12364,12376],"product_tag":[],"class_list":{"0":"post-731824","1":"product","2":"type-product","3":"status-publish","5":"product_cat-genel-konular","6":"product_cat-kisisel-gelisim","7":"pa_cilt-ciltsiz","8":"pa_tur-kitap","9":"pa_yayinevi-cinaralti-yayinlari","10":"pa_yazar-kubra-hulya-arici-sorrentino","12":"first","13":"instock","14":"sale","15":"shipping-taxable","16":"purchasable","17":"product-type-simple"},"_links":{"self":[{"href":"https:\/\/roveyayinevi.com.tr\/index.php\/wp-json\/wp\/v2\/product\/731824","targetHints":{"allow":["GET"]}}],"collection":[{"href":"https:\/\/roveyayinevi.com.tr\/index.php\/wp-json\/wp\/v2\/product"}],"about":[{"href":"https:\/\/roveyayinevi.com.tr\/index.php\/wp-json\/wp\/v2\/types\/product"}],"wp:attachment":[{"href":"https:\/\/roveyayinevi.com.tr\/index.php\/wp-json\/wp\/v2\/media?parent=731824"}],"wp:term":[{"taxonomy":"product_brand","embeddable":true,"href":"https:\/\/roveyayinevi.com.tr\/index.php\/wp-json\/wp\/v2\/product_brand?post=731824"},{"taxonomy":"product_cat","embeddable":true,"href":"https:\/\/roveyayinevi.com.tr\/index.php\/wp-json\/wp\/v2\/product_cat?post=731824"},{"taxonomy":"product_tag","embeddable":true,"href":"https:\/\/roveyayinevi.com.tr\/index.php\/wp-json\/wp\/v2\/product_tag?post=731824"}],"curies":[{"name":"wp","href":"https:\/\/api.w.org\/{rel}","templated":true}]}}