{"id":731822,"date":"2025-08-27T21:38:59","date_gmt":"2025-08-27T18:38:59","guid":{"rendered":"https:\/\/roveyayinevi.com.tr\/index.php\/urun\/hukuk-felsefesi-ve-hukuk-teorisi-rehberi\/"},"modified":"2026-04-16T02:39:48","modified_gmt":"2026-04-15T23:39:48","slug":"hukuk-felsefesi-ve-hukuk-teorisi-rehberi","status":"publish","type":"product","link":"https:\/\/roveyayinevi.com.tr\/index.php\/urun\/hukuk-felsefesi-ve-hukuk-teorisi-rehberi\/","title":{"rendered":"Hukuk Felsefesi ve Hukuk Teorisi Rehberi"},"content":{"rendered":"<p>Hukuk Felsefesi ve Hukuk Teorisi Rehberi okura, birbirleriyle yak\u0131ndan ba\u011flant\u0131l\u0131 bu iki alanda \u015fu anda mevcut bulunan tart\u0131\u015fma konular\u0131n\u0131n en \u00f6nemlileri i\u00e7in bir rehber sunmay\u0131 ama\u00e7l\u0131yor. Kitapta yer alan makaleler ele ald\u0131klar\u0131 konu hakk\u0131ndaki halihaz\u0131rdaki uzla\u015f\u0131y\u0131, neyin tart\u0131\u015f\u0131lmakta oldu\u011funu ve ihtilafl\u0131 alanlarda \u00f6ne \u00e7\u0131kan g\u00f6r\u00fc\u015fleri aktar\u0131yor.Her biri alan\u0131nda uzman isimler taraf\u0131ndan yaz\u0131lan makalelerin bir k\u0131sm\u0131 Hukuk Felsefesi ile Hukuk Teorisinin geleneksel \u00e7arp\u0131\u015fma alan\u0131 olan hukuk felsefesi ekollerini \u00f6z halinde sunarken, di\u011fer makaleler hukuka ait temel kavram ve kurumlar\u0131 felsefi sorgulamaya tabi tutuyor.Temel olarak Anglo-Amerikan hukuk d\u00fcnyas\u0131ndaki tart\u0131\u015fmalar\u0131 yans\u0131tan kitap, K\u0131ta Avrupas\u0131\u2019na ay\u0131rd\u0131\u011f\u0131 iki b\u00f6l\u00fcm yan\u0131nda ele ald\u0131\u011f\u0131 tart\u0131\u015fma konular\u0131n\u0131n evrenselli\u011fi sayesinde yerellikten kurtulmay\u0131 b\u00fcy\u00fck \u00f6l\u00e7\u00fcde ba\u015far\u0131yor.Hukuk Felsefesi ve Hukuk Teorisi Rehberi, ele ald\u0131\u011f\u0131 sorunlarla ilgili \u00f6nemli bir ba\u015fvuru metni mahiyetinde. Kitapta konu edilen sorunlar sadece hukuk\u00e7ulara veya hukuk felsefesine ilgi duyanlara de\u011fil; ahlak felsefesi, siyaset felsefesi, siyaset bilimi, siyaset teorisi ve kamu y\u00f6netimi alanlar\u0131ndaki felsefi ve kavramsal tart\u0131\u015fmalar\u0131 takip etmek isteyenlere de yak\u0131ndan sesleniyor..<\/p>\n","protected":false},"excerpt":{"rendered":"<p>Hukuk Felsefesi ve Hukuk Teorisi Rehberi okura, birbirleriyle yak\u0131ndan ba\u011flant\u0131l\u0131 bu iki alanda \u015fu anda mevcut bulunan tart\u0131\u015fma konular\u0131n\u0131n en \u00f6nemlileri i\u00e7in bir rehber sunmay\u0131 ama\u00e7l\u0131yor.<span class=\"excerpt-hellip\"> [\u2026]<\/span><\/p>\n","protected":false},"featured_media":0,"template":"","meta":{"_monsterinsights_skip_tracking":false,"_monsterinsights_sitenote_active":false,"_monsterinsights_sitenote_note":"","_monsterinsights_sitenote_category":0},"product_brand":[],"product_cat":[15350,17602],"product_tag":[],"class_list":{"0":"post-731822","1":"product","2":"type-product","3":"status-publish","5":"product_cat-hukuk","6":"product_cat-hukuk-uzerine","7":"pa_cilt-ciltsiz","8":"pa_tur-kitap","9":"pa_yayinevi-islik-yayinlari","10":"pa_yazar-martin-p-golding-william-a-edmundson","12":"first","13":"instock","14":"sale","15":"shipping-taxable","16":"purchasable","17":"product-type-simple"},"_links":{"self":[{"href":"https:\/\/roveyayinevi.com.tr\/index.php\/wp-json\/wp\/v2\/product\/731822","targetHints":{"allow":["GET"]}}],"collection":[{"href":"https:\/\/roveyayinevi.com.tr\/index.php\/wp-json\/wp\/v2\/product"}],"about":[{"href":"https:\/\/roveyayinevi.com.tr\/index.php\/wp-json\/wp\/v2\/types\/product"}],"wp:attachment":[{"href":"https:\/\/roveyayinevi.com.tr\/index.php\/wp-json\/wp\/v2\/media?parent=731822"}],"wp:term":[{"taxonomy":"product_brand","embeddable":true,"href":"https:\/\/roveyayinevi.com.tr\/index.php\/wp-json\/wp\/v2\/product_brand?post=731822"},{"taxonomy":"product_cat","embeddable":true,"href":"https:\/\/roveyayinevi.com.tr\/index.php\/wp-json\/wp\/v2\/product_cat?post=731822"},{"taxonomy":"product_tag","embeddable":true,"href":"https:\/\/roveyayinevi.com.tr\/index.php\/wp-json\/wp\/v2\/product_tag?post=731822"}],"curies":[{"name":"wp","href":"https:\/\/api.w.org\/{rel}","templated":true}]}}