{"id":731820,"date":"2025-08-27T21:38:56","date_gmt":"2025-08-27T18:38:56","guid":{"rendered":"https:\/\/roveyayinevi.com.tr\/index.php\/urun\/isanin-cocuklugu\/"},"modified":"2026-04-16T02:39:48","modified_gmt":"2026-04-15T23:39:48","slug":"isanin-cocuklugu","status":"publish","type":"product","link":"https:\/\/roveyayinevi.com.tr\/index.php\/urun\/isanin-cocuklugu\/","title":{"rendered":"\u0130sa&#8217;n\u0131n \u00c7ocuklu\u011fu"},"content":{"rendered":"<p>Okyanusu a\u015fan uzun bir deniz yolculu\u011funun sonunda bir adamla bir \u00e7ocu\u011fun bulundu\u011fu gemi karaya yana\u015f\u0131r. \u00c7ocu\u011fun, yani David\u2019in annesi kay\u0131plara kar\u0131\u015fm\u0131\u015ft\u0131r ve gemide tan\u0131\u015ft\u0131\u011f\u0131 Simon ona sahip \u00e7\u0131karak sorumlulu\u011funu \u00fczerine al\u0131r. Ayak bast\u0131klar\u0131 bu yeni \u00fclkede onlara yeni bir isim, yeni do\u011fum g\u00fcnleri ve yeni bir hayat verilir.   Bu iki yabanc\u0131 tan\u0131mad\u0131klar\u0131, gelenekleri ve dili hakk\u0131nda hi\u00e7bir \u015fey bilmedikleri bu \u00fclkede David\u2019in hi\u00e7 hat\u0131rlamad\u0131\u011f\u0131 annesini aramaya koyulurlar. Zira Simon onu g\u00f6r\u00fcr g\u00f6rmez tan\u0131yacaklar\u0131ndan emindir\u2026   Geneli diyaloglardan olu\u015fan bu alegorik ve tekinsiz roman okurlara tam bir edebiyat \u015f\u00f6leni sunuyor. \u00dc\u00e7lemenin ilk kitab\u0131 \u0130sa\u2019n\u0131n \u00c7ocuklu\u011fu\u2019nda \u00e7a\u011f\u0131m\u0131z\u0131n en b\u00fcy\u00fck yazarlar\u0131ndan J.M. Coetzee, Kafka ve Beckett gibi ustalar\u0131 aratmayacak bir cesaret ve yarat\u0131c\u0131l\u0131kla k\u00f6ks\u00fczl\u00fck, yersiz yurtsuzluk gibi g\u00fcn\u00fcm\u00fcze \u00f6zg\u00fc temalar\u0131 ele al\u0131yor.   \u201c\u0130sa\u2019n\u0131n \u00c7ocuklu\u011fu bizi hem gizemli hem de d\u00fc\u015fsel bir diyara g\u00f6t\u00fcr\u00fcyor\u2026 Anlam aray\u0131\u015f\u0131na dair Kafkaesk bir mesel anlat\u0131yor.\u201d Joyce Carol Oates     \u201cHer zamanki gibi J.M. Coetzee t\u00fcm kategorilerin elinden ustal\u0131kla kurtulmay\u0131 ba\u015far\u0131yor\u2026 Bu duru, veciz ve \u015fa\u015f\u0131rt\u0131c\u0131 \u00f6l\u00e7\u00fcde n\u00fckteli hik\u00e2ye imgeleminizde k\u00f6k sal\u0131yor.\u201d Boyd Tonkin <\/p>\n","protected":false},"excerpt":{"rendered":"<p>Okyanusu a\u015fan uzun bir deniz yolculu\u011funun sonunda bir adamla bir \u00e7ocu\u011fun bulundu\u011fu gemi karaya yana\u015f\u0131r. \u00c7ocu\u011fun, yani David\u2019in annesi kay\u0131plara kar\u0131\u015fm\u0131\u015ft\u0131r ve gemide tan\u0131\u015ft\u0131\u011f\u0131 Simon ona<span class=\"excerpt-hellip\"> [\u2026]<\/span><\/p>\n","protected":false},"featured_media":0,"template":"","meta":{"_monsterinsights_skip_tracking":false,"_monsterinsights_sitenote_active":false,"_monsterinsights_sitenote_note":"","_monsterinsights_sitenote_category":0},"product_brand":[],"product_cat":[12291,12711],"product_tag":[],"class_list":{"0":"post-731820","1":"product","2":"type-product","3":"status-publish","5":"product_cat-edebiyat","6":"product_cat-roman-oyku","7":"pa_cilt-ciltsiz","8":"pa_tur-kitap","9":"pa_yayinevi-can-yayinlari","10":"pa_yazar-j-m-coetzee","12":"first","13":"instock","14":"sale","15":"shipping-taxable","16":"purchasable","17":"product-type-simple"},"_links":{"self":[{"href":"https:\/\/roveyayinevi.com.tr\/index.php\/wp-json\/wp\/v2\/product\/731820","targetHints":{"allow":["GET"]}}],"collection":[{"href":"https:\/\/roveyayinevi.com.tr\/index.php\/wp-json\/wp\/v2\/product"}],"about":[{"href":"https:\/\/roveyayinevi.com.tr\/index.php\/wp-json\/wp\/v2\/types\/product"}],"wp:attachment":[{"href":"https:\/\/roveyayinevi.com.tr\/index.php\/wp-json\/wp\/v2\/media?parent=731820"}],"wp:term":[{"taxonomy":"product_brand","embeddable":true,"href":"https:\/\/roveyayinevi.com.tr\/index.php\/wp-json\/wp\/v2\/product_brand?post=731820"},{"taxonomy":"product_cat","embeddable":true,"href":"https:\/\/roveyayinevi.com.tr\/index.php\/wp-json\/wp\/v2\/product_cat?post=731820"},{"taxonomy":"product_tag","embeddable":true,"href":"https:\/\/roveyayinevi.com.tr\/index.php\/wp-json\/wp\/v2\/product_tag?post=731820"}],"curies":[{"name":"wp","href":"https:\/\/api.w.org\/{rel}","templated":true}]}}