{"id":731819,"date":"2025-08-27T21:38:55","date_gmt":"2025-08-27T18:38:55","guid":{"rendered":"https:\/\/roveyayinevi.com.tr\/index.php\/urun\/isyan-2\/"},"modified":"2026-04-16T02:39:48","modified_gmt":"2026-04-15T23:39:48","slug":"isyan-2","status":"publish","type":"product","link":"https:\/\/roveyayinevi.com.tr\/index.php\/urun\/isyan-2\/","title":{"rendered":"\u0130syan"},"content":{"rendered":"<p>Viyana 1919: Birinci D\u00fcnya Sava\u015f\u0131\u2019ndan tek baca\u011f\u0131n\u0131 kaybetmi\u015f olarak d\u00f6nen Andreas Pum, laterna \u00e7alarak ge\u00e7imini sa\u011flamak \u00fczere izin belgesi al\u0131r ve b\u00f6ylece bir h\u0131rs\u0131z, su\u00e7lu ya da dilenci olmaktan kurtulur. \u015eans y\u00fcz\u00fcne g\u00fclmeye ba\u015flam\u0131\u015ft\u0131r; evlenir. O art\u0131k iyi bir vatanda\u015f, mutlu bir adamd\u0131r. Fakat sosyal ko\u015fullar aleyhine d\u00f6n\u00fcnce bu durumun nedenlerini kavramakta zorlan\u0131r. Pum \u015fimdi d\u00fcnyan\u0131n adaletsizli\u011fiyle kar\u015f\u0131 kar\u015f\u0131yad\u0131r.  Joseph Roth, topluma ayak uydurmaya \u00e7al\u0131\u015fan bir insan\u0131n \u00e7aresizli\u011fini hayk\u0131rd\u0131\u011f\u0131 bu romanda sadece geride b\u0131rakt\u0131\u011f\u0131m\u0131z 20. y\u00fczy\u0131la \u00f6zg\u00fc bir krize de\u011fil, sosyal adaletsizli\u011fin h\u00fck\u00fcm s\u00fcrd\u00fc\u011f\u00fc t\u00fcm zamanlara dair de bir \u00f6yk\u00fc anlat\u0131yor. \u0130syan bu bak\u0131mdan zamans\u0131z bir anlat\u0131. <\/p>\n","protected":false},"excerpt":{"rendered":"<p>Viyana 1919: Birinci D\u00fcnya Sava\u015f\u0131\u2019ndan tek baca\u011f\u0131n\u0131 kaybetmi\u015f olarak d\u00f6nen Andreas Pum, laterna \u00e7alarak ge\u00e7imini sa\u011flamak \u00fczere izin belgesi al\u0131r ve b\u00f6ylece bir h\u0131rs\u0131z, su\u00e7lu ya<span class=\"excerpt-hellip\"> [\u2026]<\/span><\/p>\n","protected":false},"featured_media":0,"template":"","meta":{"_monsterinsights_skip_tracking":false,"_monsterinsights_sitenote_active":false,"_monsterinsights_sitenote_note":"","_monsterinsights_sitenote_category":0},"product_brand":[],"product_cat":[12291,12711],"product_tag":[],"class_list":{"0":"post-731819","1":"product","2":"type-product","3":"status-publish","5":"product_cat-edebiyat","6":"product_cat-roman-oyku","7":"pa_cilt-ciltsiz","8":"pa_tur-kitap","9":"pa_yayinevi-can-yayinlari","10":"pa_yazar-joseph-roth","12":"first","13":"instock","14":"sale","15":"shipping-taxable","16":"purchasable","17":"product-type-simple"},"_links":{"self":[{"href":"https:\/\/roveyayinevi.com.tr\/index.php\/wp-json\/wp\/v2\/product\/731819","targetHints":{"allow":["GET"]}}],"collection":[{"href":"https:\/\/roveyayinevi.com.tr\/index.php\/wp-json\/wp\/v2\/product"}],"about":[{"href":"https:\/\/roveyayinevi.com.tr\/index.php\/wp-json\/wp\/v2\/types\/product"}],"wp:attachment":[{"href":"https:\/\/roveyayinevi.com.tr\/index.php\/wp-json\/wp\/v2\/media?parent=731819"}],"wp:term":[{"taxonomy":"product_brand","embeddable":true,"href":"https:\/\/roveyayinevi.com.tr\/index.php\/wp-json\/wp\/v2\/product_brand?post=731819"},{"taxonomy":"product_cat","embeddable":true,"href":"https:\/\/roveyayinevi.com.tr\/index.php\/wp-json\/wp\/v2\/product_cat?post=731819"},{"taxonomy":"product_tag","embeddable":true,"href":"https:\/\/roveyayinevi.com.tr\/index.php\/wp-json\/wp\/v2\/product_tag?post=731819"}],"curies":[{"name":"wp","href":"https:\/\/api.w.org\/{rel}","templated":true}]}}