{"id":731818,"date":"2025-08-27T21:38:54","date_gmt":"2025-08-27T18:38:54","guid":{"rendered":"https:\/\/roveyayinevi.com.tr\/index.php\/urun\/yapay-zeka-is-basinda\/"},"modified":"2026-04-16T02:39:48","modified_gmt":"2026-04-15T23:39:48","slug":"yapay-zeka-is-basinda","status":"publish","type":"product","link":"https:\/\/roveyayinevi.com.tr\/index.php\/urun\/yapay-zeka-is-basinda\/","title":{"rendered":"Yapay Zeka \u0130\u015f Ba\u015f\u0131nda"},"content":{"rendered":"<p>Yapay Zek\u00e2 art\u0131k bilim kurgu de\u011fil, 21. y\u00fczy\u0131l\u0131n en \u00f6nemli i\u015f trendi!D\u00fcnyan\u0131n en ba\u015far\u0131l\u0131 \u015firketleri yapay zek\u00e2dan i\u015flerini d\u00f6n\u00fc\u015ft\u00fcrmek, verimlili\u011fi ve k\u00e2rl\u0131l\u0131\u011f\u0131 art\u0131rmak i\u00e7in yararlan\u0131yor.Yapay Zek\u00e2 \u0130\u015f Ba\u015f\u0131nda sosyal medyadan elektroni\u011fe, perakendeden nakliyeye, sa\u011fl\u0131ktan giyime \u00e7ok farkl\u0131 alanlardan 50 \u015firketi mercek alt\u0131na alarak yapay zek\u00e2y\u0131 nas\u0131l kulland\u0131klar\u0131n\u0131 inceliyor. \u00c7oksatan yazar ve yapay zek\u00e2 uzman\u0131 Bernard Marr makine \u00f6\u011frenmesi teknolojisinin i\u015f yapma \u015feklimizi nas\u0131l de\u011fi\u015ftirdi\u011fini anlat\u0131yor. 50 vaka \u00e7al\u0131\u015fmas\u0131n\u0131n her birinde \u015firketin kar\u015f\u0131la\u015ft\u0131\u011f\u0131 sorunu ve yapay zek\u00e2n\u0131n nas\u0131l bir \u00e7\u00f6z\u00fcm sundu\u011funu anla\u015f\u0131l\u0131r bir dille ortaya koyuyor.Yapay Zek\u00e2 \u0130\u015f Ba\u015f\u0131nda\u2019y\u0131 okudu\u011funuzda ba\u015far\u0131l\u0131 \u015firketlerin inovasyon ve makine \u00f6\u011frenmesi teknolojisiyle sorunlar\u0131n\u0131 nas\u0131l a\u015ft\u0131\u011f\u0131n\u0131 \u00f6\u011frenecek, g\u00fcncel yapay zek\u00e2 uygulamalar\u0131n\u0131n performans ve verimlilik art\u0131\u015f\u0131na nas\u0131l yard\u0131mc\u0131 olabilece\u011fine dair bir fikir edineceksiniz.Kendi i\u015finizi yapay zek\u00e2yla d\u00f6n\u00fc\u015ft\u00fcrmek istiyorsan\u0131z size ilham kayna\u011f\u0131 olacak 50 \u00f6rnek elinizin alt\u0131nda, tek bir kitapta.<\/p>\n","protected":false},"excerpt":{"rendered":"<p>Yapay Zek\u00e2 art\u0131k bilim kurgu de\u011fil, 21. y\u00fczy\u0131l\u0131n en \u00f6nemli i\u015f trendi!D\u00fcnyan\u0131n en ba\u015far\u0131l\u0131 \u015firketleri yapay zek\u00e2dan i\u015flerini d\u00f6n\u00fc\u015ft\u00fcrmek, verimlili\u011fi ve k\u00e2rl\u0131l\u0131\u011f\u0131 art\u0131rmak i\u00e7in yararlan\u0131yor.Yapay Zek\u00e2<span class=\"excerpt-hellip\"> [\u2026]<\/span><\/p>\n","protected":false},"featured_media":0,"template":"","meta":{"_monsterinsights_skip_tracking":false,"_monsterinsights_sitenote_active":false,"_monsterinsights_sitenote_note":"","_monsterinsights_sitenote_category":0},"product_brand":[],"product_cat":[13043,17647],"product_tag":[],"class_list":{"0":"post-731818","1":"product","2":"type-product","3":"status-publish","5":"product_cat-ekonomi","6":"product_cat-is-dunyasi","7":"pa_cilt-ciltsiz","8":"pa_tur-kitap","9":"pa_yayinevi-mediacat-kitaplari","10":"pa_yazar-bernard-marr-matt-ward","12":"first","13":"instock","14":"sale","15":"shipping-taxable","16":"purchasable","17":"product-type-simple"},"_links":{"self":[{"href":"https:\/\/roveyayinevi.com.tr\/index.php\/wp-json\/wp\/v2\/product\/731818","targetHints":{"allow":["GET"]}}],"collection":[{"href":"https:\/\/roveyayinevi.com.tr\/index.php\/wp-json\/wp\/v2\/product"}],"about":[{"href":"https:\/\/roveyayinevi.com.tr\/index.php\/wp-json\/wp\/v2\/types\/product"}],"wp:attachment":[{"href":"https:\/\/roveyayinevi.com.tr\/index.php\/wp-json\/wp\/v2\/media?parent=731818"}],"wp:term":[{"taxonomy":"product_brand","embeddable":true,"href":"https:\/\/roveyayinevi.com.tr\/index.php\/wp-json\/wp\/v2\/product_brand?post=731818"},{"taxonomy":"product_cat","embeddable":true,"href":"https:\/\/roveyayinevi.com.tr\/index.php\/wp-json\/wp\/v2\/product_cat?post=731818"},{"taxonomy":"product_tag","embeddable":true,"href":"https:\/\/roveyayinevi.com.tr\/index.php\/wp-json\/wp\/v2\/product_tag?post=731818"}],"curies":[{"name":"wp","href":"https:\/\/api.w.org\/{rel}","templated":true}]}}