{"id":731816,"date":"2025-08-27T21:38:53","date_gmt":"2025-08-27T18:38:53","guid":{"rendered":"https:\/\/roveyayinevi.com.tr\/index.php\/urun\/nitel-arastirmalarda-ornek-olay-yontemi\/"},"modified":"2026-04-16T02:39:48","modified_gmt":"2026-04-15T23:39:48","slug":"nitel-arastirmalarda-ornek-olay-yontemi","status":"publish","type":"product","link":"https:\/\/roveyayinevi.com.tr\/index.php\/urun\/nitel-arastirmalarda-ornek-olay-yontemi\/","title":{"rendered":"Nitel Ara\u015ft\u0131rmalarda \u00d6rnek Olay Y\u00f6ntemi"},"content":{"rendered":"<p>Kar\u015f\u0131la\u015ft\u0131rmal\u0131 \u00f6rnek olay \u00e7al\u0131\u015fmalar\u0131, e\u011fitim de dahil olmak \u00fczere \u00e7e\u015fitli sosyal ara\u015ft\u0131rma alanlar\u0131nda politikalar\u0131n ve uygulamalar\u0131n etkisini ara\u015ft\u0131rmak i\u00e7in etkili bir nitel ara\u00e7t\u0131r. Geleneksel \u00f6rnek olay yakla\u015f\u0131mlar\u0131n\u0131n yetersizli\u011fine cevaben geli\u015ftirilmi\u015f kar\u015f\u0131la\u015ft\u0131rmal\u0131 \u00f6rnek olay \u00e7al\u0131\u015fmalar\u0131, bilgiyi zamanda ve mek\u00e2nda sentezleyebildikleri i\u00e7in olduk\u00e7a etkilidir. \u201cRethinking Case Study Research A Comparative Approach\u201d isimli kitapta yazarlar, okurlar\u0131n kendi kar\u015f\u0131la\u015ft\u0131rmal\u0131 \u00f6rnek olay tasar\u0131mlar\u0131n\u0131 geli\u015ftirmelerine yar-d\u0131mc\u0131 olmak i\u00e7in kar\u015f\u0131la\u015ft\u0131rmal\u0131 \u00f6rnek olay \u00e7al\u0131\u015fmalar\u0131n\u0131n yatay, dikey ve \u00e7apraz eksenlerini tan\u0131mlam\u0131\u015f, a\u00e7\u0131klam\u0131\u015f ve \u00f6rneklendirmi\u015flerdir. Alt\u0131 k\u0131sa b\u00f6l\u00fcmde, iki uzman, bu yenilik\u00e7i yakla\u015f\u0131m\u0131n birden \u00e7ok sosyal alanda politika ve uygulaman\u0131n i\u015fleyi\u015fine nas\u0131l uyguland\u0131\u011f\u0131n\u0131 g\u00f6stermek i\u00e7in co\u011fraf\u00ee olarak ayr\u0131 Tanzanya\u2019dan Guatemala\u2019ya ve Birle\u015fik Devletler\u2019e \u00f6rnek olay \u00e7al\u0131\u015fmalar\u0131 kullanm\u0131\u015ft\u0131r. Antropolojiden, geli\u015fim ve politika ara\u015ft\u0131rmalar\u0131ndan \u00f6rnekler ve al\u0131\u015ft\u0131rmalar i\u00e7eren bu kitap, ara\u015ft\u0131rmac\u0131lar, \u00f6zellikle de e\u011fitim ve yorumlay\u0131c\u0131 sosyal bilimler alanlar\u0131nda e\u011fitim g\u00f6ren lisans\u00fcst\u00fc \u00f6\u011frencileri i\u00e7in yaz\u0131lm\u0131\u015ft\u0131r. Lesley Bartlett, ABD\u2019deki Wisconsin Madison \u00dcniversitesinin E\u011fitim Politikalar\u0131 Ara\u015ft\u0131rmalar\u0131 B\u00f6l\u00fcm\u00fcnde profes\u00f6r, Antropoloji B\u00f6l\u00fcm\u00fc ile E\u011fitim Programlar\u0131 ve \u00d6\u011fretim B\u00f6l\u00fcm\u00fcnde \u00f6\u011fretim \u00fcyesidir. Frances Vavrus, ABD\u2019deki Minnesota \u00dcniversitesinin Organizasyonel Liderlik, Politika ve Geli\u015fim B\u00f6l\u00fcm\u00fcnde profes\u00f6r ve Disiplinleraras\u0131 K\u00fcresel De\u011fi\u015fim Ara\u015ft\u0131rmalar\u0131 Merkezinde \u00f6\u011fretim \u00fcyesidir.<\/p>\n","protected":false},"excerpt":{"rendered":"<p>Kar\u015f\u0131la\u015ft\u0131rmal\u0131 \u00f6rnek olay \u00e7al\u0131\u015fmalar\u0131, e\u011fitim de dahil olmak \u00fczere \u00e7e\u015fitli sosyal ara\u015ft\u0131rma alanlar\u0131nda politikalar\u0131n ve uygulamalar\u0131n etkisini ara\u015ft\u0131rmak i\u00e7in etkili bir nitel ara\u00e7t\u0131r. Geleneksel \u00f6rnek olay<span class=\"excerpt-hellip\"> [\u2026]<\/span><\/p>\n","protected":false},"featured_media":0,"template":"","meta":{"_monsterinsights_skip_tracking":false,"_monsterinsights_sitenote_active":false,"_monsterinsights_sitenote_note":"","_monsterinsights_sitenote_category":0},"product_brand":[],"product_cat":[12573,12566],"product_tag":[],"class_list":{"0":"post-731816","1":"product","2":"type-product","3":"status-publish","5":"product_cat-akademik-kitaplar","6":"product_cat-egitim","7":"pa_cilt-ciltsiz","8":"pa_tur-kitap","9":"pa_yayinevi-ani-yayincilik","10":"pa_yazar-lesley-barlett-frances-vavrus","12":"first","13":"instock","14":"sale","15":"shipping-taxable","16":"purchasable","17":"product-type-simple"},"_links":{"self":[{"href":"https:\/\/roveyayinevi.com.tr\/index.php\/wp-json\/wp\/v2\/product\/731816","targetHints":{"allow":["GET"]}}],"collection":[{"href":"https:\/\/roveyayinevi.com.tr\/index.php\/wp-json\/wp\/v2\/product"}],"about":[{"href":"https:\/\/roveyayinevi.com.tr\/index.php\/wp-json\/wp\/v2\/types\/product"}],"wp:attachment":[{"href":"https:\/\/roveyayinevi.com.tr\/index.php\/wp-json\/wp\/v2\/media?parent=731816"}],"wp:term":[{"taxonomy":"product_brand","embeddable":true,"href":"https:\/\/roveyayinevi.com.tr\/index.php\/wp-json\/wp\/v2\/product_brand?post=731816"},{"taxonomy":"product_cat","embeddable":true,"href":"https:\/\/roveyayinevi.com.tr\/index.php\/wp-json\/wp\/v2\/product_cat?post=731816"},{"taxonomy":"product_tag","embeddable":true,"href":"https:\/\/roveyayinevi.com.tr\/index.php\/wp-json\/wp\/v2\/product_tag?post=731816"}],"curies":[{"name":"wp","href":"https:\/\/api.w.org\/{rel}","templated":true}]}}