{"id":731815,"date":"2025-08-27T21:38:52","date_gmt":"2025-08-27T18:38:52","guid":{"rendered":"https:\/\/roveyayinevi.com.tr\/index.php\/urun\/100-soruda-nitel-arastirma\/"},"modified":"2026-04-16T02:39:48","modified_gmt":"2026-04-15T23:39:48","slug":"100-soruda-nitel-arastirma","status":"publish","type":"product","link":"https:\/\/roveyayinevi.com.tr\/index.php\/urun\/100-soruda-nitel-arastirma\/","title":{"rendered":"100 Soruda Nitel Ara\u015ft\u0131rma"},"content":{"rendered":"<p>100 Soruda Nitel Ara\u015ft\u0131rma yeni ve k\u0131smen k\u0131demli ara\u015ft\u0131rmac\u0131lar taraf\u0131ndan s\u0131k\u00e7a sorulan sorulardan baz\u0131lar\u0131n\u0131 ele almaktad\u0131r. Karma y\u00f6ntem ara\u015ft\u0131rma ekiplerinin \u00fcyeleri, dan\u0131\u015fmanlar, ara\u015ft\u0131rma g\u00f6revlileri, \u00f6\u011frenciler, uygulay\u0131c\u0131 ara\u015ft\u0131rmac\u0131lar ve benzeri kimseler bu kitab\u0131 nitel ara\u015ft\u0131rma tasar\u0131m\u0131nda ortaya \u00e7\u0131kan temel konulara y\u00f6nelik bir kaynak olarak kullanabilir. Ama\u00e7, nitel ara\u015ft\u0131rma uygulamalar\u0131n\u0131 \u015fekillendiren temel konulardan baz\u0131lar\u0131n\u0131n ana hatlar\u0131n\u0131 ortaya koymakt\u0131r. Di\u011fer kaynaklara ek olarak kullan\u0131ld\u0131\u011f\u0131nda, bu kitap okuyucular\u0131n nitel ara\u015ft\u0131rmaya dair kapsaml\u0131 bir fikir elde etmelerine yard\u0131mc\u0131 olacakt\u0131r. Belli bir disiplin i\u00e7inde, belli bir metodoloji, ba\u011flam veya ara\u015ft\u0131rma uygulamas\u0131 hakk\u0131nda \u00f6\u011frenebilecekleri her \u015feyi \u00f6\u011frenmek isteyen okuyucular, ba\u015fvurabilecekleri \u00e7ok say\u0131da yay\u0131mlanm\u0131\u015f kaynak bulacakt\u0131r. Bu kitap, ara\u015ft\u0131rmac\u0131lar\u0131n nitel ara\u015ft\u0131rmay\u0131 tasarlarken ve uygularken sorduklar\u0131 s\u0131kl\u0131kla sorulan \u00f6nemli sorulara odaklanmaktad\u0131r. Cevaplar t\u00fcm ara\u015ft\u0131rmac\u0131lar\u0131n g\u00f6z \u00f6n\u00fcnde bulundurmas\u0131 gereken en dikkat \u00e7ekici konulardan baz\u0131lar\u0131 hakk\u0131nda rehberlik etmek i\u00e7in disipliner ve metodolojik s\u0131n\u0131rlar\u0131n \u00f6tesine ge\u00e7ecek \u015fekilde tasarlanm\u0131\u015ft\u0131r. Burada yer alan sorular, \u00f6\u011frencilerim, \u00e7al\u0131\u015ftay kat\u0131l\u0131mc\u0131lar\u0131, uygulay\u0131c\u0131lar ve ara\u015ft\u0131rmac\u0131 meslekta\u015flar\u0131m taraf\u0131ndan y\u0131llar boyunca bana sorulan (disiplinler aras\u0131) sorulard\u0131r. Kitap, ilave bilgi almaya y\u00f6nelik bir el kitab\u0131 olarak ve \u00f6nemli bir konuda h\u0131zl\u0131 cevap elde edebilmek i\u00e7in ilk \u00f6nce bak\u0131lacak bir kaynak olarak i\u015flev g\u00f6rmek \u00fczere tasarlanm\u0131\u015ft\u0131r. Kapsaml\u0131 bir soru listesi veya ilgili t\u00fcm yan\u0131tlara y\u00f6nelik kapsaml\u0131 bir k\u0131lavuz sunma amac\u0131 g\u00fcd\u00fclmemi\u015ftir. Halihaz\u0131rda nitel ara\u015ft\u0131rman\u0131n i\u00e7inde yer alanlar i\u00e7in bu kitap, yay\u0131nlarda ve \u00f6\u011fretimde kullan\u0131lacak bir terimin bilgi tazeleyici veya k\u0131sa bir tan\u0131m\u0131n\u0131 verebilir. Nitel ara\u015ft\u0131rmada yeni olanlar i\u00e7in ise nitel ara\u015ft\u0131rman\u0131n temel konular\u0131, zorluklar\u0131 ve faydalar\u0131na genel bir bak\u0131\u015f sa\u011flayacakt\u0131r.<\/p>\n","protected":false},"excerpt":{"rendered":"<p>100 Soruda Nitel Ara\u015ft\u0131rma yeni ve k\u0131smen k\u0131demli ara\u015ft\u0131rmac\u0131lar taraf\u0131ndan s\u0131k\u00e7a sorulan sorulardan baz\u0131lar\u0131n\u0131 ele almaktad\u0131r. Karma y\u00f6ntem ara\u015ft\u0131rma ekiplerinin \u00fcyeleri, dan\u0131\u015fmanlar, ara\u015ft\u0131rma g\u00f6revlileri, \u00f6\u011frenciler, uygulay\u0131c\u0131<span class=\"excerpt-hellip\"> [\u2026]<\/span><\/p>\n","protected":false},"featured_media":0,"template":"","meta":{"_monsterinsights_skip_tracking":false,"_monsterinsights_sitenote_active":false,"_monsterinsights_sitenote_note":"","_monsterinsights_sitenote_category":0},"product_brand":[],"product_cat":[12573,12566],"product_tag":[],"class_list":{"0":"post-731815","1":"product","2":"type-product","3":"status-publish","5":"product_cat-akademik-kitaplar","6":"product_cat-egitim","7":"pa_cilt-ciltsiz","8":"pa_tur-kitap","9":"pa_yayinevi-ani-yayincilik","10":"pa_yazar-lisa-m-given","12":"first","13":"instock","14":"sale","15":"shipping-taxable","16":"purchasable","17":"product-type-simple"},"_links":{"self":[{"href":"https:\/\/roveyayinevi.com.tr\/index.php\/wp-json\/wp\/v2\/product\/731815","targetHints":{"allow":["GET"]}}],"collection":[{"href":"https:\/\/roveyayinevi.com.tr\/index.php\/wp-json\/wp\/v2\/product"}],"about":[{"href":"https:\/\/roveyayinevi.com.tr\/index.php\/wp-json\/wp\/v2\/types\/product"}],"wp:attachment":[{"href":"https:\/\/roveyayinevi.com.tr\/index.php\/wp-json\/wp\/v2\/media?parent=731815"}],"wp:term":[{"taxonomy":"product_brand","embeddable":true,"href":"https:\/\/roveyayinevi.com.tr\/index.php\/wp-json\/wp\/v2\/product_brand?post=731815"},{"taxonomy":"product_cat","embeddable":true,"href":"https:\/\/roveyayinevi.com.tr\/index.php\/wp-json\/wp\/v2\/product_cat?post=731815"},{"taxonomy":"product_tag","embeddable":true,"href":"https:\/\/roveyayinevi.com.tr\/index.php\/wp-json\/wp\/v2\/product_tag?post=731815"}],"curies":[{"name":"wp","href":"https:\/\/api.w.org\/{rel}","templated":true}]}}