{"id":731814,"date":"2025-08-27T21:38:51","date_gmt":"2025-08-27T18:38:51","guid":{"rendered":"https:\/\/roveyayinevi.com.tr\/index.php\/urun\/endulus\/"},"modified":"2026-04-16T02:39:48","modified_gmt":"2026-04-15T23:39:48","slug":"endulus","status":"publish","type":"product","link":"https:\/\/roveyayinevi.com.tr\/index.php\/urun\/endulus\/","title":{"rendered":"End\u00fcl\u00fcs"},"content":{"rendered":"<p>711 y\u0131l\u0131nda Tar\u0131k bin Ziyad komutas\u0131nda Fas\u2019tan \u0130spanya\u2019ya ge\u00e7en Araplar ve Ma\u011fripliler k\u0131sa s\u00fcre i\u00e7inde \u0130ber Yar\u0131madas\u0131\u2019nda h\u00e2kim duruma geldiler. Yakla\u015f\u0131k 800 sene boyunca kald\u0131klar\u0131 b\u00f6lgede mimari, astronomi, matematik vb. alanlarda getirdikleri ba\u015far\u0131lar \u0130spanya ve Portekiz k\u00fclt\u00fcr\u00fcn\u00fc de \u015fekillendirdi. \u201cSanat, edebiyat ve bilim burada Avrupa\u2019n\u0131n ba\u015fka hi\u00e7bir yerinde g\u00f6r\u00fclmedik oranda geli\u015fti. Fransa, Almanya ve \u0130ngiltere\u2019den \u00f6\u011frenciler yaln\u0131zca M\u00fcsl\u00fcmanlar\u0131n kentlerinde ula\u015f\u0131lan bu bilgelik p\u0131nar\u0131nda susuzluklar\u0131n\u0131 dindirmek i\u00e7in buralara ak\u0131n ettiler.\u201d Uzun y\u0131llar boyunca British Museum ile ortakla\u015fa \u00e7al\u0131\u015fan ve Ortado\u011fu ve Kuzey Afrika k\u00fclt\u00fcr\u00fc ve mimarisi alanlar\u0131nda uzmanla\u015fan tarih\u00e7i ve arkeolog Stanley Lane-Poole y\u0131llar boyu s\u00fcren \u00f6zenli \u00e7al\u0131\u015fmalar\u0131 ve derlemelerini birle\u015ftirdi\u011fi bu kitapta End\u00fcl\u00fcs \u0130spanyas\u0131\u2019n\u0131n parlak bir resmini sunuyor. <\/p>\n","protected":false},"excerpt":{"rendered":"<p>711 y\u0131l\u0131nda Tar\u0131k bin Ziyad komutas\u0131nda Fas\u2019tan \u0130spanya\u2019ya ge\u00e7en Araplar ve Ma\u011fripliler k\u0131sa s\u00fcre i\u00e7inde \u0130ber Yar\u0131madas\u0131\u2019nda h\u00e2kim duruma geldiler. Yakla\u015f\u0131k 800 sene boyunca kald\u0131klar\u0131 b\u00f6lgede<span class=\"excerpt-hellip\"> [\u2026]<\/span><\/p>\n","protected":false},"featured_media":0,"template":"","meta":{"_monsterinsights_skip_tracking":false,"_monsterinsights_sitenote_active":false,"_monsterinsights_sitenote_note":"","_monsterinsights_sitenote_category":0},"product_brand":[],"product_cat":[12370,12304],"product_tag":[],"class_list":{"0":"post-731814","1":"product","2":"type-product","3":"status-publish","5":"product_cat-arastirma-inceleme","6":"product_cat-tarih","7":"pa_cilt-ciltsiz","8":"pa_tur-kitap","9":"pa_yayinevi-say-yayinlari","10":"pa_yazar-stanley-lane-poole-arthur-gilman","12":"first","13":"instock","14":"sale","15":"shipping-taxable","16":"purchasable","17":"product-type-simple"},"_links":{"self":[{"href":"https:\/\/roveyayinevi.com.tr\/index.php\/wp-json\/wp\/v2\/product\/731814","targetHints":{"allow":["GET"]}}],"collection":[{"href":"https:\/\/roveyayinevi.com.tr\/index.php\/wp-json\/wp\/v2\/product"}],"about":[{"href":"https:\/\/roveyayinevi.com.tr\/index.php\/wp-json\/wp\/v2\/types\/product"}],"wp:attachment":[{"href":"https:\/\/roveyayinevi.com.tr\/index.php\/wp-json\/wp\/v2\/media?parent=731814"}],"wp:term":[{"taxonomy":"product_brand","embeddable":true,"href":"https:\/\/roveyayinevi.com.tr\/index.php\/wp-json\/wp\/v2\/product_brand?post=731814"},{"taxonomy":"product_cat","embeddable":true,"href":"https:\/\/roveyayinevi.com.tr\/index.php\/wp-json\/wp\/v2\/product_cat?post=731814"},{"taxonomy":"product_tag","embeddable":true,"href":"https:\/\/roveyayinevi.com.tr\/index.php\/wp-json\/wp\/v2\/product_tag?post=731814"}],"curies":[{"name":"wp","href":"https:\/\/api.w.org\/{rel}","templated":true}]}}