{"id":731812,"date":"2025-08-27T21:38:49","date_gmt":"2025-08-27T18:38:49","guid":{"rendered":"https:\/\/roveyayinevi.com.tr\/index.php\/urun\/mutluluk-yeniden\/"},"modified":"2026-04-16T02:39:48","modified_gmt":"2026-04-15T23:39:48","slug":"mutluluk-yeniden","status":"publish","type":"product","link":"https:\/\/roveyayinevi.com.tr\/index.php\/urun\/mutluluk-yeniden\/","title":{"rendered":"Mutluluk  Yeniden"},"content":{"rendered":"<p>Serdar \u00d6zkan \u201cMutluluk Yeniden\u201d kitab\u0131yla kay\u0131p zaman\u0131n izinden giden bir adam\u0131n pe\u015finden sevginin anlam\u0131n\u0131 ar\u0131yor. 44 Dilde 100\u2019\u00fc a\u015fk\u0131n \u00fclkede okunan T\u00fcrk romanc\u0131 Serdar \u00d6zkan\u2019\u0131n kaleminden, hat\u0131rlamaya, hat\u0131rlananlar ile ge\u00e7mi\u015fte gizlenen mutlulu\u011fu ke\u015ffetmeye dair yeni bir roman. \u201cFark etmi\u015ftim ki, hayal ger\u00e7ek yapan, u\u00e7up giden ge\u00e7mi\u015fi \u015fimdiye ta\u015f\u0131yan, karanl\u0131\u011f\u0131 ayd\u0131nl\u0131\u011fa, \u00f6l\u00fcml\u00fcy\u00fc \u00f6l\u00fcms\u00fcze d\u00f6n\u00fc\u015ft\u00fcren sevgiydi. Her birimizin i\u00e7ine ge\u00e7mi\u015fte \u2013ana rahmindeyken, bebekken, \u00e7ocukken- usulca b\u0131rak\u0131lm\u0131\u015f, zamanla unuttu\u011fumuz, belle\u011fimizin, kalbimizin, ruhumuzun derinliklerinde gizlenen sevgi. Hat\u0131rlamam\u0131z laz\u0131md\u0131, bir hat\u0131rlama ser\u00fcvenine \u00e7\u0131kmam\u0131z. Ve hat\u0131rlad\u0131\u011f\u0131m\u0131zla ya\u015fad\u0131\u011f\u0131m\u0131z&#8230;\u201d <\/p>\n","protected":false},"excerpt":{"rendered":"<p>Serdar \u00d6zkan \u201cMutluluk Yeniden\u201d kitab\u0131yla kay\u0131p zaman\u0131n izinden giden bir adam\u0131n pe\u015finden sevginin anlam\u0131n\u0131 ar\u0131yor. 44 Dilde 100\u2019\u00fc a\u015fk\u0131n \u00fclkede okunan T\u00fcrk romanc\u0131 Serdar \u00d6zkan\u2019\u0131n kaleminden,<span class=\"excerpt-hellip\"> [\u2026]<\/span><\/p>\n","protected":false},"featured_media":0,"template":"","meta":{"_monsterinsights_skip_tracking":false,"_monsterinsights_sitenote_active":false,"_monsterinsights_sitenote_note":"","_monsterinsights_sitenote_category":0},"product_brand":[],"product_cat":[12291,12711],"product_tag":[],"class_list":{"0":"post-731812","1":"product","2":"type-product","3":"status-publish","5":"product_cat-edebiyat","6":"product_cat-roman-oyku","7":"pa_cilt-ciltsiz","8":"pa_tur-kitap","9":"pa_yayinevi-artemis-yayinlari","10":"pa_yazar-serdar-ozkan","12":"first","13":"instock","14":"sale","15":"shipping-taxable","16":"purchasable","17":"product-type-simple"},"_links":{"self":[{"href":"https:\/\/roveyayinevi.com.tr\/index.php\/wp-json\/wp\/v2\/product\/731812","targetHints":{"allow":["GET"]}}],"collection":[{"href":"https:\/\/roveyayinevi.com.tr\/index.php\/wp-json\/wp\/v2\/product"}],"about":[{"href":"https:\/\/roveyayinevi.com.tr\/index.php\/wp-json\/wp\/v2\/types\/product"}],"wp:attachment":[{"href":"https:\/\/roveyayinevi.com.tr\/index.php\/wp-json\/wp\/v2\/media?parent=731812"}],"wp:term":[{"taxonomy":"product_brand","embeddable":true,"href":"https:\/\/roveyayinevi.com.tr\/index.php\/wp-json\/wp\/v2\/product_brand?post=731812"},{"taxonomy":"product_cat","embeddable":true,"href":"https:\/\/roveyayinevi.com.tr\/index.php\/wp-json\/wp\/v2\/product_cat?post=731812"},{"taxonomy":"product_tag","embeddable":true,"href":"https:\/\/roveyayinevi.com.tr\/index.php\/wp-json\/wp\/v2\/product_tag?post=731812"}],"curies":[{"name":"wp","href":"https:\/\/api.w.org\/{rel}","templated":true}]}}