{"id":731811,"date":"2025-08-27T21:38:48","date_gmt":"2025-08-27T18:38:48","guid":{"rendered":"https:\/\/roveyayinevi.com.tr\/index.php\/urun\/kayip-tanrilar-ulkesi\/"},"modified":"2026-04-16T02:39:47","modified_gmt":"2026-04-15T23:39:47","slug":"kayip-tanrilar-ulkesi","status":"publish","type":"product","link":"https:\/\/roveyayinevi.com.tr\/index.php\/urun\/kayip-tanrilar-ulkesi\/","title":{"rendered":"Kay\u0131p Tanr\u0131lar \u00dclkesi"},"content":{"rendered":"<p>Ahmet \u00dcmit\u2019ten polisiyeyi arkeoloji ve mitolojiyle harmanlayan usta i\u015fi bir roman. Berlin Emniyet M\u00fcd\u00fcrl\u00fc\u011f\u00fc\u2019n\u00fcn cevval ba\u015fkomiseri Y\u0131ld\u0131z Karasu ve yard\u0131mc\u0131s\u0131 Tobias Becker, g\u00f6\u00e7menlerin, i\u015fgal evlerinin ve sokak sanat\u00e7\u0131lar\u0131n\u0131n renklendirdi\u011fi Berlin sokaklar\u0131ndan Bergama\u2019ya uzanan bir macerada, hayat\u0131 ve insanlar\u0131 yok etmeye muktedir s\u0131rlar\u0131n pe\u015finde bir seri cinayetler dizisini \u00e7\u00f6zmeye \u00e7al\u0131\u015f\u0131yor. Soru\u015fturman\u0131n T\u00fcrkiye aya\u011f\u0131nda s\u00fcrpriz bir ismin olaya dahil olmas\u0131yla heyecan\u0131n dozu gitgide art\u0131yor. Kay\u0131p Tanr\u0131lar \u00dclkesi, Zeus Altar\u0131 ve Pergamon Tap\u0131na\u011f\u0131\u2019n\u0131n g\u00f6lgesinde mitlere g\u00fcn\u00fcm\u00fczde yeniden hayat verirken, su\u00e7un \u00e7a\u011flar ve k\u00fclt\u00fcrler boyu de\u011fi\u015fmeyen do\u011fas\u0131n\u0131 bir tokat gibi y\u00fcz\u00fcm\u00fcze \u00e7arp\u0131yor. \u201cO y\u00fczden unuttuk dedi\u011finiz yerden ba\u015flayaca\u011f\u0131m. Unutman\u0131n bedelini \u00f6deyecek unutanlar. Cezalar\u0131n en \u015fiddetlisiyle \u00f6d\u00fcllendirilecek sayg\u0131s\u0131zl\u0131k yapanlar, kalbi yerinden \u00e7\u0131kar\u0131lacak beni kalbinden \u00e7\u0131karanlar\u0131n, y\u00fczlerinin derisi y\u00fcz\u00fclecek benden y\u00fcz \u00e7evirenlerin\u2026\u201d <\/p>\n","protected":false},"excerpt":{"rendered":"<p>Ahmet \u00dcmit\u2019ten polisiyeyi arkeoloji ve mitolojiyle harmanlayan usta i\u015fi bir roman. Berlin Emniyet M\u00fcd\u00fcrl\u00fc\u011f\u00fc\u2019n\u00fcn cevval ba\u015fkomiseri Y\u0131ld\u0131z Karasu ve yard\u0131mc\u0131s\u0131 Tobias Becker, g\u00f6\u00e7menlerin, i\u015fgal evlerinin ve<span class=\"excerpt-hellip\"> [\u2026]<\/span><\/p>\n","protected":false},"featured_media":0,"template":"","meta":{"_monsterinsights_skip_tracking":false,"_monsterinsights_sitenote_active":false,"_monsterinsights_sitenote_note":"","_monsterinsights_sitenote_category":0},"product_brand":[],"product_cat":[13835],"product_tag":[],"class_list":{"0":"post-731811","1":"product","2":"type-product","3":"status-publish","5":"product_cat-cok-satanlar","6":"pa_cilt-ciltsiz","7":"pa_tur-kitap","8":"pa_yayinevi-yapi-kredi-yayinlari","9":"pa_yazar-ahmet-umit","11":"first","12":"instock","13":"sale","14":"shipping-taxable","15":"purchasable","16":"product-type-simple"},"_links":{"self":[{"href":"https:\/\/roveyayinevi.com.tr\/index.php\/wp-json\/wp\/v2\/product\/731811","targetHints":{"allow":["GET"]}}],"collection":[{"href":"https:\/\/roveyayinevi.com.tr\/index.php\/wp-json\/wp\/v2\/product"}],"about":[{"href":"https:\/\/roveyayinevi.com.tr\/index.php\/wp-json\/wp\/v2\/types\/product"}],"wp:attachment":[{"href":"https:\/\/roveyayinevi.com.tr\/index.php\/wp-json\/wp\/v2\/media?parent=731811"}],"wp:term":[{"taxonomy":"product_brand","embeddable":true,"href":"https:\/\/roveyayinevi.com.tr\/index.php\/wp-json\/wp\/v2\/product_brand?post=731811"},{"taxonomy":"product_cat","embeddable":true,"href":"https:\/\/roveyayinevi.com.tr\/index.php\/wp-json\/wp\/v2\/product_cat?post=731811"},{"taxonomy":"product_tag","embeddable":true,"href":"https:\/\/roveyayinevi.com.tr\/index.php\/wp-json\/wp\/v2\/product_tag?post=731811"}],"curies":[{"name":"wp","href":"https:\/\/api.w.org\/{rel}","templated":true}]}}